{"id":98,"date":"2019-06-28T16:06:30","date_gmt":"2019-06-28T14:06:30","guid":{"rendered":"https:\/\/fgvt.htwsaar.de\/site\/?page_id=98"},"modified":"2019-11-15T09:15:09","modified_gmt":"2019-11-15T08:15:09","slug":"how-to-find-us","status":"publish","type":"page","link":"https:\/\/fgvt.htwsaar.de\/site\/en\/how-to-find-us\/","title":{"rendered":"How to find us"},"content":{"rendered":"\n<div class=\"wp-block-image\"><figure class=\"alignright is-resized\"><a href=\"https:\/\/fgvt.htwsaar.de\/site\/wp-content\/uploads\/2019\/07\/IMG_9453.jpg\" target=\"_blank\" rel=\"noreferrer noopener\"><img loading=\"lazy\" decoding=\"async\" src=\"https:\/\/fgvt.htwsaar.de\/site\/wp-content\/uploads\/2019\/07\/IMG_9453-200x300.jpg\" alt=\"\" class=\"wp-image-239\" width=\"200\" height=\"275\"\/><\/a><\/figure><\/div>\n\n\n\n<p><strong>Driving directions InnovationsCampus Saar<\/strong><\/p>\n\n\n\n<p>Hochschul-Technologie-Zentrum (HTW HTZ)<\/p>\n\n\n\n<p>Altenkesseler Stra\u00dfe 17, Geb. D2<br>66115 Saarbr\u00fccken<\/p>\n\n\n\n<p>HTZ-Office Ms. Wei\u00df:<br>Telephon: (0681) 58 67-347<br>Telefax: (0681) 58 67-445<\/p>\n\n\n\n<hr class=\"wp-block-separator\"\/>\n\n\n\n<p><\/p>\n\n\n\n<p><strong>by car<\/strong><\/p>\n\n\n\n<p>Via the A 620 (from both directions: Mannheim or Luxembourg):<br>Leave the motorway at exit 12 &#8222;Gersweiler, Burbach&#8220;. Turn left at the traffic light in the direction of &#8222;Burbach&#8220; (from here signposted &#8222;IT Park Saarland \/ InnovationsCampus&#8220;). Drive through this street until the end, then turn left at the traffic lights into the Bergstra\u00dfe (B51). At the next traffic light turn right into Jakobstra\u00dfe and cross the railway bridge. Then turn left at the second street (Altenkesseler Stra\u00dfe) and drive through to the Innovation Campus area. Follow the signs to the HTZ (Building D2 within the Innovation Campus area).<\/p>\n\n\n\n<p><strong>alternative<\/strong><br>After the exit 12 &#8222;Gersweiler, Burbach&#8220; over the bridge turn left into the Mettlacher Stra\u00dfe. Drive through this street until the end, then turn left at the traffic light into Luisenthaler Stra\u00dfe (B51) and at the next traffic light turn right into Georg-Heckel-Stra\u00dfe and drive through the roundabout &#8222;Innovationsring&#8220; until you reach the InnovationCampus area. Follow the signs to the HTZ (Building D2).<br> <br><strong>Arrival by bus and train from Saarbr\u00fccken Hauptbahnhof<\/strong> <br>Line 122 direction &#8222;F\u00fcllengarten Siedlung&#8220; to the stop IT Park Ost. From there a few meters by foot. The stop\n&#8222;IT Park Ost&#8220; is located directly next to the HTZ (building D2) or in\nthe opposite direction to the building C1.<\/p>\n\n\n\n<p><strong>Walk from railway stop &#8218;Burbach-Mitte&#8216; (only regional trains)<\/strong><br>Some regional trains or expressways stop in &#8218;Burbach-Mitte&#8216;. From here it is about 9 minutes walk to the HTZ. Leave the station via the ramp in the west towards the bridge. At the bridge turn north into Jakobstra\u00dfe and follow it for about 200 m. Then turn left into Altenkessler Stra\u00dfe; Signage &#8222;InnovationsCampus&#8220;. Follow the Altenkessler-Stra\u00dfe for approx. 400 m. The HTZ is located in building D2 on the right side.<\/p>\n\n\n\n<p><strong>Arrival by bus from htw saar Campus Alt-Saarbr\u00fccken<\/strong><br>Bus connection from the CAS (bus stop &#8222;HTW \/ SWS&#8220;) line 101 to &#8222;Im Malhofen&#8220;. Then 5 minutes walk through the Altenkesslerstra\u00dfe \/ Innovationsring.<\/p>\n\n\n\n<p><strong>Arriving by airplane from Saarbr\u00fccken-Ensheim Airport<\/strong><br>Either by taxi to the University Technology Center on the InnovationCampus Saar in Altenkesseler Stra\u00dfe 17 \/ D2 or by bus line R10 to Saarbr\u00fccken main station and before there line 122 direction &#8222;F\u00fcllengarten Siedlung&#8220; to the stop IT Park Ost. From there a few meters on foot. The stop &#8222;IT Park Ost&#8220; is located directly next to the HTZ (building D2) or in the opposite direction to the building C1.<\/p>\n","protected":false},"excerpt":{"rendered":"<p>Driving directions InnovationsCampus Saar Hochschul-Technologie-Zentrum (HTW HTZ) Altenkesseler Stra\u00dfe 17, Geb. D266115 Saarbr\u00fccken HTZ-Office Ms. Wei\u00df:Telephon: (0681) 58 67-347Telefax: (0681) 58 67-445 by car Via the A 620 (from both directions: Mannheim or Luxembourg):Leave the motorway at exit 12 &#8222;Gersweiler, Burbach&#8220;. Turn left at the traffic light in the direction [&hellip;]<\/p>\n","protected":false},"author":5,"featured_media":0,"parent":0,"menu_order":0,"comment_status":"closed","ping_status":"closed","template":"","meta":{"footnotes":""},"class_list":["post-98","page","type-page","status-publish","hentry"],"_links":{"self":[{"href":"https:\/\/fgvt.htwsaar.de\/site\/wp-json\/wp\/v2\/pages\/98","targetHints":{"allow":["GET"]}}],"collection":[{"href":"https:\/\/fgvt.htwsaar.de\/site\/wp-json\/wp\/v2\/pages"}],"about":[{"href":"https:\/\/fgvt.htwsaar.de\/site\/wp-json\/wp\/v2\/types\/page"}],"author":[{"embeddable":true,"href":"https:\/\/fgvt.htwsaar.de\/site\/wp-json\/wp\/v2\/users\/5"}],"replies":[{"embeddable":true,"href":"https:\/\/fgvt.htwsaar.de\/site\/wp-json\/wp\/v2\/comments?post=98"}],"version-history":[{"count":6,"href":"https:\/\/fgvt.htwsaar.de\/site\/wp-json\/wp\/v2\/pages\/98\/revisions"}],"predecessor-version":[{"id":251,"href":"https:\/\/fgvt.htwsaar.de\/site\/wp-json\/wp\/v2\/pages\/98\/revisions\/251"}],"wp:attachment":[{"href":"https:\/\/fgvt.htwsaar.de\/site\/wp-json\/wp\/v2\/media?parent=98"}],"curies":[{"name":"wp","href":"https:\/\/api.w.org\/{rel}","templated":true}]}}