{"id":96,"date":"2019-06-28T16:06:19","date_gmt":"2019-06-28T14:06:19","guid":{"rendered":"https:\/\/fgvt.htwsaar.de\/site\/?page_id=96"},"modified":"2019-11-15T08:59:57","modified_gmt":"2019-11-15T07:59:57","slug":"so-finden-sie-uns","status":"publish","type":"page","link":"https:\/\/fgvt.htwsaar.de\/site\/so-finden-sie-uns\/","title":{"rendered":"So finden Sie uns"},"content":{"rendered":"\n<h5 class=\"wp-block-heading\"><strong>Anfahrtsbeschreibung InnovationsCampus Saar<\/strong><br><a rel=\"noreferrer noopener\" href=\"https:\/\/fgvt.htwsaar.de\/public\/wp-content\/uploads\/2015\/07\/IMG_9453.jpg\" target=\"_blank\"><\/a><\/h5>\n\n\n\n<div class=\"wp-block-image\"><figure class=\"alignright is-resized\"><img loading=\"lazy\" decoding=\"async\" src=\"https:\/\/fgvt.htwsaar.de\/site\/wp-content\/uploads\/2019\/11\/So-finden-sie-uns-683x1024.jpg\" alt=\"\" class=\"wp-image-694\" width=\"224\" height=\"335\" srcset=\"https:\/\/fgvt.htwsaar.de\/site\/wp-content\/uploads\/2019\/11\/So-finden-sie-uns-683x1024.jpg 683w, https:\/\/fgvt.htwsaar.de\/site\/wp-content\/uploads\/2019\/11\/So-finden-sie-uns-200x300.jpg 200w, https:\/\/fgvt.htwsaar.de\/site\/wp-content\/uploads\/2019\/11\/So-finden-sie-uns-768x1152.jpg 768w, https:\/\/fgvt.htwsaar.de\/site\/wp-content\/uploads\/2019\/11\/So-finden-sie-uns.jpg 1024w\" sizes=\"auto, (max-width: 224px) 100vw, 224px\" \/><\/figure><\/div>\n\n\n\n<p>Hochschul-Technologie-Zentrum (HTW HTZ)<\/p>\n\n\n\n<p>Altenkesseler Stra\u00dfe 17, Geb. D2<br>66115 Saarbr\u00fccken<\/p>\n\n\n\n<p>HTZ-Sekretariat Frau Wei\u00df:<br>Telefon: (0681) 58 67-347<br>Telefax: (0681) 58 67-445<strong> <\/strong><\/p>\n\n\n\n<p><strong>Anreise mit dem Auto<\/strong><br>\u00dcber die A 620 (aus beiden Richtung: Mannheim oder Luxemburg):An der Ausfahrt 12 \u201cGersweiler, Burbach\u201d die Autobahn verlassen. An der Ampel in Richtung \u201cBurbach\u201d abbiegen (ab hier ausgeschildert &#8222;IT Park Saarland \/ InnovationsCampus\u201d). Diese Stra\u00dfe bis zum Ende durchfahren, dann an der Ampel links abbiegen in die Bergstra\u00dfe (B51). An der n\u00e4chsten Ampel nach rechts in die Jakobstra\u00dfe abbiegen und \u00fcber die Eisenbahnbr\u00fccke fahren. Danach die zweite Stra\u00dfe links abbiegen (Altenkesseler Stra\u00dfe) und bis zum InnovationsCampus-Gel\u00e4nde durchfahren. Folgen Sie der Beschilderung bis zum HTZ (Geb\u00e4ude D2 innerhalb des InnovationsCampus-Gel\u00e4ndes).<\/p>\n\n\n\n<p><strong><br>Alternative<\/strong><br>Nach der Ausfahrt 12 \u201cGersweiler, Burbach\u201c \u00fcber die Br\u00fccke links in die Mettlacher Stra\u00dfe einbiegen. Diese Stra\u00dfe bis zum Ende durchfahren, dann an der Ampel links in die Luisenthaler Stra\u00dfe (B51) einbiegen und an der n\u00e4chsten Ampel rechts in die Georg-Heckel-Stra\u00dfe abbiegen und ab dem Kreisel \u201eInnovationsring\u201c bis zum InnovationsCampus-Gel\u00e4nde durchfahren. Folgen Sie der Beschilderung bis zum HTZ (Geb\u00e4ude D2).<strong><br><\/strong><\/p>\n\n\n\n<p><strong>Anreise mit Bus und Bahn ab Saarbr\u00fccken Hauptbahnhof<\/strong><br>Linie 122 Richtung &#8222;F\u00fcllengarten Siedlung&#8220; bis zur Haltestelle IT Park Ost. Von da einige Meter zu Fu\u00df. Die Haltestelle \u201eIT Park Ost\u201c befindet sich direkt neben dem HTZ (Geb\u00e4ude D2) bzw. in der Gegenrichtung am Geb\u00e4ude C1.&nbsp;<strong><br><\/strong><\/p>\n\n\n\n<p><strong>Fu\u00dfweg ab Bahnhaltepunkt &#8218;Burbach-Mitte&#8216; (nur Regionalz\u00fcge)<\/strong><br>Einige Regionalbahnen bzw. -expreses halten in &#8218;Burbach-Mitte&#8216;. Von hier sind es ca. 9 Minuten Fu\u00dfweg zum HTZ. Den Bahnhof \u00fcber die Rampe im Westen in Richtung der Br\u00fccke verlassen. An der Br\u00fccke in n\u00f6rdlicher Richtung in die Jakobstra\u00dfe einbiegen und dieser ca. 200 m folgen. Dann links in die Altenkessler Stra\u00dfe abbiegen; Beschilderung &#8222;InnovationsCampus&#8220;. Der Altenkessler-Stra\u00dfe ca. 400 m folgen. Das HTZ befindet sich im Geb\u00e4ude D2 auf der rechten Seite.&nbsp;<\/p>\n\n\n\n<figure><iframe loading=\"lazy\" src=\"https:\/\/www.google.com\/maps\/embed?pb=!1m22!1m8!1m3!1d2604.709050930177!2d6.9388891!3d49.2440052!3m2!1i1024!2i768!4f13.1!4m11!3e3!4m5!1s0x4795b17b7baceed3%3A0x60c130795985671d!2sBurbach+Mitte+Deutschland!3m2!1d49.243610999999994!2d6.944932!4m3!3m2!1d49.2449987!2d6.9371741!5e0!3m2!1sde!2sde!4v1486398369230\" allowfullscreen=\"allowfullscreen\" width=\"600\" height=\"450\"><\/iframe><\/figure>\n\n\n\n<p><strong> Anreise mit dem Bus ab htw saar Campus Alt-Saarbr\u00fccken<br><\/strong>Busverbindung vom CAS (Haltestelle \u201eHTW\/SWS\u201c) \u2013Linie 101 Bis \u201eIm Malhofen\u201c; dann 5 Minuten Fu\u00dfweg durch die Altenkesslerstra\u00dfe\/Innovationsring.<\/p>\n\n\n\n<p><strong>Anreise mit dem Flugzeug ab Flughafen Saarbr\u00fccken-Ensheim<\/strong><br>Entweder mit dem Taxi zum Hochschul-Technologie-Zentrum auf dem InnovationsCampus Saar in der Altenkesseler Stra\u00dfe 17\/D2 oder aber mit dem Bus der Linie R10 zum Saarbr\u00fccker Hauptbahnhof und vor dort Linie 122 Richtung &#8222;F\u00fcllengarten Siedlung&#8220; bis zur Haltestelle IT Park Ost. Von da einige Meter zu Fu\u00df. Die Haltestelle \u201eIT Park Ost\u201c befindet sich direkt neben dem HTZ (Geb\u00e4ude D2) bzw. in der Gegenrichtung am Geb\u00e4ude C1.<\/p>\n\n\n\n<hr class=\"wp-block-separator\"\/>\n","protected":false},"excerpt":{"rendered":"<p>Anfahrtsbeschreibung InnovationsCampus Saar Hochschul-Technologie-Zentrum (HTW HTZ) Altenkesseler Stra\u00dfe 17, Geb. D266115 Saarbr\u00fccken HTZ-Sekretariat Frau Wei\u00df:Telefon: (0681) 58 67-347Telefax: (0681) 58 67-445 Anreise mit dem Auto\u00dcber die A 620 (aus beiden Richtung: Mannheim oder Luxemburg):An der Ausfahrt 12 \u201cGersweiler, Burbach\u201d die Autobahn verlassen. An der Ampel in Richtung \u201cBurbach\u201d abbiegen (ab [&hellip;]<\/p>\n","protected":false},"author":1,"featured_media":0,"parent":0,"menu_order":0,"comment_status":"closed","ping_status":"closed","template":"","meta":{"footnotes":""},"class_list":["post-96","page","type-page","status-publish","hentry"],"_links":{"self":[{"href":"https:\/\/fgvt.htwsaar.de\/site\/wp-json\/wp\/v2\/pages\/96","targetHints":{"allow":["GET"]}}],"collection":[{"href":"https:\/\/fgvt.htwsaar.de\/site\/wp-json\/wp\/v2\/pages"}],"about":[{"href":"https:\/\/fgvt.htwsaar.de\/site\/wp-json\/wp\/v2\/types\/page"}],"author":[{"embeddable":true,"href":"https:\/\/fgvt.htwsaar.de\/site\/wp-json\/wp\/v2\/users\/1"}],"replies":[{"embeddable":true,"href":"https:\/\/fgvt.htwsaar.de\/site\/wp-json\/wp\/v2\/comments?post=96"}],"version-history":[{"count":4,"href":"https:\/\/fgvt.htwsaar.de\/site\/wp-json\/wp\/v2\/pages\/96\/revisions"}],"predecessor-version":[{"id":695,"href":"https:\/\/fgvt.htwsaar.de\/site\/wp-json\/wp\/v2\/pages\/96\/revisions\/695"}],"wp:attachment":[{"href":"https:\/\/fgvt.htwsaar.de\/site\/wp-json\/wp\/v2\/media?parent=96"}],"curies":[{"name":"wp","href":"https:\/\/api.w.org\/{rel}","templated":true}]}}