{"id":84,"date":"2019-06-28T16:04:50","date_gmt":"2019-06-28T14:04:50","guid":{"rendered":"https:\/\/fgvt.htwsaar.de\/site\/?page_id=84"},"modified":"2020-09-15T10:07:15","modified_gmt":"2020-09-15T08:07:15","slug":"item-its-testfeld-merzig","status":"publish","type":"page","link":"https:\/\/fgvt.htwsaar.de\/site\/item-its-testfeld-merzig\/","title":{"rendered":"ITeM \u2013 ITS Testfeld Merzig"},"content":{"rendered":"\n<div class=\"wp-block-image\"><figure class=\"aligncenter size-large is-resized\"><a href=\"https:\/\/item.htwsaar.de\" target=\"_blanket\" rel=\"noopener noreferrer\"><img loading=\"lazy\" decoding=\"async\" src=\"https:\/\/fgvt.htwsaar.de\/site\/wp-content\/uploads\/2020\/02\/item_logo.png\" alt=\"\" class=\"wp-image-1027\" width=\"324\" height=\"222\" srcset=\"https:\/\/fgvt.htwsaar.de\/site\/wp-content\/uploads\/2020\/02\/item_logo.png 767w, https:\/\/fgvt.htwsaar.de\/site\/wp-content\/uploads\/2020\/02\/item_logo-300x206.png 300w\" sizes=\"auto, (max-width: 324px) 100vw, 324px\" \/><\/a><\/figure><\/div>\n\n\n\n<p><strong>Intelligente Verkehrssysteme<\/strong><\/p>\n\n\n\n<p><strong><em>FGVT startet innovatives Forschungsprojekt in Merzig<\/em><\/strong><\/p>\n\n\n\n<p><em>Kreuzungen an Rathaus und Landratsamt werden seit September 2014 mit speziellen Kommunikationssystemen ausgestattet<\/em><\/p>\n\n\n\n<p>Die Forderung nach mehr Sicherheit, Umweltfreundlichkeit und Effizienz im Stra\u00dfenverkehr hat in der j\u00fcngsten Vergangenheit zur Realisierung einer Reihe von Forschungsprojekten im Bereich intelligenter Verkehrssysteme (IVS) bzw. engl. Intelligent Transportation Systems (ITS) gef\u00fchrt. Das Konzept umfasst die Kommunikation von Fahrzeugen untereinander und der Kommunikation mit der Verkehrsinfrastruktur. Die sogenannte Fahrzeug zu Infrastruktur Kommunikation (Vehicle-to-Infrastructure &#8211; V2I oder auch Car-to-Infrastructure &#8211; C2I) kann \u00fcber hybride Zugangsnetzwerke realisiert werden. Als Datenquelle liefert das Fahrzeug Informationen \u00fcber aktuelle Gefahrensituationen, die Verkehrslage, Umleitungsempfehlungen, Parkpl\u00e4tze oder das Wetter an andere an das System angeschlossene Verkehrsteilnehmer(innen). Weiterhin liefern sie statistische Daten zur Anpassung und Verbesserung von Verkehrsknotenpunkten und -systemen. Als Senke wird das Fahrzeug vor aktuellen, f\u00fcr das Fahrzeug relevanten, Gefahren gewarnt oder mit zus\u00e4tzlichen Informationen zur Effizienzsteigerung (z.B. individuelles und \u00f6konomisches Umleitungsmanagement) bzw. auch Mehrwertinformationen (z.B. Wetterinformationen oder Parkraummanagement) versorgt.<\/p>\n\n\n\n<p><strong>Allgemeine Ziele<br><\/strong><\/p>\n\n\n\n<p>Das geplante Vorhaben verfolgt den Ansatz ITS-Servicetests abseits von Gro\u00dfprojekten f\u00fcr kleine und mittelst\u00e4ndische Unternehmen zur Verf\u00fcgung zu stellen. Die Industrie soll somit in enger Zusammenarbeit mit der htw saar in die Lage versetzt werden, flexibel und unabh\u00e4ngig Know-How schaffen zu k\u00f6nnen, was angesichts der geplanten Markteinf\u00fchrung von ITS bis zum Jahr 2017 zu einem wettbewerblichen Vorteil von mit dem Testfeld kooperierenden Unternehmen und einem technologischen und strukturellen Vorteil f\u00fcr die Region f\u00fchren wird. Die htw saar wird in die Lage versetzt ihre angewandte Forschung auf dem Gebiet der ITS weiter auszubauen und die somit gewonnenen Erkenntnisse in unterschiedliche Standardisierungsgremien und Projektkonsortien einflie\u00dfen zu lassen sowie neue Forschungsinitiativen zu unternehmen. Die Teilaspekte nachhaltige Mobilit\u00e4t, sichere Identit\u00e4t und Kommunikation bilden Kernaspekte der ITS-Forschung und Entwicklung. Die ortsans\u00e4ssige Industrie, ebenso wie die Stadt, profitieren von der Schaffung eines solchen Technologiezentrums. Die Forschung und Entwicklung auf diesem k\u00fcnftig so wichtigen Themenfeld in einer regionalen Umgebung und einer, im Unterschied zu anderen Testfeldern, einzigartigen Konfiguration und Zug\u00e4nglichkeit bedeutet vielf\u00e4ltige Kooperationsm\u00f6glichkeiten, eine Vorreiterrolle auf dem Gebiet der ITS-Systemvalidierung, die Grundlage f\u00fcr eine Steigerung der lokalen Verkehrseffizienz und eine St\u00e4rkung der Region als Ganzes.<\/p>\n\n\n\n<p><strong>Bisher durchgef\u00fchrt<br><\/strong><\/p>\n\n\n\n<ul class=\"wp-block-list\"><li>Ausr\u00fcstung von 4 Verkehrsknotenpunkten (zentrale Kreuzungen) mit ITS-Infrastrukturkomponenten, zur Erfassung und Sammlung von Daten die von Testfahrzeugen gesendet werden<\/li><li>Ausr\u00fcstung der Knotenpunkte mit Verkehrskameras zur optischen Validierung von Testdaten<\/li><li>Konstruktion mobiler Einheiten f\u00fcr Fahrzeuge<\/li><li>Zusammenfassung der Hardware einer Kreuzungsanlage zu einer \u201emobilen Roadside-Station\u201c (engl. ITS Roadside Station, IRS)<\/li><li>Ausr\u00fcstung von Fahrzeugen des \u00f6ffentlichen Personennahverkehrs zur Nutzung als permamente Datengeber neben den Testfahrzeugen<\/li><li>Errichtung einer Serverzentrale inklusive Bedienarbeitspl\u00e4tzen, die mittels Mobilfunkkommunikation mit dem Testfeld verbunden wird<\/li><li>Bereitstellung von Anwendungs- und Analysesystemen zur Verarbeitung der Testfelddaten<\/li><li>Errichtung eines Storage Area Networks zur Speicherung der generierten Daten<\/li><li>Inbetriebnahme von parallelen Datenschnittstellen zur Aggregation bereits vorhandener Daten der bestehenden Verkehrsinfrastruktur mit Daten aus dem Testfeld<\/li><li>Miteinbeziehung von Industriepartnern zur Entwicklung von Day One\/Two Usecases (z.B. Ampelphasenassistent)<\/li><\/ul>\n\n\n\n<div class=\"wp-block-image\"><figure class=\"aligncenter size-large\"><a href=\"..\/..\/wp-content\/uploads\/2015\/07\/volleBreite1.jpg\"><img loading=\"lazy\" decoding=\"async\" width=\"1024\" height=\"648\" src=\"https:\/\/fgvt.htwsaar.de\/site\/wp-content\/uploads\/2020\/03\/volleBreite1-1024x648.jpg\" alt=\"\" class=\"wp-image-1290\" srcset=\"https:\/\/fgvt.htwsaar.de\/site\/wp-content\/uploads\/2020\/03\/volleBreite1-1024x648.jpg 1024w, https:\/\/fgvt.htwsaar.de\/site\/wp-content\/uploads\/2020\/03\/volleBreite1-300x190.jpg 300w, https:\/\/fgvt.htwsaar.de\/site\/wp-content\/uploads\/2020\/03\/volleBreite1-768x486.jpg 768w, https:\/\/fgvt.htwsaar.de\/site\/wp-content\/uploads\/2020\/03\/volleBreite1-1536x972.jpg 1536w, https:\/\/fgvt.htwsaar.de\/site\/wp-content\/uploads\/2020\/03\/volleBreite1.jpg 1579w\" sizes=\"auto, (max-width: 1024px) 100vw, 1024px\" \/><\/a><figcaption><center>Darstellung einer Testkreuzung mit Anbindung an die Zentrale \u00a9 ITeM<\/center><\/figcaption><\/figure><\/div>\n\n\n\n<div class=\"wp-block-image\"><figure class=\"alignright size-large\"><a href=\"..\/..\/wp-content\/uploads\/2015\/07\/On-Board-Unit.jpg\"><img loading=\"lazy\" decoding=\"async\" width=\"300\" height=\"200\" src=\"https:\/\/fgvt.htwsaar.de\/site\/wp-content\/uploads\/2020\/03\/On-Board-Unit-300x200-1.jpg\" alt=\"\" class=\"wp-image-1291\"\/><\/a><\/figure><\/div>\n\n\n\n<p>\u201eF\u00fcr dieses Vorhaben haben wir die Kreisstadt Merzig aufgrund ihrer Charakteristik als Kleinstadt mit moderner Verkehrsinfrastruktur ausgew\u00e4hlt\u201c, erl\u00e4uterte Projektleiter Wieker. \u201eDas signifikante Verkehrsaufkommen durch den Autobahnanschluss sowie die Funktion als Verkehrsknotenpunkt machen die Stadt aus Sicht der Verkehrsforschung zu einem interessanten Standort\u201c, erkl\u00e4rten Florian Petry, M.Sc. und Matthias Scholtes, M.Sc. von der Forschungsgruppe. Im Projektverlauf werden die vier Kreuzungen am Rathaus, am Landratsamt, am Kaufland-Kreisel sowie die Ab- bzw. Auffahrt in und aus Richtung B51 zwischen Hilbringer Br\u00fccke und Kaufland-Kreisel mit speziellen technischen Ger\u00e4ten ausger\u00fcstet. Sie dienen der Erfassung und Sammlung von Daten, die von den Testfahrzeugen geliefert werden. Eine Kooperation mit dem \u00f6ffentlichen Personennahverkehr ist geplant, um Busse als permanente Datengeber zu involvieren. F\u00fcr eine Validierung der gesammelten Testdaten sind spezielle Kameras zur Erfassung der aktuellen Verkehrslage und der Testfahrzeuge vorgesehen. Das Testfeld wird die Daten \u00fcber Mobilfunk mit einer Zentrale austauschen.<\/p>\n\n\n\n<p>\u201eDas Thema Optimierung des innerst\u00e4dtischen Verkehrsflusses nimmt in der Kreisstadt Merzig einen hohen Stellenwert ein\u201c, betonte B\u00fcrgermeister Marcus Hoffeld. Vor diesem Hintergrund unterst\u00fctze das Projekt \u201eIntelligente Verkehrssysteme Testfeld Merzig\u201c die Stadt, indem es durch die gewonnenen Daten und Statistiken weitere wichtige Informationen liefere, \u201edie wir als Kommune ggfls. im Rahmen unserer Anstrengungen zur Verbesserung der Verkehrssituation verwenden k\u00f6nnen.\u201c Dar\u00fcber hinaus, so Hoffeld, sei mit diesem innovativen Forschungsprojekt der htw saar ein Imagegewinn f\u00fcr die Kreisstadt Merzig verbunden, da der Name der Stadt aufgrund der bundesweiten Ausstrahlungskraft des Projektes in die komplette Republik transportiert werde. \u201eWir wollen die Studierenden bei ihrer Arbeit unterst\u00fctzen\u201c, k\u00fcndigte Hoffeld an und wies darauf hin, dass dieses bundesweite Projekt mit F\u00f6rdergeldern in erheblichem Umfang bedacht werde.<\/p>\n\n\n\n<div class=\"wp-block-image\"><figure class=\"alignleft size-large is-resized\"><a href=\"https:\/\/fgvt.htwsaar.de\/public\/wp-content\/uploads\/2015\/07\/Testfeld.jpg\"><img loading=\"lazy\" decoding=\"async\" src=\"https:\/\/fgvt.htwsaar.de\/site\/wp-content\/uploads\/2020\/03\/Testfeld.jpg\" alt=\"\" class=\"wp-image-1292\" width=\"278\" height=\"185\" srcset=\"https:\/\/fgvt.htwsaar.de\/site\/wp-content\/uploads\/2020\/03\/Testfeld.jpg 1024w, https:\/\/fgvt.htwsaar.de\/site\/wp-content\/uploads\/2020\/03\/Testfeld-300x200.jpg 300w, https:\/\/fgvt.htwsaar.de\/site\/wp-content\/uploads\/2020\/03\/Testfeld-768x512.jpg 768w, https:\/\/fgvt.htwsaar.de\/site\/wp-content\/uploads\/2020\/03\/Testfeld-360x240.jpg 360w\" sizes=\"auto, (max-width: 278px) 100vw, 278px\" \/><\/a><\/figure><\/div>\n\n\n\n<p>Die Aufbauarbeiten in Merzig sind seit September 2014 im Gange. Zun\u00e4chst werden die beiden Kreuzungen Bahnhof-\/Hochwaldstra\u00dfe im Bereich des Rathauses und Lothringer-\/Bahnhofstra\u00dfe beim Landratsamt ausger\u00fcstet. Die Nachr\u00fcstung der restlichen Kreuzungen ist f\u00fcr 2015 geplant.&nbsp; Die beiden Startkreuzungen werden mit jeweils drei Kameras ausgestattet, um die aktuelle Verkehrssituation anonymisiert zu erfassen sowie speziell ausger\u00fcstete Forschungs- und Testfahrzeuge zum Zweck der Testvalidierung zu erkennen. Die Forschergruppe wies darauf hin, dass die Themen Anonymit\u00e4t und Schutz der Privatsph\u00e4re Dritter besonders an dieser Stelle ein zentrales Element des Projekts seien und in jedem Aspekt Beachtung f\u00e4nden. Infolgedessen w\u00fcrden lediglich Informationen von Testfahrzeugen erhoben.<\/p>\n\n\n\n<p><strong><br>Aktueller Stand des Vorhabens<\/strong><\/p>\n\n\n\n<p>Die Zentrale wurde konzeptioniert und nach dem Aufbau und der Integration der Hardware am Standort der Forschungsgruppe in Saarbr\u00fccken in Betrieb genommen. Zwei Kreuzungen wurden bisher mit Infrastrukturkomponenten ausger\u00fcstet (siehe Abbildung). Dabei handelt es sich um die Kreuzungen Hochwaldstra\u00dfe\/Zum Bauhof\/Friedrichstra\u00dfe und Lothringer Stra\u00dfe\/Bahnhofstra\u00dfe. Der Kreuzungsaufbau umfasst jeweils 3 Verkehrskameras. Eine Kommunikationseinheit zur Fahrzeug zu Infrastruktur Kommunikation mittels ETSI ITS G5 wurde auf vorhandenen Masten montiert. Eine Applikationseinheit und die Komponenten zur Mobilfunkkommunikation wurden in den Steuerger\u00e4teschrank der jeweiligen Ampelanlage verbaut. Strom- und Datenverbindungen bestehen zwischen der Applikationseinheit und der Stromversorgung im Steuerger\u00e4teschrank und den Kameras bzw. der Kommunikationseinheit.<\/p>\n\n\n\n<div class=\"wp-block-image\"><figure class=\"aligncenter size-large\"><a href=\"..\/..\/wp-content\/uploads\/2015\/07\/Testfeldkonfiguration.jpg\"><img loading=\"lazy\" decoding=\"async\" width=\"1024\" height=\"737\" src=\"https:\/\/fgvt.htwsaar.de\/site\/wp-content\/uploads\/2020\/03\/Testfeldkonfiguration-1024x737-1.jpg\" alt=\"\" class=\"wp-image-1309\" srcset=\"https:\/\/fgvt.htwsaar.de\/site\/wp-content\/uploads\/2020\/03\/Testfeldkonfiguration-1024x737-1.jpg 1024w, https:\/\/fgvt.htwsaar.de\/site\/wp-content\/uploads\/2020\/03\/Testfeldkonfiguration-1024x737-1-300x216.jpg 300w, https:\/\/fgvt.htwsaar.de\/site\/wp-content\/uploads\/2020\/03\/Testfeldkonfiguration-1024x737-1-768x553.jpg 768w\" sizes=\"auto, (max-width: 1024px) 100vw, 1024px\" \/><\/a><figcaption><center>Testfeldkonfiguration mit Beispielpositionen f\u00fcr mobile Roadside-Stations \u00a9 ITeM<\/center><\/figcaption><\/figure><\/div>\n\n\n\n<ul class=\"wp-block-list\"><li>gr\u00fcn (umrandet): bereits aufgebaute station\u00e4re Roadside-Stations an Kreuzungen<\/li><li>gr\u00fcn (nicht umrandet): geplant<\/li><li>rot: exemplarische Standorte f\u00fcr mobile Roadside-Stations (inklusive Einheiten aus CONVERGE)<\/li><\/ul>\n\n\n\n<p>Der schematische Aufbau aller Verbindungen ist in der obigen Abbildung dargestellt. Der Aufbau der Kreuzung Lothringer Stra\u00dfe\/Rieffstra\u00dfe wird geblockt durch den anstehenden R\u00fcckbau des Kreisverkehrs und den Ausschreibungsprozess der Ampelanlage. Der Aufbau der Kreuzung Lothringer Stra\u00dfe\/Zubringer L174 wird geblockt durch den Ausschreibungsprozess der Ampelanlage. Die hierf\u00fcr vorgesehene Hardware ist bereits beschafft und ist bereit f\u00fcr eine Integration, sobald diese Kreuzungen umgebaut werden.<\/p>\n\n\n\n<p><strong>Datenschutz<\/strong><\/p>\n\n\n\n<p>Bez\u00fcglich der datenschutzrechtlichen Belange steht die Hochschule im Austausch mit dem unabh\u00e4ngigen <a href=\"https:\/\/datenschutz.saarland.de\/\">Landesdatenschutzzentrum des Saarlandes.<\/a><\/p>\n\n\n\n<div class=\"wp-block-file aligncenter\"><a href=\"https:\/\/fgvt.htwsaar.de\/site\/wp-content\/uploads\/2020\/03\/ITeM_systembeschreibung-und-datenschutzmechanismen.pdf\">ITeM_systembeschreibung-und-datenschutzmechanismen<\/a><a href=\"https:\/\/fgvt.htwsaar.de\/site\/wp-content\/uploads\/2020\/03\/ITeM_systembeschreibung-und-datenschutzmechanismen.pdf\" class=\"wp-block-file__button\" download>Herunterladen<\/a><\/div>\n\n\n\n<p><strong>Ausblick<\/strong><\/p>\n\n\n\n<p>Parallel zum weiteren Auf- bzw. Ausbau des Testfeldes wird in den n\u00e4chsten Schritten die Umsetzung der CONVERGE Referenzarchitektur vervollst\u00e4ndigt und die dort spezifizierten Use-Cases verifiziert. Zur Einbindung permanenter Datengeber, neben den Testfahrzeugen der Forschungsgruppe, laufen derzeit Gespr\u00e4che mit der Stadt bzw. den Verkehrsverb\u00fcnden um die Ausstattung von Fahrzeugen der Stadt und\/oder Bussen zu erm\u00f6glichen. Weitere ITS-Anwendungen wie zum Beispiel Ampelphasenassistent, Reisezeiterfassung, Parkplatzmanagement und Eventmanagement werden derzeit im Rahmen laufender Projekte sowie mehrerer Bachelor- und Masterthesen im Testfeld entwickelt und untersucht.<\/p>\n\n\n\n<p>Das Testfeld stellt bereits die Grundlage f\u00fcr die Arbeit der FGVT in ihren laufenden Projekten, zum Beispiel No LimITS, zum Thema Elektromobilit\u00e4t dar. Zurzeit laufen au\u00dferdem Projektantr\u00e4ge auf dem Gebiet des automatisierten Fahrens f\u00fcr deren Durchf\u00fchrung sich die Forschungsgruppe durch das Testfeld qualifiziert. Neben der Ausstattung der restlichen Kreuzungen ist mittelfristig eine Anbindung der Autobahn durch weitere Roadside-Stations vorgesehen.<\/p>\n\n\n\n<p>Neben der Kreisstadt Merzig wird das Projekt auch durch das saarl\u00e4ndische Ministerium f\u00fcr Wirtschaft, Arbeit, Energie und Verkehr, den Landesbetrieb f\u00fcr Stra\u00dfenbau, Swarco Traffic Systems GmbH, Heusch Boesefeldt GmbH, die Forschungsinitiative FHInvest des Bundesministeriums f\u00fcr Bildung und Forschung sowie die saarl\u00e4ndische Staatskanzlei unterst\u00fctzt und gef\u00f6rdert.<\/p>\n\n\n\n<p>Im August 2016 besuchte die Ministerpr\u00e4sidentin Annegret Kramp-Karrenbauer das Testfeld. N\u00e4here Informationen finden Sie <a href=\"https:\/\/fgvt.htwsaar.de\/public\/index.php\/2016\/08\/sommertour-der-ministerpraesidentin\/\">hier<\/a>.<\/p>\n\n\n\n<figure class=\"wp-block-image alignnone size-large is-resized\"><a href=\"http:\/\/www.saarland.de\/SID-DA36DC45-0235DF0C\/214440.htm\"><img loading=\"lazy\" decoding=\"async\" src=\"https:\/\/fgvt.htwsaar.de\/site\/wp-content\/uploads\/2020\/03\/Zwischenablage01.jpg\" alt=\"\" class=\"wp-image-1311\" width=\"621\" height=\"355\" srcset=\"https:\/\/fgvt.htwsaar.de\/site\/wp-content\/uploads\/2020\/03\/Zwischenablage01.jpg 566w, https:\/\/fgvt.htwsaar.de\/site\/wp-content\/uploads\/2020\/03\/Zwischenablage01-300x172.jpg 300w\" sizes=\"auto, (max-width: 621px) 100vw, 621px\" \/><\/a><figcaption><center>\u00a9 Saarland.de<\/center><\/figcaption><\/figure>\n\n\n\n<p>Weitere Informationen finden Sie auf der Homepage der <a rel=\"noreferrer noopener\" href=\"https:\/\/www.merzig.de\/leben-in-merzig\/mobilitaet-und-verkehr\/smart-mobility\/\" target=\"_blank\">Stadt Merzig<\/a>.<\/p>\n\n\n\n<hr class=\"wp-block-separator\"\/>\n\n\n\n<p><br>Projektpartner und Kooperationen:<\/p>\n\n\n\n<ul class=\"wp-block-list\"><li><strong>Heusch Boesefeldt GmbH<\/strong><br>Als Anbieter im Bereich Leitsysteme und Verkehrsmanagement war Heusch Boesefeldt bereits im Projekt sim<sup>TD\u00ad <\/sup>als Partner aktiv. Die dort erf\u00fcllte Aufgabe der Bereitstellung einer IRS-Zentrale zur Erhebung, Aufbereitung und Analyse von Verkehrsdatenwurde auch im aktuellen Vorhaben wahrgenommen. Hierf\u00fcr wird ein Analyseserver in die Zentrale integriert der unter anderem die von Swarco zur Verf\u00fcgung gestellten Daten verarbeitet.<br>Durch die Aktivit\u00e4ten in der Forschung mit namhaften Automobilherstellern und Zulieferern ist hier auch das Potential weiterer Kooperation gegeben.<\/li><li><strong>Landesbetrieb f\u00fcr Stra\u00dfenbau<\/strong><br>Zust\u00e4ndig f\u00fcr die Verwaltung der Ampelanlagen in Merzig gestattet und unterst\u00fctzt der Landesbetrieb f\u00fcr Stra\u00dfenbau (LfS) das Vorhaben.<\/li><li><strong>Ministerium f\u00fcr Wirtschaft, Arbeit, Energie und Verkehr<\/strong><br>Als oberste Instanz f\u00fcr Verkehr im Saarland unterst\u00fctzt das Ministerium das Vorhaben, stellt \u00fcber das LfS Ressourcen zur Verf\u00fcgung und stellte den initialen Kontakt zur Stadtverwaltung Merzig her. Neben dem Aufbau des Testfeldes selbst unterst\u00fctzt das Ministerium auch die Beteiligung des Testfelds in verschiedenen anderen Projekten und Initiativen.<\/li><li><strong>Stadtverwaltung Merzig<\/strong><br>Die Stadtverwaltung sieht das Vorhaben als im Sinne der Weiterentwicklung der Stadt und der verkehrlichen Situation. Sie ist interessiert an der Aussch\u00f6pfung der M\u00f6glichkeiten von ITS, speziell auch im Bereich Elektromobilit\u00e4t.<\/li><li><strong>Swarco Traffic Systems GmbH<\/strong><br>Als vom LfS beauftragter Betreiber der Lichtsignalanlagen in Merzig stellt Swarco einen lesenden Zugriff auf den entsprechenden Verkehrsrechner zur Verf\u00fcgung. Au\u00dferdem leistete Swarco Unterst\u00fctzung bei der Installation der Hardware vor Ort.<br>Als Global Player in der Verkehrsforschung und der Teilnahme an zahlreichen Forschungsprojekten auch hier das Potential an weiteren Aktivit\u00e4ten im Bereich der Forschung gegeben.<\/li><li><strong>Unabh\u00e4ngiges Datenschutzzentrum Saarland<\/strong><br>Das unabh\u00e4ngige Datenschutzzentrum Saarland hat die \u00dcberpr\u00fcfung des aktuellen Kamerakonzeptes vorgenommen und als unbedenklich bescheinigt.<\/li><li><strong>Vodafone<\/strong><br>Durch die guten Kontakte der Forschungsgruppe zu Vodafone gestattet Vodafone die Nutzung ihres Testnetzes zur Anbindung des Testfeldes an die Zentrale und stellt entsprechende SIM-Karten bereit.<\/li><\/ul>\n\n\n\n<p><br>gef\u00f6rdert von:<\/p>\n\n\n\n<div class=\"wp-block-image\"><figure class=\"alignleft size-large is-resized\"><a href=\"..\/..\/wp-content\/uploads\/2015\/07\/BMBF.png\"><img decoding=\"async\" src=\"https:\/\/fgvt.htwsaar.de\/site\/wp-content\/uploads\/2020\/03\/BMBF-300x155-1.png\" alt=\"\" class=\"wp-image-1312\" width=\"150\"\/><\/a><\/figure><\/div>\n\n\n\n<figure class=\"wp-block-image size-large\"><a href=\"..\/..\/wp-content\/uploads\/2015\/07\/saarland.png\"><img loading=\"lazy\" decoding=\"async\" width=\"150\" height=\"150\" src=\"https:\/\/fgvt.htwsaar.de\/site\/wp-content\/uploads\/2020\/03\/saarland-150x150-1.png\" alt=\"\" class=\"wp-image-1313\"\/><\/a><\/figure>\n\n\n\n<hr class=\"wp-block-separator\"\/>\n\n\n\n<figure class=\"wp-block-gallery columns-3 is-cropped wp-block-gallery-1 is-layout-flex wp-block-gallery-is-layout-flex\"><ul class=\"blocks-gallery-grid\"><li class=\"blocks-gallery-item\"><figure><img loading=\"lazy\" decoding=\"async\" width=\"886\" height=\"591\" src=\"https:\/\/fgvt.htwsaar.de\/site\/wp-content\/uploads\/2020\/03\/Kommunikationseinheit-II-1.jpg\" alt=\"\" data-id=\"1328\" data-full-url=\"https:\/\/fgvt.htwsaar.de\/site\/wp-content\/uploads\/2020\/03\/Kommunikationseinheit-II-1.jpg\" data-link=\"https:\/\/fgvt.htwsaar.de\/site\/item-its-testfeld-merzig\/kommunikationseinheit-ii-1\/\" class=\"wp-image-1328\" srcset=\"https:\/\/fgvt.htwsaar.de\/site\/wp-content\/uploads\/2020\/03\/Kommunikationseinheit-II-1.jpg 886w, https:\/\/fgvt.htwsaar.de\/site\/wp-content\/uploads\/2020\/03\/Kommunikationseinheit-II-1-300x200.jpg 300w, https:\/\/fgvt.htwsaar.de\/site\/wp-content\/uploads\/2020\/03\/Kommunikationseinheit-II-1-768x512.jpg 768w, https:\/\/fgvt.htwsaar.de\/site\/wp-content\/uploads\/2020\/03\/Kommunikationseinheit-II-1-360x240.jpg 360w\" sizes=\"auto, (max-width: 886px) 100vw, 886px\" \/><\/figure><\/li><li class=\"blocks-gallery-item\"><figure><img loading=\"lazy\" decoding=\"async\" width=\"1024\" height=\"683\" src=\"https:\/\/fgvt.htwsaar.de\/site\/wp-content\/uploads\/2020\/03\/Verkehrskameras-1-1024x683.jpg\" alt=\"\" data-id=\"1329\" data-full-url=\"https:\/\/fgvt.htwsaar.de\/site\/wp-content\/uploads\/2020\/03\/Verkehrskameras-1.jpg\" data-link=\"https:\/\/fgvt.htwsaar.de\/site\/item-its-testfeld-merzig\/verkehrskameras-1\/\" class=\"wp-image-1329\" srcset=\"https:\/\/fgvt.htwsaar.de\/site\/wp-content\/uploads\/2020\/03\/Verkehrskameras-1-1024x683.jpg 1024w, https:\/\/fgvt.htwsaar.de\/site\/wp-content\/uploads\/2020\/03\/Verkehrskameras-1-300x200.jpg 300w, https:\/\/fgvt.htwsaar.de\/site\/wp-content\/uploads\/2020\/03\/Verkehrskameras-1-768x512.jpg 768w, https:\/\/fgvt.htwsaar.de\/site\/wp-content\/uploads\/2020\/03\/Verkehrskameras-1-360x240.jpg 360w, https:\/\/fgvt.htwsaar.de\/site\/wp-content\/uploads\/2020\/03\/Verkehrskameras-1.jpg 1108w\" sizes=\"auto, (max-width: 1024px) 100vw, 1024px\" \/><\/figure><\/li><li class=\"blocks-gallery-item\"><figure><img loading=\"lazy\" decoding=\"async\" width=\"666\" height=\"888\" src=\"https:\/\/fgvt.htwsaar.de\/site\/wp-content\/uploads\/2020\/03\/Zentrale-1.jpg\" alt=\"\" data-id=\"1330\" data-full-url=\"https:\/\/fgvt.htwsaar.de\/site\/wp-content\/uploads\/2020\/03\/Zentrale-1.jpg\" data-link=\"https:\/\/fgvt.htwsaar.de\/site\/item-its-testfeld-merzig\/zentrale-1\/\" class=\"wp-image-1330\" srcset=\"https:\/\/fgvt.htwsaar.de\/site\/wp-content\/uploads\/2020\/03\/Zentrale-1.jpg 666w, https:\/\/fgvt.htwsaar.de\/site\/wp-content\/uploads\/2020\/03\/Zentrale-1-225x300.jpg 225w\" sizes=\"auto, (max-width: 666px) 100vw, 666px\" \/><\/figure><\/li><\/ul><\/figure>\n\n\n\n<hr class=\"wp-block-separator\"\/>\n","protected":false},"excerpt":{"rendered":"<p>Intelligente Verkehrssysteme FGVT startet innovatives Forschungsprojekt in Merzig Kreuzungen an Rathaus und Landratsamt werden seit September 2014 mit speziellen Kommunikationssystemen ausgestattet Die Forderung nach mehr Sicherheit, Umweltfreundlichkeit und Effizienz im Stra\u00dfenverkehr hat in der j\u00fcngsten Vergangenheit zur Realisierung einer Reihe von Forschungsprojekten im Bereich intelligenter Verkehrssysteme (IVS) bzw. engl. Intelligent [&hellip;]<\/p>\n","protected":false},"author":1,"featured_media":0,"parent":0,"menu_order":0,"comment_status":"closed","ping_status":"closed","template":"","meta":{"footnotes":""},"class_list":["post-84","page","type-page","status-publish","hentry"],"_links":{"self":[{"href":"https:\/\/fgvt.htwsaar.de\/site\/wp-json\/wp\/v2\/pages\/84","targetHints":{"allow":["GET"]}}],"collection":[{"href":"https:\/\/fgvt.htwsaar.de\/site\/wp-json\/wp\/v2\/pages"}],"about":[{"href":"https:\/\/fgvt.htwsaar.de\/site\/wp-json\/wp\/v2\/types\/page"}],"author":[{"embeddable":true,"href":"https:\/\/fgvt.htwsaar.de\/site\/wp-json\/wp\/v2\/users\/1"}],"replies":[{"embeddable":true,"href":"https:\/\/fgvt.htwsaar.de\/site\/wp-json\/wp\/v2\/comments?post=84"}],"version-history":[{"count":19,"href":"https:\/\/fgvt.htwsaar.de\/site\/wp-json\/wp\/v2\/pages\/84\/revisions"}],"predecessor-version":[{"id":1898,"href":"https:\/\/fgvt.htwsaar.de\/site\/wp-json\/wp\/v2\/pages\/84\/revisions\/1898"}],"wp:attachment":[{"href":"https:\/\/fgvt.htwsaar.de\/site\/wp-json\/wp\/v2\/media?parent=84"}],"curies":[{"name":"wp","href":"https:\/\/api.w.org\/{rel}","templated":true}]}}