{"id":82,"date":"2019-06-28T16:04:38","date_gmt":"2019-06-28T14:04:38","guid":{"rendered":"https:\/\/fgvt.htwsaar.de\/site\/?page_id=82"},"modified":"2020-12-11T14:59:01","modified_gmt":"2020-12-11T13:59:01","slug":"theses","status":"publish","type":"page","link":"https:\/\/fgvt.htwsaar.de\/site\/en\/theses\/","title":{"rendered":"Theses"},"content":{"rendered":"\n<p>A list of selected theses:<\/p>\n\n\n\n<p><strong>Master<\/strong><\/p>\n\n\n\n<ul class=\"wp-block-list\"><li>&#8222;Strategien und Entwicklungsperspektiven des Systems Wasserstoffmobilit\u00e4t in Deutschland&#8220;, C. Adorff, 2020<\/li><li>&#8222;Anforderungen an die V2X-Kommunikation bei Nutzfahrzeugen&#8220;, D. Erb, 2019<\/li><li>&#8222;Vergleich von Genauigkeit und Performance der Positionsbestimmung von Fahrzeugen bei Kombination verschiedener Lokalisationsverfahren&#8220;, A. M\u00fcller, 2019<\/li><li>\u201cKonzeption und Realisierung einer erweiterbaren Multiprotokoll-Middleware zur Sensordatenbereitstellung\u201d, J. Golanov, 2018<\/li><li>\u201eUntersuchung von Algorithmen zur Bewegungspr\u00e4diktion bei Fu\u00dfg\u00e4ngern im Projekt FRAMES\u201c, L. Guth\u00f6rl, 2018<\/li><li>\u201cKonzeption und Implementierung eines OCPP Servers\u201d, C. Metzner, 2017<\/li><li>\u201cEvaluation und Erprobung von Simulationsumgebungen f\u00fcr IP  Routing-Protokolle im Kontext vernetztes automatisiertes Fahren\u201d, S.  Follenweider, 2017<\/li><li>\u201eKommunikationsarchitektur zum Transport von Ampelphasendaten in Realzeit\u201d, C. Drost, 2016<\/li><li>\u201cOrtungs- und Kommunikationskonzepte zur Vermeidung von  Verkehrsunf\u00e4llen mit Beteiligung von VRUs im Forschungsprojekt FRAMES\u201d,  M. Huber, 2016<\/li><li>\u201eIdentity- und Mobility-Management in State-of-the-Art-Netzwerken\u201d, S. Herrmann, 2016<\/li><li>\u201eEntwicklung einer IPv6 Lernumgebung\u201d, Masterthesis Hochschule Albstadt-Sigmaringen,\u00a0M. Luzaic, 2016<\/li><li>\u201eAutomatisierter kooperativer Parkplatz\u201d, A. Otte, 2015<\/li><li>\u201eKonzeption und Entwicklung eines ITS-G5-basierten Warnsystems zur Falschfahrererkennung und Warnung\u201d, D. Gashimov, 2015<\/li><li>\u201eKonzeption und Validierung eines IRS Softwarekonfigurationsmanagementsystems\u201c , J. Staub, 2015<\/li><li>\u201eAnalyse und Konzeption eines Systems zur Zustands\u00fcberwachung von IRS und IRS Netzen\u201c, N. Wolniak, 2014<\/li><li>\u201eGIS basierte Reichweitenauswertung von sim<sup>TD<\/sup>-Feldversuchs-Messdaten\u201c, F. Petry, 2013<\/li><li>\u201eUntersuchung von Software Development Kits f\u00fcr Mobile Operating  Systems hinsichtlich der speziellen Anforderungen im ITS-Umfeld\u201d, M.  Spies, 2010<\/li><li>\u201eKonzeption und Entwicklung eines verteilten, dienstorientierten Kommunikationssystems\u201c, T. Blau, 2009<\/li><li>\u201eNetzwerk Ressource Management in einem heterogenen Kommunikationssystem\u201c, P. Rouget,\u00a0 2009<\/li><li>\u201eKonzeption eines Fehlermanagementsystems f\u00fcr verteilte Kommunikationseinheiten in einer V2I Umgebung\u201c, Th. Baum, 2008<\/li><li>\u201eKonzept und Design einer Systemarchitektur eines Management Center  zur Verwaltung abgesetzter Kommunikationseinheiten\u201c, B. Allani, 2008<\/li><li>\u201eErstellung eines Konzeptes zur Fernadministration- und  konfiguration von abgesetzten Kommunikationseinheiten in einer  V2I-Umgebung\u201c, M. F\u00fcnfrocken, 2008<\/li><\/ul>\n\n\n\n<p><strong><br>\nBachelor<\/strong><\/p>\n\n\n\n<ul class=\"wp-block-list\"><li>&#8222;Konzeptionierung und Entwicklung eines ITS-G5-basierten Schlecht-Wetter-Warnsystems zur Erh\u00f6hung der Sicherheit im Stra\u00dfenverkehr&#8220;, N. Soltani, 2020<\/li><li>&#8222;Lidarbasierte Infrastruktur zur Umfeldwahrnehmung in Verkehrskreuzungen&#8220;, L. Reinig, 2020<\/li><li>\u201eKonzeption einer Kurzzeit-Pr\u00e4diktion von Fahrzeugtrajektorien anhand relevanter CAN-Daten\u201c, M. Anklam, 2019<\/li><li>\u201eBlind Spot Detection mittels V2X-Kommunikation\u201c, M. El Ouadia, 2019<\/li><li>\u201cEinsatzfahrzeuge in der V2X-Umgebung\u201d, N. Salahi, 2018<\/li><li>\u201cAnforderungsanalyse und Systemdesign eines ITS-Fahrzeugsystems im Projekt No LimITS\u201d, J. Reiter, 2016<\/li><li>\u201cKonzeption einer Sensordatenintegration in ITS-Stations am Beispiel von ANPR-Systemen\u201d, M. Persch, 2016<\/li><li>\u201eVerteilte Bereitstellung von HMI Daten f\u00fcr ITS Stationen\u201d, S. Follenweider, 2015<\/li><li>\u201eEntwicklung eines plattformunabh\u00e4ngigen Darstellungskonzeptes f\u00fcr ITS-Anwendungen\u201d, L. Guth\u00f6rl, 2015<\/li><li>\u201cKonzeption und Realisierung einer Plattforml\u00f6sung f\u00fcr mobile ITS Roadsode Stations\u201d, H. Erlach, 2015<\/li><li>\u201eAnonymisierte Reisezeiterfassung mithilfe von ITS-G5\u2033, C. Drost, 2014<\/li><li>\u201eKonzeption und Implementierung einer serverseitigen  Aufgabenverwaltung und -steuerung f\u00fcr die Forschungsgruppe  Verkehrstelematik\u201d, A. Otte, 2013<\/li><li>\u201eMeasuring- &amp; Auswertungssystem f\u00fcr ITS Roadside Stations in CONVERGE\u201d, E. Seewald, 2013<\/li><li>\u201eEntwicklung eines automatisiertenTestwerkzeuges zur  Funktionspr\u00fcfung der mobilen Kommunikationseinheit (CCU) im Projekt  simTD\u201c, D. Gashimov, 2011<\/li><li>\u201eAdministration und Monitoring Interface f\u00fcr abgesetzte Kommunikationseinheiten\u201c, C. Kaiser 2009<\/li><li>\u201eKonzeption und Entwicklung eines verteilten Testframeworks f\u00fcr  automatisierte Unit-, Integrations-, und Systemtests\u201c, B. Fischer 2009<\/li><li>\u201eBeschreibung und Realisierung der Schnittstellen zur Kopplung des  Stra\u00dfenverkehrssimulators Vissim und des Kommunikationsnetzwerksimulator  NS2\u2033, T. Blau, S. Sadowski, 2007<\/li><li>\u201eAnalyse des CAN-Busses zur anwendungsspezifischen Bereitstellung  von Fahrzeugsignalen in einem Verteilten System unter Verwendung von  CORBA\u201c, P. Dostert, 2006<\/li><li>\u201eAlgorithmische Evaluation von Fahrzeug CAN-Signalen zur Erkennung von Verkehrsgefahren\u201c, M. F\u00fcnfrocken, 2006<\/li><\/ul>\n\n\n\n<p><strong><br>\nDiplom<\/strong><\/p>\n\n\n\n<ul class=\"wp-block-list\"><li>\u201eImplementation, simulation and comparsion of different algorithms \nfor the distribution of Geocast Message of an RSU\u201c, Lorena Samartan \nIglesias, 2009<\/li><li>\u201eDesign and implemtation of the \u201eUmfeldtabelle\u201c of SIM-TD system\u201c, Manuel Alcaide G\u00f3mez, 2009<\/li><li>\u201eProtokollentwicklung mittels formaler Beschreibungssprachen und unter Zuhilfenahme von Entwicklungswerkzeugen\u201c, P. Rouget, 2007<\/li><li>\u201eEntwicklung eines ortsbezogenen Car2Car-Dienstes \u201eVirtuelles Blaulicht\u201c f\u00fcr Einsatzfahrzeuge\u201c, P. Vatter, 2007<\/li><li>\u201eA remote communication interface for a Car2Car simulation environment\u201c, T. Per\u00e9z, 2007<\/li><\/ul>\n","protected":false},"excerpt":{"rendered":"<p>A list of selected theses: Master &#8222;Strategien und Entwicklungsperspektiven des Systems Wasserstoffmobilit\u00e4t in Deutschland&#8220;, C. Adorff, 2020 &#8222;Anforderungen an die V2X-Kommunikation bei Nutzfahrzeugen&#8220;, D. Erb, 2019 &#8222;Vergleich von Genauigkeit und Performance der Positionsbestimmung von Fahrzeugen bei Kombination verschiedener Lokalisationsverfahren&#8220;, A. M\u00fcller, 2019 \u201cKonzeption und Realisierung einer erweiterbaren Multiprotokoll-Middleware zur Sensordatenbereitstellung\u201d, [&hellip;]<\/p>\n","protected":false},"author":1,"featured_media":0,"parent":0,"menu_order":0,"comment_status":"closed","ping_status":"closed","template":"","meta":{"footnotes":""},"class_list":["post-82","page","type-page","status-publish","hentry"],"_links":{"self":[{"href":"https:\/\/fgvt.htwsaar.de\/site\/wp-json\/wp\/v2\/pages\/82","targetHints":{"allow":["GET"]}}],"collection":[{"href":"https:\/\/fgvt.htwsaar.de\/site\/wp-json\/wp\/v2\/pages"}],"about":[{"href":"https:\/\/fgvt.htwsaar.de\/site\/wp-json\/wp\/v2\/types\/page"}],"author":[{"embeddable":true,"href":"https:\/\/fgvt.htwsaar.de\/site\/wp-json\/wp\/v2\/users\/1"}],"replies":[{"embeddable":true,"href":"https:\/\/fgvt.htwsaar.de\/site\/wp-json\/wp\/v2\/comments?post=82"}],"version-history":[{"count":9,"href":"https:\/\/fgvt.htwsaar.de\/site\/wp-json\/wp\/v2\/pages\/82\/revisions"}],"predecessor-version":[{"id":2075,"href":"https:\/\/fgvt.htwsaar.de\/site\/wp-json\/wp\/v2\/pages\/82\/revisions\/2075"}],"wp:attachment":[{"href":"https:\/\/fgvt.htwsaar.de\/site\/wp-json\/wp\/v2\/media?parent=82"}],"curies":[{"name":"wp","href":"https:\/\/api.w.org\/{rel}","templated":true}]}}