{"id":63,"date":"2019-06-28T16:02:24","date_gmt":"2019-06-28T14:02:24","guid":{"rendered":"https:\/\/fgvt.htwsaar.de\/site\/?page_id=63"},"modified":"2020-03-03T10:56:45","modified_gmt":"2020-03-03T09:56:45","slug":"dissertationen","status":"publish","type":"page","link":"https:\/\/fgvt.htwsaar.de\/site\/dissertationen\/","title":{"rendered":"Dissertationen"},"content":{"rendered":"\n<p><\/p>\n\n\n\n<p><strong>Laufende Dissertationen<\/strong><\/p>\n\n\n\n<ul class=\"wp-block-list\"><li>Dipl.-Wirt.-Ing. Leander Kauschke \u2013 Technology Acceptance, Zeppelin Universit\u00e4t,&nbsp;<a href=\"https:\/\/www.zu.de\/lehrstuehle\/cfm\/index.php\">Lehrstuhl f\u00fcr Mobilit\u00e4t, Handel und Logistik<\/a>, Friedrichshafen&nbsp;<\/li><\/ul>\n\n\n\n<p><strong>Abgeschlossene Dissertationen<\/strong><\/p>\n\n\n\n<ul class=\"wp-block-list\"><li>Dr. Silke M. Maringer \u2013 \u201cPostfossile Mobilit\u00e4t im Spannungsfeld von Klimaschutz und Arbeitspl\u00e4tzen \u2013 Potentiale der Elektromobilit\u00e4t\u201d, Universit\u00e4t des Saarlandes,\u00a0<a href=\"http:\/\/www.uni-saarland.de\/lehrstuhl\/kaul\/team.html\">Lehrstuhl f\u00fcr Wirtschaftspolitik<\/a>, Saarbr\u00fccken (2018)<\/li><li>Dr. Arno Hinsberger \u2013 \u201cA Self-Contained and Universal Roadside Station-Framework for Heterogeneous VANET Environments and Related Mechanisms for Scalable and Efficient Message Distribution\u201d<\/li><\/ul>\n","protected":false},"excerpt":{"rendered":"<p>Laufende Dissertationen Dipl.-Wirt.-Ing. Leander Kauschke \u2013 Technology Acceptance, Zeppelin Universit\u00e4t,&nbsp;Lehrstuhl f\u00fcr Mobilit\u00e4t, Handel und Logistik, Friedrichshafen&nbsp; Abgeschlossene Dissertationen Dr. Silke M. Maringer \u2013 \u201cPostfossile Mobilit\u00e4t im Spannungsfeld von Klimaschutz und Arbeitspl\u00e4tzen \u2013 Potentiale der Elektromobilit\u00e4t\u201d, Universit\u00e4t des Saarlandes,\u00a0Lehrstuhl f\u00fcr Wirtschaftspolitik, Saarbr\u00fccken (2018) Dr. Arno Hinsberger \u2013 \u201cA Self-Contained and Universal [&hellip;]<\/p>\n","protected":false},"author":1,"featured_media":0,"parent":0,"menu_order":0,"comment_status":"closed","ping_status":"closed","template":"","meta":{"footnotes":""},"class_list":["post-63","page","type-page","status-publish","hentry"],"_links":{"self":[{"href":"https:\/\/fgvt.htwsaar.de\/site\/wp-json\/wp\/v2\/pages\/63","targetHints":{"allow":["GET"]}}],"collection":[{"href":"https:\/\/fgvt.htwsaar.de\/site\/wp-json\/wp\/v2\/pages"}],"about":[{"href":"https:\/\/fgvt.htwsaar.de\/site\/wp-json\/wp\/v2\/types\/page"}],"author":[{"embeddable":true,"href":"https:\/\/fgvt.htwsaar.de\/site\/wp-json\/wp\/v2\/users\/1"}],"replies":[{"embeddable":true,"href":"https:\/\/fgvt.htwsaar.de\/site\/wp-json\/wp\/v2\/comments?post=63"}],"version-history":[{"count":8,"href":"https:\/\/fgvt.htwsaar.de\/site\/wp-json\/wp\/v2\/pages\/63\/revisions"}],"predecessor-version":[{"id":1289,"href":"https:\/\/fgvt.htwsaar.de\/site\/wp-json\/wp\/v2\/pages\/63\/revisions\/1289"}],"wp:attachment":[{"href":"https:\/\/fgvt.htwsaar.de\/site\/wp-json\/wp\/v2\/media?parent=63"}],"curies":[{"name":"wp","href":"https:\/\/api.w.org\/{rel}","templated":true}]}}