{"id":61,"date":"2019-06-28T16:02:17","date_gmt":"2019-06-28T14:02:17","guid":{"rendered":"https:\/\/fgvt.htwsaar.de\/site\/?page_id=61"},"modified":"2025-09-26T14:44:37","modified_gmt":"2025-09-26T12:44:37","slug":"veroeffentlichungen","status":"publish","type":"page","link":"https:\/\/fgvt.htwsaar.de\/site\/veroeffentlichungen\/","title":{"rendered":"Ver\u00f6ffentlichungen"},"content":{"rendered":"\n<p><strong>Journal:<\/strong><\/p>\n\n\n\n<ul class=\"wp-block-list\">\n<li>2023 &#8211; Rykova, Stieben, Dostovalova, Wieker: &#8222;<a href=\"https:\/\/www.mdpi.com\/2076-0760\/12\/1\/46\" data-type=\"URL\" data-id=\"https:\/\/www.mdpi.com\/2076-0760\/12\/1\/46\">Connected Driving in German-Speaking Social Media<\/a>&#8222;, MDPI Social Sciences, January 2023, Volume 12, Issue 1<\/li>\n\n\n\n<li>2010 \u2013 Mitropoulos, Karanasiou, Hinsberger, Aguado-Agelet, Wieker, Hilt, Mamar, N\u00f6cker: \u201eWireless Local Danger Warning: Cooperative Foresighted Driving Using Intervehicle Communication\u201c, IEEE Transactions on Intelligent Transportation Systems, September 2010, Volume 11, No. 3, <a rel=\"noreferrer noopener\" href=\"https:\/\/ieeexplore.ieee.org\/document\/5345781\/\" target=\"_blank\">ISSN 1524-9050<\/a><\/li>\n<\/ul>\n\n\n\n<p><strong>B\u00fccher:<\/strong><\/p>\n\n\n\n<ul class=\"wp-block-list\">\n<li>2014 \u2013 Wieker (Editor): \u201cEncyclopedia of Automotive Engineering: Part 9 &#8211; Intelligent Transport Systems\u201d, John Wiley &amp; Sons, Ltd, ISBN: 9781118354179 <a><\/a> <a><\/a> (Online), DOI: 10.1002\/9781118354179 <a><\/a> <a><\/a> .auto166<\/li>\n<\/ul>\n\n\n\n<p><strong>Studien:<\/strong><\/p>\n\n\n\n<ul class=\"wp-block-list\">\n<li>2016 \u2013 Studie der Zukunftswerkstatt Smart Mobility im Auftrag der saarl\u00e4ndischen Landesregierung, dem Ministerium f\u00fcr Wirtschaft, Arbeit, Energie und Verkehr und der Staatskanzlei des Saarlandes <a rel=\"noreferrer noopener\" href=\"https:\/\/www.scheer-group.com\/smart-mobility-chancen-und-herausforderungen\/?utm_source=Smart+Mobility+Studie&amp;utm_campaign=f4a89bea0d-Smart-Mobility&amp;utm_medium=email&amp;utm_term=0_aec0781645-f4a89bea0d-122348801\" target=\"_blank\">&#8222;Smart Mobility f\u00fcr das Saarland \u2013 Identifikation von Chancen und Handlungsempfehlungen f\u00fcr eine digital vernetzte Mobilit\u00e4t&#8220;<\/a>, Koordination und Redaktion: H\u00f6ger, Scheer GmbH, Autoren seitens der FGVT: Maringer, Petry, Wieker,&nbsp;<a rel=\"noreferrer noopener\" href=\"http:\/\/www.saarland.de\/dokumente\/thema_wirtschaftsfoerderung\/Smart_Mobility_Summary.pdf\" target=\"_blank\">Management Summary<\/a><\/li>\n<\/ul>\n\n\n\n<p><strong>Kongresspr\u00e4sentationen \/ Paper:<\/strong><\/p>\n\n\n\n<ul class=\"wp-block-list\">\n<li>2025 &#8211; Jens\u00a0Gessler,\u00a0Maiara Rosa\u00a0Cencic,\u00a0Christian\u00a0Metzner,\u00a0Horst\u00a0Wieker,\u00a0Kai\u00a0Lindow,\u00a0Wolfgang H.\u00a0Schulz: &#8222;Business models and organizational roles of data spaces: A framework for value creation in data ecosystems&#8220; GaiaX-4-AMS, August 2025<\/li>\n\n\n\n<li>2023 &#8211; Stieben: &#8222;Gaia-X4ROMS &#8211; Datenzentrierte L\u00f6sungen f\u00fcr die Mobilit\u00e4t der Zukunft&#8220;, Nachwuchssymposium Making autonomous Micro-Mobiles Ready for the Street, Magdeburg, 29 November <\/li>\n\n\n\n<li>2019 &#8211; Hofmann, Mahdi, Brahmi, Wegmann, Muehleisen, Petry, Mudriievskyi, El Assaad, Jornod, Franchi, Fettweis: &#8222;<a rel=\"noreferrer noopener\" href=\"https:\/\/ieeexplore.ieee.org\/document\/8911621\" data-type=\"URL\" data-id=\"https:\/\/ieeexplore.ieee.org\/document\/8911621\" target=\"_blank\">5G NetMobil &#8211; Pathways Towards Tactile Connected Driving<\/a>&#8222;, 2019 IEEE 2nd 5G World Forum (5GWF), 30 September &#8211; 2 Oktober 2019<\/li>\n\n\n\n<li>2018 &#8211; Ferrandez, Dajsuren, Karkhanis, F\u00fcnfrocken, Pillado: &#8222;C-MobILE C-ITS Reference Architecture&#8220;, In Proceedings: 25th ITS World Congress, Copenhagen, Denmark, 17-21 September 2018<\/li>\n\n\n\n<li>2018 &#8211; Robbin Blokpoel, Manuel F\u00fcnfrocken, Meng Lu: &#8222;Open cloud architecture for connected C-ITS services&#8220;, In Proceedings: 25th ITS World Congress, Copenhagen, Denmark, 17-21 September 2018<\/li>\n\n\n\n<li>2018 &#8211; Lu, Blokpoel, F\u00fcnfrocken, Castells: &#8222;Open architecture for internet-based C-ITS services&#8220;, 21st International Conference on Intelligent Transportation Systems (ITSC) 2018, Maui, USA, DOI: <a href=\"https:\/\/doi.org\/10.1109\/ITSC.2018.8569941\">https:\/\/doi.org\/10.1109\/ITSC.2018.8569941<\/a><\/li>\n\n\n\n<li>2018 &#8211; F\u00fcnfrocken, Otte, Vogt, Wolniak, Wieker: &#8222;Assessment of ITS architectures&#8220;, 25th World Congress on Intelligent Transportation Systems 2018, Copenhagen, Denmark, DOI:&nbsp;<a href=\"https:\/\/doi.org\/10.1049\/iet-its.2018.5310\">10.1049\/iet-its.2018.5310&nbsp;<\/a>, Print ISSN&nbsp;1751-956X, Online ISSN&nbsp;1751-9578<\/li>\n\n\n\n<li>2017&nbsp;\u2013&nbsp;Kauschke, Maringer, Otte, Schulz, Wieker:&nbsp;&#8222;Integrating E-mobility in ITS &#8211; Recommendations and Architecture&#8220;, 24th World Congress on Intelligent Transportation Systems 2017, Montr\u00e9al, Kanada<\/li>\n\n\n\n<li>2017&nbsp;\u2013 Vogt, F\u00fcnfrocken, Wolniak, Wieker: &#8222;Secure Hybrid ITS Communication with Data Protection&#8220;,&nbsp;24th World Congress on Intelligent Transportation Systems 2017, Montr\u00e9al, Kanada<\/li>\n\n\n\n<li>2017&nbsp;\u2013 Sch\u00e4ufele, Sawade, Becker, Schmidt, Radusch, F\u00fcnfrocken, Wieker:&#8220;Fully automated valet parking in underground garages through external positioning information over DSRC&#8220;,&nbsp;24th World Congress on Intelligent Transportation Systems 2017, Montr\u00e9al, Kanada<\/li>\n\n\n\n<li>2016 \u2013 Vogt, Kauschke, Maringer, Wieker: &#8222;Electric mobility requirements for ITS architectures&#8220;, 23rd World Congress on Intelligent Transportation Systems 2016, Melbourne, Australien<\/li>\n\n\n\n<li>2016 \u2013 F\u00fcnfrocken, Schulz: \u201eHow Automotive Software Architectures could Benefit from Bitcoin\u201d, 2016 Workshop on Automotive Systems\/Software Architectures (WASA), Venice, Italy. http:\/\/dx.doi.org\/10.1109\/WASA.2016.11 <\/li>\n\n\n\n<li>2015 \u2013 Vogt, Maringer, F\u00fcnfrocken, Wieker: \u201cNoLimITS \u2013 Enable Electro Mobility with ITS\u201d, 22nd World Congress on Intelligent Transportation Systems 2015, Bordeaux, Frankreich<\/li>\n\n\n\n<li>2014 \u2013 Pillado Quintas, F\u00fcnfrocken, Vogt, Wieker: : &#8222;A vision for an V2X service announcement concept&#8220;, 2014 IEEE International Conference on Connected Vehicles &amp; Expo, November 2014, Wien, \u00d6sterreich, <a href=\"http:\/\/dx.doi.org\/10.1109\/ICCVE.2014.7297568\">http:\/\/dx.doi.org\/10.1109\/ICCVE.2014.7297568 <\/a><\/li>\n\n\n\n<li>2014 \u2013 Wieker, Schulz, Geis, Maringer, F\u00fcnfrocken: \u201eInstitutional Role Models in ITS \u2013 CONVERGE as an example of a new approach for business models\u201d, 21th World Congress on Intelligent Transportation Systems 2014, Detroit, USA<\/li>\n\n\n\n<li>2014 \u2013 F\u00fcnfrocken, Scholtes, Vogt, Wieker, Wolniak: \u201eCONVERGE \u2013 Future IRS-infrastructures As Open Service Networks\u201c, 21th World Congress on Intelligent Transportation Systems 2014, Detroit, USA, ISBN:&nbsp;<a href=\"https:\/\/www.tib.eu\/de\/suchen\/?tx_tibsearch_search%5Bquery%5D=isbn%3A%28978-1-5108-0040-3%29\">978-1-5108-0040-3<\/a><\/li>\n\n\n\n<li>2014 \u2013 Wieker, Eckhart, Vogt, F\u00fcnfrocken: \u201eCONVERGE \u2013 ITS design like Internet\u201c, 10th ITS Europa Congress Helsinki 2014 \/ SIS 09 \u2013 Towards deployment of cooperative systems, Helsinki, Finnland<\/li>\n\n\n\n<li>2013 \u2013 Wieker, Vogt, F\u00fcnfrocken: \u201eCONVERGE \u2013 ITS communicaiton architecture for future mobility\u201c, 20th World Congress on Intelligent Transportation Systems 2013, Tokyo, Japan<\/li>\n\n\n\n<li>2013 \u2013 F\u00fcnfrocken, Vogt, Wieker: \u201eThe CONVERGE Project \u2013 A Systems Network for ITS\u201c, mobil.TUM 2013 ITS for Connected Mobility, M\u00fcnchen, Deutschland<\/li>\n\n\n\n<li>2011 \u2013 Wieker, F\u00fcnfrocken, Gashimov, Hinsberger, Spies, Vogt, Weber: \u201eBabelfisch ITS Roadside Station simTD\u201c, Symposium AAET, Automatisierungs-, Assistenzsysteme und eingebettete Systeme f\u00fcr Transportmittel, Braunschweig, Deutschland, ISBN:&nbsp;<a href=\"https:\/\/www.tib.eu\/de\/suchen\/?tx_tibsearch_search%5Bquery%5D=isbn%3A%28978-3-937655-25-3%29\">978-3-937655-25-3&nbsp;<\/a><\/li>\n\n\n\n<li>2011 \u2013 Frankiewicz, Lorenz, K\u00fcster(DLR), Hilt, Hinsberger, Weber, Wieker: \u201eStandortbestimmung und Integration von ITS Roadside Stations f\u00fcr die Anwendungsplattform intelligente Mobilit\u00e4t\u201c, Symposium AAET, Automatisierungs-, Assistenzsysteme und eingebettete Systeme f\u00fcr Transportmittel, Braunschweig, Deutschland, ISBN: <a href=\"https:\/\/www.tib.eu\/de\/suchen\/?tx_tibsearch_search%5Bquery%5D=isbn%3A%28978-3-937655-25-3%29\">978-3-937655-25-3<\/a><\/li>\n\n\n\n<li>2010 \u2013 Wieker, Allani, Baum, F\u00fcnfrocken, Hinsberger, Vogt, Weber: \u201eAutomatisierte Verwaltung von von ITS Roadside Station f\u00fcr den simTD Feldversuch\u201c, Symposium AAET, Automatisierungs-, Assistenzsysteme und eingebettete Systeme f\u00fcr Transportmittel, Braunschweig, Deutschland<\/li>\n\n\n\n<li>2009 \u2013 F\u00fcnfrocken, Allani, Baum, Hinsberger, Vogt, Weber, Wieker: \u201eManagement of Roadside Units for the simTD Field Test (Germany)\u201c, 16th World Congress on Intelligent Transportation Systems 2009, Stockholm, Schweden<\/li>\n\n\n\n<li>2009 \u2013 Wieker, Hinsberger, Vogt, F\u00fcnfrocken: \u201eFahrzeug-Infrastruktur-Kommunikation zur Unterst\u00fctzung von Fahrerassistenzsystemen\u201c, Symposium AAET 2009, Automatisierungs-, Assistenzsysteme und eingebettete Systeme f\u00fcr Transportmittel, Braunschweig, Deutschland, ISBN: <a href=\"https:\/\/www.tib.eu\/de\/suchen\/?tx_tibsearch_search%5Bquery%5D=isbn%3A%28978-3-937655-19-2%29\">978-3-937655-19-2<\/a><\/li>\n\n\n\n<li>2008 \u2013 Hinsberger, Wieker, Ortgiese, Roos: \u201eExtending the Scope of Vehicular Ad-Hoc Networks in Order to Protect Vulnurable Road Users\u201c, 15th World Congress on Intelligent Transportation Systems 2008, New York, USA<\/li>\n\n\n\n<li>2007 \u2013 Hinsberger, Wieker, Riegelhuth, Zurlinden: \u201eBenefits and Technology of an intelligent Roadside Unit System for Vehicle to Infrastructure and Infrastructure to Centre Communication\u201c, 14th World Congress on Intelligent Transport Systems 2007, Beijing, China<\/li>\n\n\n\n<li>2007 \u2013 Hiller, Hinsberger, Strassberger, Verburg: \u201eResults from the WILLWARN Project\u201c, 6th European Congress and Exhibition on Intelligent Transportation Systems and Services 2007, Aalborg, Denmark<\/li>\n\n\n\n<li>2006 \u2013 Hinsberger, Wieker, Krauss: \u201eDissemination of Hazard Messages in Vehicular Ad Hoc Networks\u201c, ITS World Congress 2006, London, UK<\/li>\n<\/ul>\n\n\n\n<p><strong>Vortr\u00e4ge:<\/strong><\/p>\n\n\n\n<ul class=\"wp-block-list\">\n<li>2017 \u2013 Vogt: Vortrag DIQ Symposium, Thema: &#8222;Datenschutz im vernetzten Fahrzeug&#8220;, 7. DIQ Symposium, Frankenthal<\/li>\n\n\n\n<li>2016 \u2013 Wieker, Maringer, Kauschke: \u201cConnected and automated driving\u201d, JAMA-CLEPA Business Summit, Oktober 2016,&nbsp;Venedig, Italien<\/li>\n\n\n\n<li>2016 \u2013 F\u00fcnfrocken: \u201cIntelligente Verkehrssysteme &#8211; Vernetzung von Fahrzeugen und Infrastruktur &#8211; heute und in Zukunft\u201d, 1. <a href=\"http:\/\/www.izes.de\/\">IZES<\/a> &#8211; ImpulsForum &#8222;Energiewende mit Datenschutz gestalten! &#8211; am Beispiel der Elektromobilt\u00e4t&#8220;, Oktober 2016,&nbsp;Landesvertretung des Saarlandes, Berlin, Deutschland<\/li>\n\n\n\n<li>2015 \u2013 Wieker, F\u00fcnfrocken: \u201cDefining Architecture and Interfaces for an Open, Distributed, Flexible and Secure Car2X Systems Network (CONVERGE Project Presentation)\u201d, ISO TC 204 Meeting, Oktober 2015, Potsdam, Deutschland<\/li>\n\n\n\n<li>2014 \u2013 Wieker, Vogt: &#8222;CONVERGE &#8211; Entwicklung einer Architektur kooperativer Systeme f\u00fcr die Mobilit\u00e4t der Zukunft&#8220;, Automechanika 2014: Connected Cars, September 2014, Frankfurt am Main, Deutschland<\/li>\n\n\n\n<li>2014 \u2013 Wieker, Vogt: &#8222;CONVERGE \u2013 ITS nach dem Vorbild Internet&#8220;, VDE ITG-FA 7.2 &#8222;Funksysteme\u201c, Diskussionssitzung: ITS &#8211; Funk f\u00fcr Stra\u00dfe und Sicherheit, Mai 2015, Mainz, Deutschland<\/li>\n\n\n\n<li>2013 \u2013 Wieker, Vogt: &#8222;CONVERGE \u2013 A new Approach for Connected Mobility&#8220;, 3rd VSimRTI Workshop 2013, April 2013, Berlin, Deutschland<\/li>\n\n\n\n<li>2013 \u2013 Wieker, Vogt: &#8222;CONVERGE Project&#8220;, 5th ETSI Workshop on Intelligent Transport, Februar 2013, Wien, \u00d6sterreich<\/li>\n\n\n\n<li>2012 \u2013 Vogt: &#8222;Die Ziele von CONVERGE im Kontext von UR:BAN&#8220;, 1. UR:BAN Forum 2012, September 2012, Wolfsburg, Deutschland<\/li>\n\n\n\n<li>2008 \u2013 Hinsberger: \u201eCar 2 Car Demonstrator 2008 \u2013 Communication Hardware Platforms\u201c, Car-2-Car Communication Consortium Forum &amp; Demonstrator 2008, Oktober 2008, Dudenhofen, Deutschland<\/li>\n\n\n\n<li>2008 \u2013 Wieker, Hinsberger: \u201eBetriebliche Aspekte f\u00fcr Kooperative Systeme\u201c, Fachkonferenz \u201eVerkehrsmanagement und Verkehrstechnologien\u201c, Mai 2008, Halle\/Saale, Deutschland<\/li>\n\n\n\n<li>2007 \u2013 Wieker, Hinsberger: \u201eCAR2X Communication\u201c, Hands on Wireless and Mobile\u201c,November 2007, Bilbao, Spain<\/li>\n\n\n\n<li>2007 \u2013 Wieker, Hinsberger: \u201eC2I, neue technische Optionen zur Steigerung der Stra\u00dfenverkehrseffizienz\u201c, Road Traffic Management \u2013 Forum f\u00fcr Zukunftstechnologien im Stra\u00dfenverkehr, Oktober 2007, Wiesbaden<\/li>\n\n\n\n<li>2007 \u2013 Wieker, Hinsberger: \u201eSafety Aspects of V2V and V2I Communication and their Potential \/ System Security\u201c, Joint workshop RIOH\/Bast: Traffic Management and Telematics, Oktober 2007, Peking, China<\/li>\n\n\n\n<li>2007 \u2013 Wieker, Hinsberger: \u201eUse Cases of Car 2 X Communication\u201c, 1st C2C-Communication-Consortium Forum, 22.-23. May 2007, Ingolstadt, Germany<\/li>\n\n\n\n<li>2007 \u2013 Hinsberger, Wieker: \u201ePotential Impact of Vehicle to Vehicle and Vehicle to Infrastructure Communication on Future Safety and Efficiency Applications for Commercial Vehicles\u201c, Telematics for Commercial Vehicles, Mai 2007, M\u00fcnchen, Deutschland<\/li>\n\n\n\n<li>2007 \u2013 Wieker: \u201eCAR2X Communication for safety and traffic management solutions\u201c, IP PReVENT Exhibition, September 2007, Versailles, Frankreich<\/li>\n\n\n\n<li>2007 \u2013 Verburg, Hilt: \u201eWILLWARN \u2013 Hazard Detection\u201c, IP PReVENT Exhibition, September 2007, Versailles, Frankreich<\/li>\n<\/ul>\n\n\n\n<p><strong>Workshops:<\/strong>&nbsp;<\/p>\n\n\n\n<ul class=\"wp-block-list\">\n<li>2018 &#8211; Maringer, F\u00fcnfrocken:&nbsp;\u201cMoral und Ethik der Mobilit\u00e4t der Zukunft \u2013 Automatisiert, digital, elektrisch und unmenschlich?\u201d,&nbsp;Jahrestagung der Vereinigung katholischer Religionslehrer\/innen an Gymnasien im Bistum Trier e. V.<\/li>\n<\/ul>\n\n\n\n<p><strong>Sonstige:<\/strong><\/p>\n\n\n\n<ul class=\"wp-block-list\">\n<li>2018 \u2013 Nigischer, Vogt:&#8220;Automatisierte Elektromobilit\u00e4t &#8211; Sichere hybride Kommunikation mit Datenschutz&#8220;, ATZelektronik 4\/2018, <a href=\"https:\/\/doi.org\/10.1007\/s35658-018-0039-4\">DOI 10.1007\/s35658-018-0039-4&nbsp;<\/a><\/li>\n\n\n\n<li>2015 \u2013 Vogt, Wieker, F\u00fcnfrocken:&nbsp;&#8222;Architektur f\u00fcr die vernetzte Verkehrszukunft &#8211; Der ITS-Systemverbund CONVERGE&#8220;, Internationales Verkehrswesen (67) 4 | 2015<\/li>\n\n\n\n<li>2009 \u2013 Hinsberger (Rapporteur): \u201eUse Cases and Specifications of the C2C-CC Demonstrator 2008\u2033, ETSI Technical Report Work Item \u201aDTR\/ITS-0010003\u2032, Download<\/li>\n<\/ul>\n","protected":false},"excerpt":{"rendered":"<p>Journal: B\u00fccher: Studien: Kongresspr\u00e4sentationen \/ Paper: Vortr\u00e4ge: Workshops:&nbsp; Sonstige:<\/p>\n","protected":false},"author":1,"featured_media":0,"parent":0,"menu_order":0,"comment_status":"closed","ping_status":"closed","template":"","meta":{"footnotes":""},"class_list":["post-61","page","type-page","status-publish","hentry"],"_links":{"self":[{"href":"https:\/\/fgvt.htwsaar.de\/site\/wp-json\/wp\/v2\/pages\/61","targetHints":{"allow":["GET"]}}],"collection":[{"href":"https:\/\/fgvt.htwsaar.de\/site\/wp-json\/wp\/v2\/pages"}],"about":[{"href":"https:\/\/fgvt.htwsaar.de\/site\/wp-json\/wp\/v2\/types\/page"}],"author":[{"embeddable":true,"href":"https:\/\/fgvt.htwsaar.de\/site\/wp-json\/wp\/v2\/users\/1"}],"replies":[{"embeddable":true,"href":"https:\/\/fgvt.htwsaar.de\/site\/wp-json\/wp\/v2\/comments?post=61"}],"version-history":[{"count":14,"href":"https:\/\/fgvt.htwsaar.de\/site\/wp-json\/wp\/v2\/pages\/61\/revisions"}],"predecessor-version":[{"id":3343,"href":"https:\/\/fgvt.htwsaar.de\/site\/wp-json\/wp\/v2\/pages\/61\/revisions\/3343"}],"wp:attachment":[{"href":"https:\/\/fgvt.htwsaar.de\/site\/wp-json\/wp\/v2\/media?parent=61"}],"curies":[{"name":"wp","href":"https:\/\/api.w.org\/{rel}","templated":true}]}}