{"id":57,"date":"2019-06-28T16:02:04","date_gmt":"2019-06-28T14:02:04","guid":{"rendered":"https:\/\/fgvt.htwsaar.de\/site\/?page_id=57"},"modified":"2023-09-07T18:26:38","modified_gmt":"2023-09-07T16:26:38","slug":"projekte","status":"publish","type":"page","link":"https:\/\/fgvt.htwsaar.de\/site\/projekte\/","title":{"rendered":"Projekte"},"content":{"rendered":"\n<p><\/p>\n<ul>\n<li>2023-2025 <a href=\"https:\/\/fgvt.htwsaar.de\/site\/ConnRAD\/\">ConnRAD<\/a><\/li>\n<li>2021-2024 <a href=\"https:\/\/fgvt.htwsaar.de\/site\/gaia-x-4ams-2021-2024-2\/\">GaiaX-4-AMS<\/a><\/li>\n<li>2021 <a href=\"https:\/\/fgvt.htwsaar.de\/site\/kit2rad-2021-2\">kit2rad<\/a><\/li>\n<li>2020-2023 <a href=\"https:\/\/fgvt.htwsaar.de\/site\/flowpro-2020-2023\/\">FlowPro<\/a> (gef\u00f6rdert durch das BMVI)<\/li>\n<li>2020-2021 <a href=\"https:\/\/fgvt.htwsaar.de\/site\/mosaikd\/\">MOSAik:D<\/a> (gef\u00f6rdert durch das BMVI)<\/li>\n<li>2019-2021 <a href=\"https:\/\/fgvt.htwsaar.de\/site\/saarmos-its-2019-2021\/\">SaarMoS-ITS<\/a> (gef\u00f6rdert durch die Staatskanzlei des Saarlandes)<\/li>\n<li>2019-2021 <a href=\"https:\/\/fgvt.htwsaar.de\/site\/empower-2019-2021\/\">EM:POWER<\/a> (gef\u00f6rdert durch die EU)<\/li>\n<li>2019-2021 <a rel=\"noopener noreferrer\" href=\"https:\/\/fgvt.htwsaar.de\/site\/terminal-2019-2021\/\" target=\"_blank\">TERMINAL<\/a> (gef\u00f6rdert durch die EU)<\/li>\n<li>2018-2021 <a rel=\"noopener noreferrer\" href=\"https:\/\/fgvt.htwsaar.de\/site\/5gcroco-2018-2021\/\" target=\"_blank\">5GCroCo<\/a> (gef\u00f6rdert durch die EU)<\/li>\n<li>2018-2020 <a rel=\"noopener noreferrer\" href=\"https:\/\/fgvt.htwsaar.de\/site\/kantsaar-2018-2020\/\" target=\"_blank\">kantSaar<\/a> (gef\u00f6rdert durch das BMVI)<\/li>\n<li>2017-2020 <a href=\"https:\/\/fgvt.htwsaar.de\/site\/kosmos-2017-2020\/\">KoSMoS<\/a> (gef\u00f6rdert durch die EU und die Staatskanzlei des Saarlandes)<\/li>\n<li>2017-2021&nbsp;<a href=\"https:\/\/fgvt.htwsaar.de\/site\/c-mobile-2017-2021\/\">C-MobILE<\/a> (gef\u00f6rdert durch die EU)<\/li>\n<li>2017-2020 <a rel=\"noopener noreferrer\" href=\"https:\/\/fgvt.htwsaar.de\/site\/5g-netmobil-2017-2020\/\" target=\"_blank\" data-wpel-link=\"internal\">5G NetMobil <\/a>(gef\u00f6rdert durch das BMBF)<\/li>\n<li>2015-2018 <a rel=\"noopener noreferrer\" href=\"https:\/\/fgvt.htwsaar.de\/site\/ikopa-2015-2018\/\" target=\"_blank\">iKoPA<\/a> (gef\u00f6rdert durch das BMBF)<\/li>\n<li>2015-2017 <a rel=\"noopener noreferrer\" href=\"https:\/\/fgvt.htwsaar.de\/site\/no-limits-2015-2017\/\" target=\"_blank\">No LimITS<\/a> (gef\u00f6rdert durch das BMVI)<\/li>\n<li>2012-2018 <a rel=\"noopener noreferrer\" href=\"https:\/\/fgvt.htwsaar.de\/site\/frames-2012-2018\/\" target=\"_blank\">FRAMES<\/a> (gef\u00f6rdert durch die DGUV)<\/li>\n<li>2012-2015 <span class=\"link-external marron_p\"><a rel=\"noopener noreferrer\" href=\"https:\/\/fgvt.htwsaar.de\/site\/converge-2012-2015\/\" target=\"_blank\">CONVERGE<\/a><\/span> (gef\u00f6rdert durch das BMWi und das BMBF)<\/li>\n<li>2012-2015 <span class=\"link-external marron_p\"><a rel=\"noopener noreferrer\" href=\"https:\/\/fgvt.htwsaar.de\/site\/urban-2012-2015\/\" target=\"_blank\">UR:BAN<\/a><\/span> (gef\u00f6rdert durch das BMWi)<\/li>\n<li>2008-2012&nbsp;<span class=\"link-external marron_p\"><a rel=\"noopener noreferrer\" href=\"https:\/\/fgvt.htwsaar.de\/site\/simtd-2008-2012\/\" target=\"_blank\">sim<sup>TD<\/sup><\/a><\/span> (gef\u00f6rdert durch das BMWi und das BMBF)<\/li>\n<li>2006-2010 <span class=\"marron_p\"><a class=\"external-link\" title=\"\" rel=\"noopener noreferrer\" href=\"https:\/\/fgvt.htwsaar.de\/site\/aktiv-vm-2006-2010\/\" target=\"_blank\">AKTIV-VM<\/a><\/span> (gef\u00f6rdert durch das BMWi)<\/li>\n<li>2006-2010 <span class=\"marron_p\"><a class=\"external-link\" title=\"\" rel=\"noopener noreferrer\" href=\"https:\/\/fgvt.htwsaar.de\/site\/cvis-2006-2010\/\" target=\"_blank\">CVIS<\/a><\/span> (gef\u00f6rdert durch die EU)<\/li>\n<li>2004-2007 <a rel=\"noopener noreferrer\" href=\"https:\/\/fgvt.htwsaar.de\/site\/prevent-willwarn-2004-2007\/\" target=\"_blank\"><span class=\"marron_p\">PReVENT-WILLWARN<\/span><\/a> (gef\u00f6rdert durch die EU)\n<p><\/p>\n<\/li>\n<\/ul>\n\n\n<div class=\"wp-block-image\">\n<figure class=\"aligncenter\"><img decoding=\"async\" src=\"https:\/\/fgvt.htwsaar.de\/public\/wp-content\/uploads\/2019\/01\/Zeitplanung_Webseite-1-1024x456.jpg\" alt=\"\" class=\"wp-image-3346\"\/><\/figure>\n<\/div>","protected":false},"excerpt":{"rendered":"<p>2023-2025 ConnRAD 2021-2024 GaiaX-4-AMS 2021 kit2rad 2020-2023 FlowPro (gef\u00f6rdert durch das BMVI) 2020-2021 MOSAik:D (gef\u00f6rdert durch das BMVI) 2019-2021 SaarMoS-ITS (gef\u00f6rdert durch die Staatskanzlei des Saarlandes) 2019-2021 EM:POWER (gef\u00f6rdert durch die EU) 2019-2021 TERMINAL (gef\u00f6rdert durch die EU) 2018-2021 5GCroCo (gef\u00f6rdert durch die EU) 2018-2020 kantSaar (gef\u00f6rdert durch das BMVI) [&hellip;]<\/p>\n","protected":false},"author":1,"featured_media":0,"parent":0,"menu_order":0,"comment_status":"closed","ping_status":"closed","template":"","meta":{"footnotes":""},"class_list":["post-57","page","type-page","status-publish","hentry"],"_links":{"self":[{"href":"https:\/\/fgvt.htwsaar.de\/site\/wp-json\/wp\/v2\/pages\/57","targetHints":{"allow":["GET"]}}],"collection":[{"href":"https:\/\/fgvt.htwsaar.de\/site\/wp-json\/wp\/v2\/pages"}],"about":[{"href":"https:\/\/fgvt.htwsaar.de\/site\/wp-json\/wp\/v2\/types\/page"}],"author":[{"embeddable":true,"href":"https:\/\/fgvt.htwsaar.de\/site\/wp-json\/wp\/v2\/users\/1"}],"replies":[{"embeddable":true,"href":"https:\/\/fgvt.htwsaar.de\/site\/wp-json\/wp\/v2\/comments?post=57"}],"version-history":[{"count":13,"href":"https:\/\/fgvt.htwsaar.de\/site\/wp-json\/wp\/v2\/pages\/57\/revisions"}],"predecessor-version":[{"id":3120,"href":"https:\/\/fgvt.htwsaar.de\/site\/wp-json\/wp\/v2\/pages\/57\/revisions\/3120"}],"wp:attachment":[{"href":"https:\/\/fgvt.htwsaar.de\/site\/wp-json\/wp\/v2\/media?parent=57"}],"curies":[{"name":"wp","href":"https:\/\/api.w.org\/{rel}","templated":true}]}}