{"id":51,"date":"2019-06-28T16:01:28","date_gmt":"2019-06-28T14:01:28","guid":{"rendered":"https:\/\/fgvt.htwsaar.de\/site\/?page_id=51"},"modified":"2020-03-04T12:53:35","modified_gmt":"2020-03-04T11:53:35","slug":"location","status":"publish","type":"page","link":"https:\/\/fgvt.htwsaar.de\/site\/en\/location\/","title":{"rendered":"Location"},"content":{"rendered":"\n<h5 class=\"wp-block-heading\"><strong>Hochschul-Technologie-Zentrum (HTZ) at InnovationsCampus Saar<\/strong><\/h5>\n\n\n\n<figure class=\"wp-block-gallery aligncenter columns-1 is-cropped wp-block-gallery-1 is-layout-flex wp-block-gallery-is-layout-flex\"><ul class=\"blocks-gallery-grid\"><li class=\"blocks-gallery-item\"><figure><img loading=\"lazy\" decoding=\"async\" width=\"1024\" height=\"683\" src=\"https:\/\/fgvt.htwsaar.de\/site\/wp-content\/uploads\/2020\/03\/IMG_9448.jpg\" alt=\"\" data-id=\"1205\" data-full-url=\"https:\/\/fgvt.htwsaar.de\/site\/wp-content\/uploads\/2020\/03\/IMG_9448.jpg\" data-link=\"https:\/\/fgvt.htwsaar.de\/site\/standort\/img_9448\/\" class=\"wp-image-1205\" srcset=\"https:\/\/fgvt.htwsaar.de\/site\/wp-content\/uploads\/2020\/03\/IMG_9448.jpg 1024w, https:\/\/fgvt.htwsaar.de\/site\/wp-content\/uploads\/2020\/03\/IMG_9448-300x200.jpg 300w, https:\/\/fgvt.htwsaar.de\/site\/wp-content\/uploads\/2020\/03\/IMG_9448-768x512.jpg 768w, https:\/\/fgvt.htwsaar.de\/site\/wp-content\/uploads\/2020\/03\/IMG_9448-360x240.jpg 360w\" sizes=\"auto, (max-width: 1024px) 100vw, 1024px\" \/><\/figure><\/li><\/ul><\/figure>\n\n\n\n<p>Institutes, research groups and spin-offs at the HTZ:<\/p>\n\n\n\n<ul class=\"wp-block-list\"><li>ISCOM (Institut f\u00fcr Supply Chain und Operations Management)<\/li><li>FGVT (Forschungsgruppe Verkehrstelematik)<\/li><li>FORGIS GmbH (Institut f\u00fcr Fahrzeug- und Umwelttechnik)<\/li><li>Forschungsgruppe Windenergie<\/li><li>Labor f\u00fcr Energie- und Solartechnik<\/li><li>RI-ComET &#8211; Forschungsgruppe Breitbandnetze<\/li><li>SALINE &#8222;Saarl\u00e4ndische Lerninitiative f\u00fcr nachhaltige Energienutzung\u201c<\/li><li>TZSB Testzentrum Saarbr\u00fccken<\/li><li>Qbing Forschungsgruppe<\/li><\/ul>\n\n\n\n<figure class=\"wp-block-table\"><table class=\"\"><tbody><tr><td><a href=\"https:\/\/fgvt.htwsaar.de\/public\/wp-content\/uploads\/2015\/07\/IMG_9476.jpg\"><\/a><\/td><td><a href=\"https:\/\/fgvt.htwsaar.de\/public\/wp-content\/uploads\/2015\/07\/IMG_9480.jpg\"><\/a><\/td><\/tr><tr><td><a href=\"https:\/\/fgvt.htwsaar.de\/public\/wp-content\/uploads\/2015\/07\/IMG_9481.jpg\"><\/a><\/td><td><a href=\"https:\/\/fgvt.htwsaar.de\/public\/wp-content\/uploads\/2015\/07\/IMG_9441.jpg\"><\/a><\/td><\/tr><\/tbody><\/table><\/figure>\n\n\n\n<p>more information: <a href=\"http:\/\/www.innovationscampussaar.de\/startseite\/\">http:\/\/www.innovationscampussaar.de\/startseite\/<\/a><\/p>\n\n\n\n<figure class=\"wp-block-gallery aligncenter columns-1 is-cropped wp-block-gallery-2 is-layout-flex wp-block-gallery-is-layout-flex\"><ul class=\"blocks-gallery-grid\"><li class=\"blocks-gallery-item\"><figure><img loading=\"lazy\" decoding=\"async\" width=\"1024\" height=\"683\" src=\"https:\/\/fgvt.htwsaar.de\/site\/wp-content\/uploads\/2020\/03\/IMG_9467.jpg\" alt=\"\" data-id=\"1206\" data-full-url=\"https:\/\/fgvt.htwsaar.de\/site\/wp-content\/uploads\/2020\/03\/IMG_9467.jpg\" data-link=\"https:\/\/fgvt.htwsaar.de\/site\/standort\/img_9467\/\" class=\"wp-image-1206\" srcset=\"https:\/\/fgvt.htwsaar.de\/site\/wp-content\/uploads\/2020\/03\/IMG_9467.jpg 1024w, https:\/\/fgvt.htwsaar.de\/site\/wp-content\/uploads\/2020\/03\/IMG_9467-300x200.jpg 300w, https:\/\/fgvt.htwsaar.de\/site\/wp-content\/uploads\/2020\/03\/IMG_9467-768x512.jpg 768w, https:\/\/fgvt.htwsaar.de\/site\/wp-content\/uploads\/2020\/03\/IMG_9467-360x240.jpg 360w\" sizes=\"auto, (max-width: 1024px) 100vw, 1024px\" \/><\/figure><\/li><\/ul><\/figure>\n\n\n\n<hr class=\"wp-block-separator\"\/>\n\n\n\n<p><strong><br>Hochschul-Technologie-Zentrum<\/strong><br><strong> Altenkesseler Stra\u00dfe 17<\/strong><br><strong> Geb. D2<\/strong><br><strong> 66115 Saarbr\u00fccken<\/strong><\/p>\n\n\n\n<figure class=\"wp-block-image\"><a href=\"https:\/\/www.openstreetmap.org\/search?query=Hochschul-Technologie-Zentrum%20Saarbr%C3%BCcken#map=17\/49.24504\/6.93701\"><img loading=\"lazy\" decoding=\"async\" width=\"900\" height=\"606\" src=\"https:\/\/fgvt.htwsaar.de\/site\/wp-content\/uploads\/2020\/03\/map.png\" alt=\"Standort\" class=\"wp-image-1305\" srcset=\"https:\/\/fgvt.htwsaar.de\/site\/wp-content\/uploads\/2020\/03\/map.png 900w, https:\/\/fgvt.htwsaar.de\/site\/wp-content\/uploads\/2020\/03\/map-300x202.png 300w, https:\/\/fgvt.htwsaar.de\/site\/wp-content\/uploads\/2020\/03\/map-768x517.png 768w\" sizes=\"auto, (max-width: 900px) 100vw, 900px\" \/><\/a><\/figure>\n","protected":false},"excerpt":{"rendered":"<p>Hochschul-Technologie-Zentrum (HTZ) at InnovationsCampus Saar Institutes, research groups and spin-offs at the HTZ: ISCOM (Institut f\u00fcr Supply Chain und Operations Management) FGVT (Forschungsgruppe Verkehrstelematik) FORGIS GmbH (Institut f\u00fcr Fahrzeug- und Umwelttechnik) Forschungsgruppe Windenergie Labor f\u00fcr Energie- und Solartechnik RI-ComET &#8211; Forschungsgruppe Breitbandnetze SALINE &#8222;Saarl\u00e4ndische Lerninitiative f\u00fcr nachhaltige Energienutzung\u201c TZSB Testzentrum [&hellip;]<\/p>\n","protected":false},"author":1,"featured_media":0,"parent":0,"menu_order":0,"comment_status":"closed","ping_status":"closed","template":"","meta":{"footnotes":""},"class_list":["post-51","page","type-page","status-publish","hentry"],"_links":{"self":[{"href":"https:\/\/fgvt.htwsaar.de\/site\/wp-json\/wp\/v2\/pages\/51","targetHints":{"allow":["GET"]}}],"collection":[{"href":"https:\/\/fgvt.htwsaar.de\/site\/wp-json\/wp\/v2\/pages"}],"about":[{"href":"https:\/\/fgvt.htwsaar.de\/site\/wp-json\/wp\/v2\/types\/page"}],"author":[{"embeddable":true,"href":"https:\/\/fgvt.htwsaar.de\/site\/wp-json\/wp\/v2\/users\/1"}],"replies":[{"embeddable":true,"href":"https:\/\/fgvt.htwsaar.de\/site\/wp-json\/wp\/v2\/comments?post=51"}],"version-history":[{"count":4,"href":"https:\/\/fgvt.htwsaar.de\/site\/wp-json\/wp\/v2\/pages\/51\/revisions"}],"predecessor-version":[{"id":1308,"href":"https:\/\/fgvt.htwsaar.de\/site\/wp-json\/wp\/v2\/pages\/51\/revisions\/1308"}],"wp:attachment":[{"href":"https:\/\/fgvt.htwsaar.de\/site\/wp-json\/wp\/v2\/media?parent=51"}],"curies":[{"name":"wp","href":"https:\/\/api.w.org\/{rel}","templated":true}]}}