{"id":49,"date":"2019-06-28T16:01:15","date_gmt":"2019-06-28T14:01:15","guid":{"rendered":"https:\/\/fgvt.htwsaar.de\/site\/?page_id=49"},"modified":"2020-03-04T12:49:08","modified_gmt":"2020-03-04T11:49:08","slug":"standort","status":"publish","type":"page","link":"https:\/\/fgvt.htwsaar.de\/site\/standort\/","title":{"rendered":"Standort"},"content":{"rendered":"\n<h5 class=\"wp-block-heading\"><strong>Hochschul-Technologie-Zentrum (HTZ) am InnovationsCampus Saar<\/strong><\/h5>\n\n\n\n<figure class=\"wp-block-gallery aligncenter columns-1 is-cropped wp-block-gallery-1 is-layout-flex wp-block-gallery-is-layout-flex\"><ul class=\"blocks-gallery-grid\"><li class=\"blocks-gallery-item\"><figure><img loading=\"lazy\" decoding=\"async\" width=\"1024\" height=\"683\" src=\"https:\/\/fgvt.htwsaar.de\/site\/wp-content\/uploads\/2020\/03\/IMG_9448.jpg\" alt=\"\" data-id=\"1205\" data-full-url=\"https:\/\/fgvt.htwsaar.de\/site\/wp-content\/uploads\/2020\/03\/IMG_9448.jpg\" data-link=\"https:\/\/fgvt.htwsaar.de\/site\/standort\/img_9448\/\" class=\"wp-image-1205\" srcset=\"https:\/\/fgvt.htwsaar.de\/site\/wp-content\/uploads\/2020\/03\/IMG_9448.jpg 1024w, https:\/\/fgvt.htwsaar.de\/site\/wp-content\/uploads\/2020\/03\/IMG_9448-300x200.jpg 300w, https:\/\/fgvt.htwsaar.de\/site\/wp-content\/uploads\/2020\/03\/IMG_9448-768x512.jpg 768w, https:\/\/fgvt.htwsaar.de\/site\/wp-content\/uploads\/2020\/03\/IMG_9448-360x240.jpg 360w\" sizes=\"auto, (max-width: 1024px) 100vw, 1024px\" \/><\/figure><\/li><\/ul><\/figure>\n\n\n\n<p>Seit dem 1. Oktober 2008 verf\u00fcgt die htw saar \u00fcber den fr\u00fcheren Standort des \u201eZentrums f\u00fcr innovative Produktion\u201c (ZIP) auf dem InnovationsCampus Saar in Burbach. Das Hochschul-Technologie-Zentrum (HTZ) ist als &#8222;InnovationsCampus&#8220; einer der f\u00fcnf htw saar-Standorte. Der neue Campus ist Sitz von Forschungsgruppen, Instituten und mehreren Fremdfirmen, sowie Ausgr\u00fcndungen der htw saar.<\/p>\n\n\n\n<p>Mit mehr als 60 HighTech-Unternehmen und dem Hochschul-Technologie-Zentrum (HTZ) z\u00e4hlt der IT ParkSaarland (jetzt: InnovationsCampus Saar) zu den f\u00fchrenden IT-Standorten im Saarland.<\/p>\n\n\n\n<p>An diesem Standort haben sich Firmen der Informationstechnologie angesiedelt. \u00dcber die Georg-Heckel-Stra\u00dfe ist das Areal gut an die Autobahn A 620 und die Bundesstra\u00dfe B 51 angebunden.<\/p>\n\n\n\n<p>Die Unternehmen am Standort reichen von etablierten Unternehmen aus der Technologiebranche \u00fcber Start-Ups bis hin zu universit\u00e4ren Einrichtungen und bilden eine erfolgreiche Basis f\u00fcr den Erfolg des Standorts.<\/p>\n\n\n\n<p>Seine exzellente infrastrukturelle Ausstattung von der Kindertagesst\u00e4tte sowie des Glasfasernetzes bis hin zur Verkehrsanbindung tragen ihrerseits zur Attraktivit\u00e4t des Standorts bei.<\/p>\n\n\n\n<p>Anfahrt unter <a href=\"https:\/\/fgvt.htwsaar.de\/site\/so-finden-sie-uns\/\" target=\"_blank\" rel=\"noreferrer noopener\" aria-label=\"So finden Sie uns (\u00f6ffnet in neuem Tab)\">So finden Sie uns<\/a>.<\/p>\n\n\n\n<figure class=\"wp-block-table\"><table class=\"\"><tbody><tr><td><a href=\"https:\/\/fgvt.htwsaar.de\/public\/wp-content\/uploads\/2015\/07\/IMG_9456.jpg\"><\/a><\/td><td><a href=\"https:\/\/fgvt.htwsaar.de\/public\/wp-content\/uploads\/2015\/07\/IMG_9455.jpg\"><\/a><\/td><\/tr><tr><td><a href=\"https:\/\/fgvt.htwsaar.de\/public\/wp-content\/uploads\/2015\/07\/IMG_9460.jpg\"><\/a><\/td><td><a href=\"https:\/\/fgvt.htwsaar.de\/public\/wp-content\/uploads\/2015\/07\/IMG_9467.jpg\"><\/a><\/td><\/tr><tr><td><a href=\"https:\/\/fgvt.htwsaar.de\/public\/wp-content\/uploads\/2015\/07\/IMG_9474.jpg\"><\/a><\/td><td>&nbsp;<\/td><\/tr><\/tbody><\/table><\/figure>\n\n\n\n<p>Institute, Forschungsgruppen und Ausgr\u00fcndungen im HTZ:<\/p>\n\n\n\n<ul class=\"wp-block-list\"><li>ISCOM (Institut f\u00fcr Supply Chain und Operations Management)<\/li><li>FGVT (Forschungsgruppe Verkehrstelematik)<\/li><li>FORGIS GmbH (Institut f\u00fcr Fahrzeug- und Umwelttechnik)<\/li><li>Forschungsgruppe Windenergie<\/li><li>Labor f\u00fcr Energie- und Solartechnik<\/li><li>RI-ComET &#8211; Forschungsgruppe Breitbandnetze<\/li><li>SALINE &#8222;Saarl\u00e4ndische Lerninitiative f\u00fcr nachhaltige Energienutzung\u201c<\/li><li>TZSB Testzentrum Saarbr\u00fccken<\/li><li>Qbing Forschungsgruppe<\/li><\/ul>\n\n\n\n<figure class=\"wp-block-table\"><table class=\"\"><tbody><tr><td><a href=\"https:\/\/fgvt.htwsaar.de\/public\/wp-content\/uploads\/2015\/07\/IMG_9476.jpg\"><\/a><\/td><td><a href=\"https:\/\/fgvt.htwsaar.de\/public\/wp-content\/uploads\/2015\/07\/IMG_9480.jpg\"><\/a><\/td><\/tr><tr><td><a href=\"https:\/\/fgvt.htwsaar.de\/public\/wp-content\/uploads\/2015\/07\/IMG_9481.jpg\"><\/a><\/td><td><a href=\"https:\/\/fgvt.htwsaar.de\/public\/wp-content\/uploads\/2015\/07\/IMG_9441.jpg\"><\/a><\/td><\/tr><\/tbody><\/table><\/figure>\n\n\n\n<p>Weitere Informationen: <a href=\"http:\/\/www.innovationscampussaar.de\/startseite\/\">http:\/\/www.innovationscampussaar.de\/startseite\/<\/a><\/p>\n\n\n\n<p><em>Am 16. Juli 2015 fand die <\/em><em>offizielle Umbenennung des <\/em><strong>IT ParkSaarland&nbsp;<\/strong><em>in<\/em><strong>&nbsp;InnovationsCampus Saar <\/strong><em>statt.<\/em><\/p>\n\n\n\n<figure class=\"wp-block-gallery aligncenter columns-1 is-cropped wp-block-gallery-2 is-layout-flex wp-block-gallery-is-layout-flex\"><ul class=\"blocks-gallery-grid\"><li class=\"blocks-gallery-item\"><figure><img loading=\"lazy\" decoding=\"async\" width=\"1024\" height=\"683\" src=\"https:\/\/fgvt.htwsaar.de\/site\/wp-content\/uploads\/2020\/03\/IMG_9467.jpg\" alt=\"\" data-id=\"1206\" data-full-url=\"https:\/\/fgvt.htwsaar.de\/site\/wp-content\/uploads\/2020\/03\/IMG_9467.jpg\" data-link=\"https:\/\/fgvt.htwsaar.de\/site\/standort\/img_9467\/\" class=\"wp-image-1206\" srcset=\"https:\/\/fgvt.htwsaar.de\/site\/wp-content\/uploads\/2020\/03\/IMG_9467.jpg 1024w, https:\/\/fgvt.htwsaar.de\/site\/wp-content\/uploads\/2020\/03\/IMG_9467-300x200.jpg 300w, https:\/\/fgvt.htwsaar.de\/site\/wp-content\/uploads\/2020\/03\/IMG_9467-768x512.jpg 768w, https:\/\/fgvt.htwsaar.de\/site\/wp-content\/uploads\/2020\/03\/IMG_9467-360x240.jpg 360w\" sizes=\"auto, (max-width: 1024px) 100vw, 1024px\" \/><\/figure><\/li><\/ul><\/figure>\n\n\n\n<hr class=\"wp-block-separator\"\/>\n\n\n\n<p><strong><br>Hochschul-Technologie-Zentrum<\/strong><br><strong> Altenkesseler Stra\u00dfe 17<\/strong><br><strong> Geb. D2<\/strong><br><strong> 66115 Saarbr\u00fccken<\/strong><\/p>\n\n\n\n<figure class=\"wp-block-image\"><a href=\"https:\/\/www.openstreetmap.org\/search?query=Hochschul-Technologie-Zentrum%20Saarbr%C3%BCcken#map=17\/49.24504\/6.93701\"><img loading=\"lazy\" decoding=\"async\" width=\"900\" height=\"606\" src=\"https:\/\/fgvt.htwsaar.de\/site\/wp-content\/uploads\/2020\/03\/map.png\" alt=\"Standort\" class=\"wp-image-1305\" srcset=\"https:\/\/fgvt.htwsaar.de\/site\/wp-content\/uploads\/2020\/03\/map.png 900w, https:\/\/fgvt.htwsaar.de\/site\/wp-content\/uploads\/2020\/03\/map-300x202.png 300w, https:\/\/fgvt.htwsaar.de\/site\/wp-content\/uploads\/2020\/03\/map-768x517.png 768w\" sizes=\"auto, (max-width: 900px) 100vw, 900px\" \/><\/a><\/figure>\n","protected":false},"excerpt":{"rendered":"<p>Hochschul-Technologie-Zentrum (HTZ) am InnovationsCampus Saar Seit dem 1. Oktober 2008 verf\u00fcgt die htw saar \u00fcber den fr\u00fcheren Standort des \u201eZentrums f\u00fcr innovative Produktion\u201c (ZIP) auf dem InnovationsCampus Saar in Burbach. Das Hochschul-Technologie-Zentrum (HTZ) ist als &#8222;InnovationsCampus&#8220; einer der f\u00fcnf htw saar-Standorte. Der neue Campus ist Sitz von Forschungsgruppen, Instituten und [&hellip;]<\/p>\n","protected":false},"author":1,"featured_media":0,"parent":0,"menu_order":0,"comment_status":"closed","ping_status":"closed","template":"","meta":{"footnotes":""},"class_list":["post-49","page","type-page","status-publish","hentry"],"_links":{"self":[{"href":"https:\/\/fgvt.htwsaar.de\/site\/wp-json\/wp\/v2\/pages\/49","targetHints":{"allow":["GET"]}}],"collection":[{"href":"https:\/\/fgvt.htwsaar.de\/site\/wp-json\/wp\/v2\/pages"}],"about":[{"href":"https:\/\/fgvt.htwsaar.de\/site\/wp-json\/wp\/v2\/types\/page"}],"author":[{"embeddable":true,"href":"https:\/\/fgvt.htwsaar.de\/site\/wp-json\/wp\/v2\/users\/1"}],"replies":[{"embeddable":true,"href":"https:\/\/fgvt.htwsaar.de\/site\/wp-json\/wp\/v2\/comments?post=49"}],"version-history":[{"count":5,"href":"https:\/\/fgvt.htwsaar.de\/site\/wp-json\/wp\/v2\/pages\/49\/revisions"}],"predecessor-version":[{"id":1306,"href":"https:\/\/fgvt.htwsaar.de\/site\/wp-json\/wp\/v2\/pages\/49\/revisions\/1306"}],"wp:attachment":[{"href":"https:\/\/fgvt.htwsaar.de\/site\/wp-json\/wp\/v2\/media?parent=49"}],"curies":[{"name":"wp","href":"https:\/\/api.w.org\/{rel}","templated":true}]}}