{"id":3055,"date":"2023-09-07T11:25:38","date_gmt":"2023-09-07T09:25:38","guid":{"rendered":"https:\/\/fgvt.htwsaar.de\/site\/?page_id=3055"},"modified":"2023-09-07T18:29:58","modified_gmt":"2023-09-07T16:29:58","slug":"connrad","status":"publish","type":"page","link":"https:\/\/fgvt.htwsaar.de\/site\/connrad\/","title":{"rendered":"ConnRAD (2023-2025)"},"content":{"rendered":"\n<h2 class=\"wp-block-heading\">ConnRAD &#8211; Connectivity &amp; Resilienz f\u00fcr automatisierte Fahrfunktionen in Deutschland<\/h2>\n\n\n\n<figure class=\"wp-block-image size-large\"><img loading=\"lazy\" decoding=\"async\" width=\"1024\" height=\"483\" src=\"https:\/\/fgvt.htwsaar.de\/site\/wp-content\/uploads\/2023\/09\/ConnRAD_Logo_de-1024x483.png\" alt=\"\" class=\"wp-image-3085\" srcset=\"https:\/\/fgvt.htwsaar.de\/site\/wp-content\/uploads\/2023\/09\/ConnRAD_Logo_de-1024x483.png 1024w, https:\/\/fgvt.htwsaar.de\/site\/wp-content\/uploads\/2023\/09\/ConnRAD_Logo_de-300x142.png 300w, https:\/\/fgvt.htwsaar.de\/site\/wp-content\/uploads\/2023\/09\/ConnRAD_Logo_de-768x362.png 768w, https:\/\/fgvt.htwsaar.de\/site\/wp-content\/uploads\/2023\/09\/ConnRAD_Logo_de-1536x725.png 1536w, https:\/\/fgvt.htwsaar.de\/site\/wp-content\/uploads\/2023\/09\/ConnRAD_Logo_de-2048x967.png 2048w\" sizes=\"auto, (max-width: 1024px) 100vw, 1024px\" \/><\/figure>\n\n\n\n<p>Automatisierte Mobilit\u00e4t mag sich f\u00fcr viele Menschen noch immer nach Zukunftsmusik anh\u00f6ren, allerdings gibt es bereits heute eine Vielzahl automatisierter Fahrfunktionen: Es gibt beispielsweise Spurhaltesysteme und Notbremsassistenten die die Sicherheit im Stra\u00dfenverkehr erh\u00f6hen, Abstandshaltesysteme um die Effizienz zu verbessern, oder Einparkhilfen zur Erh\u00f6hung des Fahrkomforts. Allen diesen automatisierten Fahrfunktionen ist heutzutage noch gemein, dass sie sich ausschlie\u00dflich auf fahrzeuginterne Sensorik verlassen, und damit ein Sichtfeld besitzen, das in etwa dem des Fahrers entspricht. Daneben gibt es allerdings auch heute schon die technische M\u00f6glichkeit, mittels V2X(Vehicle-to-anything)-Kommunikation diesen Wahrnehmungshorizont deutlich zu erweitern, in dem das Fahrzeug mit anderen Fahrzeugen oder der Infrastruktur &#8222;spricht&#8220;, und so an deren Wahrnehmung partizipiert oder gegebenenfalls sogar Warnungen vor bis dahin unsichtbaren Gefahren empf\u00e4ngt. Der Einsatz dieser Technologien ist aber aktuell noch durch regulatorische Vorgaben stark eingeschr\u00e4nkt. So werden bereits standardisiert Nachrichten zwischen Fahrzeugen bzw. der Infrastruktur ausgetauscht, allerdings d\u00fcrfen diese Informationen, aufgrund der mangelnden Verl\u00e4sslichkeit von drahtloser Kommunikation, nicht f\u00fcr sicherheitskritische Fahrfunktionen genutzt werden. Um diese Fahrfunktionen zulassungsf\u00e4hig zu machen, m\u00fcssen individuelle Fahrzeuge in der Lage sein, die Vertrauensw\u00fcrdigkeit von Kommunikationspartnern und den von ihnen \u00fcbermittelten Informationen zu bewerten und entsprechende Ma\u00dfnahmen zu treffen.<\/p>\n\n\n\n<p>Das Ziel des Projektes &#8222;ConnRAD&#8220; ist es, eine verl\u00e4ssliche und resiliente Kommunikation zwischen Verkehrsteilnehmern zu erm\u00f6glichen. Hierzu wird im Rahmen von drei beispielhaften Use Cases eine resiliente und universelle Kommunikationsarchitektur entwickelt. Zentrale Frage ist hier, wie sich Vertrauen zwischen Kommunikationspartnern und in die \u00fcbertragenen Informationen aufbauen l\u00e4sst. Naheliegende Ans\u00e4tze zur Bewertung der Vertrauensw\u00fcrdigkeit w\u00e4ren hier die Qualit\u00e4t der Daten oder Informationen dar\u00fcber, wie sie zustande kommen, bzw. auch die Frage, wie sich die Qualit\u00e4t von Daten letztendlich \u00fcberhaupt bewerten l\u00e4sst. Dar\u00fcber hinaus werden Stakeholder, vor allem im legalen bzw. regulatorischen Bereich, sowie bestehende L\u00fccken in Standards und Gesetzen identifiziert, die eine Zulassung aktuell noch verhindern. Hier gewonnene Erkenntnisse sollen anschlie\u00dfend in ein Vertrauensmodell einflie\u00dfen, um eine Vertrauensw\u00fcrdigkeit auch quantifizieren zu k\u00f6nnen. Final sollen die Projektergebnisse zu einer Anpassung bzw. Erweiterung bestehender Standards und Kommunikationsprotokolle f\u00fchren, um ein Konzept f\u00fcr einen Zulassungsprozess zu entwickeln.<\/p>\n\n\n\n<h4 class=\"wp-block-heading\"><strong>Beitrag FGVT<\/strong><\/h4>\n\n\n\n<p>Die FGVT ist im Projekt in allen Arbeitspaketen vertreten und leitet AP1: &#8222;Resiliente Kommunikationsarchitektur und -protokolle f\u00fcr skalierbare, resiliente Verl\u00e4sslichkeit&#8220;. Des Weiteren ist sie verantwortlich f\u00fcr Use Case 2: &#8222;Verl\u00e4ssliche und vertrauensw\u00fcrdige Ereignismitteilung \u00fcber V2X-Direktkommunikation f\u00fcr Autobahnen&#8220;, den sie implementiert und in die eigenen Fahrzeuge bzw. Infrastruktur integriert.<\/p>\n\n\n\n<h5 class=\"wp-block-heading\"><strong>Verbundkoordinator<\/strong><\/h5>\n\n\n\n<figure class=\"wp-block-image size-full is-resized\"><img loading=\"lazy\" decoding=\"async\" src=\"https:\/\/fgvt.htwsaar.de\/site\/wp-content\/uploads\/2023\/09\/Bosch_logo_de.png\" alt=\"\" class=\"wp-image-3076\" width=\"287\" height=\"125\"\/><\/figure>\n\n\n\n<h5 class=\"wp-block-heading\"><strong>Projektpartner<\/strong><\/h5>\n\n\n\n<div class=\"wp-block-columns is-layout-flex wp-container-core-columns-is-layout-28f84493 wp-block-columns-is-layout-flex\">\n<div class=\"wp-block-column is-vertically-aligned-top is-layout-flow wp-block-column-is-layout-flow\">\n<figure class=\"wp-block-image size-medium is-resized\"><img loading=\"lazy\" decoding=\"async\" src=\"https:\/\/fgvt.htwsaar.de\/site\/wp-content\/uploads\/2023\/09\/dcaiti_logo_de-300x96.png\" alt=\"\" class=\"wp-image-3068\" width=\"312\" height=\"100\" srcset=\"https:\/\/fgvt.htwsaar.de\/site\/wp-content\/uploads\/2023\/09\/dcaiti_logo_de-300x96.png 300w, https:\/\/fgvt.htwsaar.de\/site\/wp-content\/uploads\/2023\/09\/dcaiti_logo_de-1024x326.png 1024w, https:\/\/fgvt.htwsaar.de\/site\/wp-content\/uploads\/2023\/09\/dcaiti_logo_de-768x244.png 768w, https:\/\/fgvt.htwsaar.de\/site\/wp-content\/uploads\/2023\/09\/dcaiti_logo_de-1536x489.png 1536w, https:\/\/fgvt.htwsaar.de\/site\/wp-content\/uploads\/2023\/09\/dcaiti_logo_de-2048x652.png 2048w\" sizes=\"auto, (max-width: 312px) 100vw, 312px\" \/><\/figure>\n\n\n\n<figure class=\"wp-block-image size-medium is-resized\"><img loading=\"lazy\" decoding=\"async\" src=\"https:\/\/fgvt.htwsaar.de\/site\/wp-content\/uploads\/2023\/09\/IEM_logo_de-300x104.jpg\" alt=\"\" class=\"wp-image-3057\" width=\"288\" height=\"100\" srcset=\"https:\/\/fgvt.htwsaar.de\/site\/wp-content\/uploads\/2023\/09\/IEM_logo_de-300x104.jpg 300w, https:\/\/fgvt.htwsaar.de\/site\/wp-content\/uploads\/2023\/09\/IEM_logo_de-1024x354.jpg 1024w, https:\/\/fgvt.htwsaar.de\/site\/wp-content\/uploads\/2023\/09\/IEM_logo_de-768x265.jpg 768w, https:\/\/fgvt.htwsaar.de\/site\/wp-content\/uploads\/2023\/09\/IEM_logo_de-1536x531.jpg 1536w, https:\/\/fgvt.htwsaar.de\/site\/wp-content\/uploads\/2023\/09\/IEM_logo_de-2048x708.jpg 2048w\" sizes=\"auto, (max-width: 288px) 100vw, 288px\" \/><\/figure>\n\n\n\n<figure class=\"wp-block-image size-medium is-resized\"><img loading=\"lazy\" decoding=\"async\" src=\"https:\/\/fgvt.htwsaar.de\/site\/wp-content\/uploads\/2023\/09\/infineon_logo_de-300x143.png\" alt=\"\" class=\"wp-image-3059\" width=\"210\" height=\"100\" srcset=\"https:\/\/fgvt.htwsaar.de\/site\/wp-content\/uploads\/2023\/09\/infineon_logo_de-300x143.png 300w, https:\/\/fgvt.htwsaar.de\/site\/wp-content\/uploads\/2023\/09\/infineon_logo_de-1024x489.png 1024w, https:\/\/fgvt.htwsaar.de\/site\/wp-content\/uploads\/2023\/09\/infineon_logo_de-768x367.png 768w, https:\/\/fgvt.htwsaar.de\/site\/wp-content\/uploads\/2023\/09\/infineon_logo_de-1536x734.png 1536w, https:\/\/fgvt.htwsaar.de\/site\/wp-content\/uploads\/2023\/09\/infineon_logo_de-2048x979.png 2048w\" sizes=\"auto, (max-width: 210px) 100vw, 210px\" \/><\/figure>\n\n\n\n<figure class=\"wp-block-image size-medium is-resized\"><img loading=\"lazy\" decoding=\"async\" src=\"https:\/\/fgvt.htwsaar.de\/site\/wp-content\/uploads\/2023\/09\/TS_logo_de-300x300.png\" alt=\"\" class=\"wp-image-3074\" width=\"100\" height=\"100\" srcset=\"https:\/\/fgvt.htwsaar.de\/site\/wp-content\/uploads\/2023\/09\/TS_logo_de-300x300.png 300w, https:\/\/fgvt.htwsaar.de\/site\/wp-content\/uploads\/2023\/09\/TS_logo_de-1024x1024.png 1024w, https:\/\/fgvt.htwsaar.de\/site\/wp-content\/uploads\/2023\/09\/TS_logo_de-150x150.png 150w, https:\/\/fgvt.htwsaar.de\/site\/wp-content\/uploads\/2023\/09\/TS_logo_de-768x768.png 768w, https:\/\/fgvt.htwsaar.de\/site\/wp-content\/uploads\/2023\/09\/TS_logo_de-1536x1536.png 1536w, https:\/\/fgvt.htwsaar.de\/site\/wp-content\/uploads\/2023\/09\/TS_logo_de-2048x2048.png 2048w\" sizes=\"auto, (max-width: 100px) 100vw, 100px\" \/><\/figure>\n<\/div>\n\n\n\n<div class=\"wp-block-column is-vertically-aligned-top is-layout-flow wp-block-column-is-layout-flow\">\n<figure class=\"wp-block-image size-medium is-resized\"><img loading=\"lazy\" decoding=\"async\" src=\"https:\/\/fgvt.htwsaar.de\/site\/wp-content\/uploads\/2023\/09\/fokus_logo_de-300x103.png\" alt=\"\" class=\"wp-image-3072\" width=\"291\" height=\"100\" srcset=\"https:\/\/fgvt.htwsaar.de\/site\/wp-content\/uploads\/2023\/09\/fokus_logo_de-300x103.png 300w, https:\/\/fgvt.htwsaar.de\/site\/wp-content\/uploads\/2023\/09\/fokus_logo_de-1024x353.png 1024w, https:\/\/fgvt.htwsaar.de\/site\/wp-content\/uploads\/2023\/09\/fokus_logo_de-768x265.png 768w, https:\/\/fgvt.htwsaar.de\/site\/wp-content\/uploads\/2023\/09\/fokus_logo_de-1536x529.png 1536w, https:\/\/fgvt.htwsaar.de\/site\/wp-content\/uploads\/2023\/09\/fokus_logo_de-2048x706.png 2048w\" sizes=\"auto, (max-width: 291px) 100vw, 291px\" \/><\/figure>\n\n\n\n<figure class=\"wp-block-image size-medium is-resized\"><img loading=\"lazy\" decoding=\"async\" src=\"https:\/\/fgvt.htwsaar.de\/site\/wp-content\/uploads\/2023\/09\/FGVT_htwsaar_logo_de-300x83.png\" alt=\"\" class=\"wp-image-3070\" width=\"361\" height=\"100\" srcset=\"https:\/\/fgvt.htwsaar.de\/site\/wp-content\/uploads\/2023\/09\/FGVT_htwsaar_logo_de-300x83.png 300w, https:\/\/fgvt.htwsaar.de\/site\/wp-content\/uploads\/2023\/09\/FGVT_htwsaar_logo_de-1024x283.png 1024w, https:\/\/fgvt.htwsaar.de\/site\/wp-content\/uploads\/2023\/09\/FGVT_htwsaar_logo_de-768x212.png 768w, https:\/\/fgvt.htwsaar.de\/site\/wp-content\/uploads\/2023\/09\/FGVT_htwsaar_logo_de-1536x424.png 1536w, https:\/\/fgvt.htwsaar.de\/site\/wp-content\/uploads\/2023\/09\/FGVT_htwsaar_logo_de-2048x565.png 2048w\" sizes=\"auto, (max-width: 361px) 100vw, 361px\" \/><\/figure>\n\n\n\n<figure class=\"wp-block-image size-medium is-resized\"><img loading=\"lazy\" decoding=\"async\" src=\"https:\/\/fgvt.htwsaar.de\/site\/wp-content\/uploads\/2023\/09\/TUM_Logo_de-300x162.png\" alt=\"\" class=\"wp-image-3092\" width=\"185\" height=\"100\" srcset=\"https:\/\/fgvt.htwsaar.de\/site\/wp-content\/uploads\/2023\/09\/TUM_Logo_de-300x162.png 300w, https:\/\/fgvt.htwsaar.de\/site\/wp-content\/uploads\/2023\/09\/TUM_Logo_de.png 333w\" sizes=\"auto, (max-width: 185px) 100vw, 185px\" \/><\/figure>\n\n\n\n<figure class=\"wp-block-image size-medium is-resized\"><img loading=\"lazy\" decoding=\"async\" src=\"https:\/\/fgvt.htwsaar.de\/site\/wp-content\/uploads\/2023\/09\/uulm_logo_de-300x94.png\" alt=\"\" class=\"wp-image-3063\" width=\"319\" height=\"100\" srcset=\"https:\/\/fgvt.htwsaar.de\/site\/wp-content\/uploads\/2023\/09\/uulm_logo_de-300x94.png 300w, https:\/\/fgvt.htwsaar.de\/site\/wp-content\/uploads\/2023\/09\/uulm_logo_de-1024x321.png 1024w, https:\/\/fgvt.htwsaar.de\/site\/wp-content\/uploads\/2023\/09\/uulm_logo_de-768x241.png 768w, https:\/\/fgvt.htwsaar.de\/site\/wp-content\/uploads\/2023\/09\/uulm_logo_de-1536x482.png 1536w, https:\/\/fgvt.htwsaar.de\/site\/wp-content\/uploads\/2023\/09\/uulm_logo_de-2048x642.png 2048w\" sizes=\"auto, (max-width: 319px) 100vw, 319px\" \/><\/figure>\n<\/div>\n<\/div>\n\n\n\n<h5 class=\"wp-block-heading\"><strong>Projektlaufzeit<\/strong><\/h5>\n\n\n\n<p>2023-01 &#8211; 2025-12<\/p>\n\n\n\n<h5 class=\"wp-block-heading\"><strong>F\u00f6rdervolumen<\/strong><\/h5>\n\n\n\n<p>ca. 7,3 M\u20ac<\/p>\n\n\n\n<h5 class=\"wp-block-heading\"><strong>Gef\u00f6rdert durch<\/strong><\/h5>\n\n\n\n<figure class=\"wp-block-image size-full is-resized\"><img loading=\"lazy\" decoding=\"async\" src=\"https:\/\/fgvt.htwsaar.de\/site\/wp-content\/uploads\/2023\/09\/bmbf_forderlogo_de.jpg\" alt=\"\" class=\"wp-image-3065\" width=\"441\" height=\"313\" srcset=\"https:\/\/fgvt.htwsaar.de\/site\/wp-content\/uploads\/2023\/09\/bmbf_forderlogo_de.jpg 881w, https:\/\/fgvt.htwsaar.de\/site\/wp-content\/uploads\/2023\/09\/bmbf_forderlogo_de-300x213.jpg 300w, https:\/\/fgvt.htwsaar.de\/site\/wp-content\/uploads\/2023\/09\/bmbf_forderlogo_de-768x545.jpg 768w\" sizes=\"auto, (max-width: 441px) 100vw, 441px\" \/><\/figure>\n","protected":false},"excerpt":{"rendered":"<p>ConnRAD &#8211; Connectivity &amp; Resilienz f\u00fcr automatisierte Fahrfunktionen in Deutschland Automatisierte Mobilit\u00e4t mag sich f\u00fcr viele Menschen noch immer nach Zukunftsmusik anh\u00f6ren, allerdings gibt es bereits heute eine Vielzahl automatisierter Fahrfunktionen: Es gibt beispielsweise Spurhaltesysteme und Notbremsassistenten die die Sicherheit im Stra\u00dfenverkehr erh\u00f6hen, Abstandshaltesysteme um die Effizienz zu verbessern, oder [&hellip;]<\/p>\n","protected":false},"author":3,"featured_media":0,"parent":0,"menu_order":0,"comment_status":"closed","ping_status":"closed","template":"","meta":{"footnotes":""},"class_list":["post-3055","page","type-page","status-publish","hentry"],"_links":{"self":[{"href":"https:\/\/fgvt.htwsaar.de\/site\/wp-json\/wp\/v2\/pages\/3055","targetHints":{"allow":["GET"]}}],"collection":[{"href":"https:\/\/fgvt.htwsaar.de\/site\/wp-json\/wp\/v2\/pages"}],"about":[{"href":"https:\/\/fgvt.htwsaar.de\/site\/wp-json\/wp\/v2\/types\/page"}],"author":[{"embeddable":true,"href":"https:\/\/fgvt.htwsaar.de\/site\/wp-json\/wp\/v2\/users\/3"}],"replies":[{"embeddable":true,"href":"https:\/\/fgvt.htwsaar.de\/site\/wp-json\/wp\/v2\/comments?post=3055"}],"version-history":[{"count":32,"href":"https:\/\/fgvt.htwsaar.de\/site\/wp-json\/wp\/v2\/pages\/3055\/revisions"}],"predecessor-version":[{"id":3121,"href":"https:\/\/fgvt.htwsaar.de\/site\/wp-json\/wp\/v2\/pages\/3055\/revisions\/3121"}],"wp:attachment":[{"href":"https:\/\/fgvt.htwsaar.de\/site\/wp-json\/wp\/v2\/media?parent=3055"}],"curies":[{"name":"wp","href":"https:\/\/api.w.org\/{rel}","templated":true}]}}