{"id":3,"date":"2019-06-28T14:55:27","date_gmt":"2019-06-28T12:55:27","guid":{"rendered":"https:\/\/fgvt.htwsaar.de\/site\/?page_id=3"},"modified":"2020-03-02T15:48:05","modified_gmt":"2020-03-02T14:48:05","slug":"datenschutzerklaerung","status":"publish","type":"page","link":"https:\/\/fgvt.htwsaar.de\/site\/datenschutzerklaerung\/","title":{"rendered":"Datenschutzerkl\u00e4rung"},"content":{"rendered":"\n<h3 class=\"wp-block-heading\"><strong>Datenschutzerkl\u00e4rung&nbsp;<\/strong><strong>und Haftungsausschluss<\/strong><\/h3>\n\n\n\n<p>Wenn Sie auf das Internetangebot der htw saar zugreifen, stimmen Sie den folgenden Regeln bzw. Aussagen zu. Sollte dies nicht der Fall sein, gehen Sie nicht zu den Folgeseiten.&nbsp;<a href=\"https:\/\/www.htwsaar.de\/resolveuid\/b97e821da64c4547ad4b28c4aaf92882\">Bei Fragen wenden Sie sich bitte an die Datenschutzbeauftragte der htw saar<\/a>.<\/p>\n\n\n\n<h4 class=\"wp-block-heading\"><strong>Informationspflichten gem\u00e4\u00df Artikel 13 DSGVO<\/strong><\/h4>\n\n\n\n<p>Auf dieser Seite informieren wir Sie \u00fcber den Umfang der Nutzung ihrer pers\u00f6nlichen Daten, die im Zusammenhang mit der Nutzung dieser Website und der Kontaktaufnahme verarbeitet werden.<\/p>\n\n\n\n<p><strong>Kurzinformation:<br><\/strong>Wir verwenden Ihre IP-Adresse, mit der sie auf unsere Website zugreifen, lediglich im technisch notwendigen Rahmen, um den Seitenaufbau und damit die korrekte Nutzung zu erm\u00f6glichen. Dar\u00fcber hinaus speichern wir Ihre pers\u00f6nlichen Daten nur, soweit Sie \u00fcber die angegebenen Kontaktm\u00f6glichkeiten mit uns kommunizieren.<\/p>\n\n\n\n<p>IP-Adressen k\u00f6nnen den Besucher einer Webseite eindeutig identifizieren und daher auch zur Profilerstellung oder Tracking genutzt werden. Wir haben deshalb darauf geachtet, keine unn\u00f6tigen Datenr\u00fcckfl\u00fcsse an Dritte, beispielsweise bei der Einbindung von Google Schriften, zu erzeugen.<\/p>\n\n\n\n<p>Wir speichern dar\u00fcber hinaus keine Informationen \u00fcber identifizierbare Einzelzugriffe auf Inhalte unserer Website und verwenden keine Cookies.<\/p>\n\n\n\n<p>Gleichwohl weisen darauf hin, dass die Daten\u00fcbertragung im Internet (z.B. bei der Kommunikation per E-Mail) Sicherheitsl\u00fccken aufweisen kann.<\/p>\n\n\n\n<h4 class=\"wp-block-heading\"><strong>Kontaktdaten des Verantwortlichen:<\/strong><\/h4>\n\n\n\n<blockquote class=\"wp-block-quote is-layout-flow wp-block-quote-is-layout-flow\"><p>Prof. Dr. Horst Wieker<br>Leiter der&nbsp;<a href=\"https:\/\/fgvt.htwsaar.de\/public\/\">Forschungsgruppe Verkehrstelematik (FGVT)<\/a>&nbsp;an der&nbsp;<a href=\"https:\/\/www.htwsaar.de\/\">Hochschule f\u00fcr Technik und Wirtschaft des Saarlandes,&nbsp;<\/a><br>Goebenstra\u00dfe 40, 66117 Saarbr\u00fccken<br>Telefon&nbsp; +49 681 5867 195, Fax +49 681 5867 122<br><a href=\"mailto:wieker@htwsaar.de\">wieker@htwsaar.de<\/a><\/p><\/blockquote>\n\n\n\n<p><strong>Kontaktadresse des&nbsp;<a href=\"https:\/\/www.htwsaar.de\/hochschule\/organisation\/vertretungen\/datenschutz\/datenschutz\">Datenschtuzbeauftragten der htw saar<\/a>:<\/strong><\/p>\n\n\n\n<p>Barbara Partzsch, Ass.jur.<br>t +49 (0) 681 5867-952<br><a href=\"mailto:barbara.partzsch@htwsaar.de\">barbara.partzsch@htwsaar.de<\/a><\/p>\n\n\n\n<h4 class=\"wp-block-heading\"><strong>Zwecke der Verarbeitung<\/strong><\/h4>\n\n\n\n<p><strong>Beim Besuch unserer Website:<\/strong><\/p>\n\n\n\n<p>F\u00fcr die Bereitstellung unserer Website ist die vor\u00fcbergehende Speicherung Ihrer IP-Adresse durch das System notwendig, um eine Auslieferung der Website an Ihr Endger\u00e4t zu erm\u00f6glichen.<\/p>\n\n\n\n<p><strong>Bei Kontaktaufnahme:<\/strong><\/p>\n\n\n\n<p>Die Verarbeitung ihrer personenbezogenen Daten, die sie uns bei einer Kontaktaufnahme selbst zur Verf\u00fcgung stellen (z.B. E-Mail oder Name), verarbeiten &nbsp;wir ausschlie\u00dflich zur Bearbeitung der Kontaktaufnahme.<\/p>\n\n\n\n<h4 class=\"wp-block-heading\"><strong>Erhebung und Verwendung personenbezogener Daten<\/strong><\/h4>\n\n\n\n<p><strong>Beim Besuch unserer Website:<\/strong><\/p>\n\n\n\n<p>Wir speichern Ihre IP-Adresse, mit der Sie auf die von uns betriebenen informationstechnischen Systeme zugreifen, nur, soweit es technisch f\u00fcr den Betrieb der Website erforderlich ist. Wenn Sie unsere Seite aufrufen, wird durch Ihr Endger\u00e4t eine Datenverarbeitung initiiert, die im Wesentlichen in der Auswahl und Bereitstellung der gew\u00fcnschten Informationen besteht und regelm\u00e4\u00dfig mit der \u00dcbermittlung an Ihr Endger\u00e4t beendet ist. F\u00fcr die \u00dcbermittlung ist technisch die Verarbeitung Ihrer IP-Adresse unumg\u00e4nglich. Sie wird aber nur f\u00fcr den&nbsp; Zweck des Seitenaufbaus fl\u00fcchtig gespeichert solange der Vermittlungsvorgang das erfordert. Dar\u00fcber hinaus \u00fcbertr\u00e4gt Ihr Browser \u2013 je nach Ihrer Konfiguration \u2013 weitere Daten (wie z.B. Browsertyp, Browserversion, verwendetes Betriebssystem, Referrer URL). Wir verwenden diese Daten f\u00fcr eine browserspezifische Darstellung oder eine Endger\u00e4te-optimierte Bereitstellung der Inhalte. Wir setzen keine Cookies ein.<\/p>\n\n\n\n<p><strong>&nbsp;Bei Kontaktaufnahme:<\/strong><\/p>\n\n\n\n<p>Sie k\u00f6nnen unter den angegebenen Kontaktm\u00f6glichkeiten mit uns in Kontakt treten. Soweit Sie eine Beantwortung w\u00fcnschen, ben\u00f6tigen wir die Angabe einer elektronischen Kontaktm\u00f6glichkeit.<\/p>\n\n\n\n<p>Bei der Kontaktaufnahme werden personenbezogene Daten durch das gew\u00e4hlte informationstechnische System &nbsp;verarbeitet, z.B. bei \u00dcbermittlung und Empfang\/Speicherung einer E-Mail.<\/p>\n\n\n\n<h4 class=\"wp-block-heading\"><strong>Speicherdauer:<\/strong><\/h4>\n\n\n\n<p>Ihre pers\u00f6nlichen Daten werden gel\u00f6scht, sobald sie f\u00fcr die Erreichung des Zweckes ihrer Erhebung nicht mehr erforderlich sind:<\/p>\n\n\n\n<p><strong>Beim Besuch unserer Website:<\/strong><\/p>\n\n\n\n<p>Im Falle der Erfassung der Daten zur Bereitstellung der Website ist dies der Fall, wenn die jeweilige Ressource auf ihr Endger\u00e4t ausgeliefert wurde.<\/p>\n\n\n\n<p><strong>Bei Kontaktaufnahme:<\/strong><\/p>\n\n\n\n<p>Im Falle der Kontaktaufnahme ist das grunds\u00e4tzlich dann der Fall, wenn die jeweilige Konversation beendet ist. Beendet ist die Konversation dann, wenn sich &nbsp;aus den Umst\u00e4nden entnehmen l\u00e4sst, dass der betroffene Sachverhalt abschlie\u00dfend gekl\u00e4rt ist. Wir speichern Ihre personenbezogenen Daten also nur, soweit dies zur Kl\u00e4rung Ihres Anliegens erforderlich ist.<\/p>\n\n\n\n<h4 class=\"wp-block-heading\"><strong>Empf\u00e4nger oder Kategorien von Empf\u00e4ngern personenbezogener Daten<\/strong><\/h4>\n\n\n\n<p>Empf\u00e4nger von personenbezogenen Daten sind Auftragsverarbeiter, die in unserem Auftrag informationstechnische Systeme zum Zweck des Betriebs unserer Kommunikationskan\u00e4le hosten. Diese Website wird von der Forschungsgruppe Verkehrstelematik der htw saar gehostet.<\/p>\n\n\n\n<h4 class=\"wp-block-heading\"><strong>Rechtsgrundlage der Verarbeitung<\/strong><\/h4>\n\n\n\n<p><strong>Beim Besuch unserer Website:<\/strong><\/p>\n\n\n\n<p>Die Verarbeitung Ihrer pers\u00f6nlichen Daten im oben genannten Umfang st\u00fctzen wir auf die Rechtsgrundlage aus Artikel 6 Absatz 1 lit. f DSGVO. Sie ist zur Wahrung unserer berechtigten Interessen, n\u00e4mlich im Rahmen unserer \u00d6ffentlichkeitsarbeit f\u00fcr die Forschungsgruppe Verkehrstelematik eine Website zu Informationszwecken zu betreiben, erforderlich.<\/p>\n\n\n\n<p><strong>Bei Kontaktaufnahme:<\/strong><\/p>\n\n\n\n<p>F\u00fcr die Verarbeitung der personenbezogenen Daten im Rahmen von Kontaktaufnahmen berufen wir uns auf unsere berechtigten Interessen gem\u00e4\u00df Artikel 6 Absatz 1 lit. f DSGVO, um Ihre Kontaktaufnahme zu bearbeiten.<\/p>\n\n\n\n<h4 class=\"wp-block-heading\"><strong>Ihre Rechte, soweit wir Ihre personenbezogenen Daten&nbsp; verarbeiten<\/strong><\/h4>\n\n\n\n<p><strong>Widerspruchsrecht<\/strong><\/p>\n\n\n\n<p>Der Verarbeitung Ihrer personenbezogenen Daten im&nbsp; Rahmen der Kontaktaufnahme und gegebenenfalls folgenden Konversation k\u00f6nnen Sie jederzeit widersprechen, mit der Folge, dass ab diesem Zeitpunkt keine Verarbeitung mehr erfolgt. Die Konversation kann dann nicht fortgef\u00fchrt werden.<\/p>\n\n\n\n<p>Ihren Widerspruch k\u00f6nnen Sie schriftlich oder elektronisch an die angegebene Kontaktm\u00f6glichkeit richten.<\/p>\n\n\n\n<p><strong>Recht auf L\u00f6schung oder Einschr\u00e4nkung der Verarbeitung<\/strong><\/p>\n\n\n\n<p>Sie haben unter den Voraussetzungen der Artikel 16, 17 DSGVO das Recht, L\u00f6schung Ihrer personenbezogenen Daten oder jedenfalls die Einschr\u00e4nkung der Verarbeitung zu verlangen. Beispielsweise k\u00f6nnen Sie, wenn Sie eine Konversation nicht fortf\u00fchren m\u00f6chten und der Verarbeitung wiedersprechen, zugleich L\u00f6schung der bis dahin verarbeiteten personenbezogenen Daten&nbsp; verlangen. Wir L\u00f6schen bei endg\u00fcltig beendeter Konversation im Regelfall auch automatisch.<\/p>\n\n\n\n<p><strong>Recht auf Auskunft<\/strong><\/p>\n\n\n\n<p>Sie haben das Recht, von uns Auskunft \u00fcber Ihre bei uns gespeicherten personenbezogenen Daten zu verlangen.<\/p>\n\n\n\n<p><strong>Recht auf Berichtigung<\/strong><\/p>\n\n\n\n<p>Sie haben das Recht, Berichtigung Ihrer unrichtigen, bei uns gespeicherten personenbezogenen Daten zu verlangen.<\/p>\n\n\n\n<p><strong>Recht auf Daten\u00fcbertragbarkeit<\/strong><\/p>\n\n\n\n<p>Sie haben das Recht, die Sie betreffenden personenbezogenen Daten von uns in einem strukturierten, g\u00e4ngigen und maschinenlesbaren Format zu erhalten und, soweit technisch machbar, die \u00dcbermittlung an einen anderen Verantwortlichen zu erwirken.<\/p>\n\n\n\n<p><strong>Recht auf Beschwerde bei einer Aufsichtsbeh\u00f6rde<\/strong><\/p>\n\n\n\n<p>Sie k\u00f6nnen sich unbeschadet der gerichtlichen Rechtsbehelfe &nbsp;an eine Aufsichtsbeh\u00f6rde wenden, wenn Sie sich \u00fcber die Verarbeitung Ihrer pers\u00f6nlichen Daten beschweren m\u00f6chten. Im Saarland ist das die&nbsp;<em>Landesbeauftragte f\u00fcr den Datenschutz und die Informationsfreiheit, Fritz-Dobisch-Str. 12, 66111 Saarbr\u00fccken<\/em>. Eine<a href=\"https:\/\/www.bfdi.bund.de\/DE\/Infothek\/Anschriften_Links\/anschriften_links-node.html\">&nbsp;vollst\u00e4ndige Liste der Aufsichtsbeh\u00f6rden<\/a>&nbsp;finden Sie auf den Internetseiten der Bundesbeauftragten f\u00fcr den Datenschutz und die Informationsfreiheit (BfDI).<\/p>\n\n\n\n<hr class=\"wp-block-separator\"\/>\n\n\n\n<h3 class=\"wp-block-heading\"><strong>Urheberrecht<\/strong><\/h3>\n\n\n\n<p>Die durch die htw saar erstellten Inhalte dieses Internetangebotes unterliegen dem deutschen Urheberrecht. Die Vervielf\u00e4ltigung, Bearbeitung, Verbreitung und jede Art der Verwertung au\u00dferhalb der Grenzen des Urheberrechtes bed\u00fcrfen der schriftlichen Zustimmung der Urheber bzw. Rechteverwalter. Downloads und Kopien des Internetangebotes der htw saar sind nur f\u00fcr den privaten, nicht kommerziellen Gebrauch gestattet. Soweit die Inhalte auf dieser Seite nicht von der htw saar erstellt wurden, werden die Urheberrechte Dritter beachtet. Insbesondere werden Inhalte Dritter als solche gekennzeichnet. Sollten Sie auf eine Urheberrechtsverletzung aufmerksam werden, bitten wir Sie um einen Hinweis (<a href=\"mailto:info@htwsaar.de\">info@htwsaar.de<\/a>). Bei Bekanntwerden von Rechtsverletzungen werden wir die beanstandeten Inhalte umgehend entfernen.<\/p>\n\n\n\n<hr class=\"wp-block-separator\"\/>\n\n\n\n<h3 class=\"wp-block-heading\"><strong>Haftungsausschluss<\/strong><\/h3>\n\n\n\n<p><strong>Haftung f\u00fcr Inhalte<\/strong><\/p>\n\n\n\n<p>Als Diensteanbieter sind wir gem\u00e4\u00df \u00a7 7 Abs.1 TMG f\u00fcr eigene Inhalte auf diesen Seiten nach den allgemeinen Gesetzen verantwortlich. Nach \u00a7\u00a7 8 bis 10 TMG sind wir als Diensteanbieter jedoch nicht verpflichtet, \u00fcbermittelte oder gespeicherte fremde Informationen zu \u00fcberwachen oder nach Umst\u00e4nden zu forschen, die auf eine rechtswidrige T\u00e4tigkeit hinweisen.<\/p>\n\n\n\n<p>Verpflichtungen zur Entfernung oder Sperrung der Nutzung von Informationen nach den allgemeinen Gesetzen bleiben hiervon unber\u00fchrt. Eine diesbez\u00fcgliche Haftung ist jedoch erst ab dem Zeitpunkt der Kenntnis einer konkreten Rechtsverletzung m\u00f6glich. Bei Bekanntwerden von entsprechenden Rechtsverletzungen werden wir diese Inhalte umgehend entfernen.<\/p>\n\n\n\n<p><strong>Haftung f\u00fcr Links<\/strong><\/p>\n\n\n\n<p>Unser Angebot enth\u00e4lt Links zu externen Webseiten Dritter, auf deren Inhalte wir keinen Einfluss haben. Deshalb k\u00f6nnen wir f\u00fcr diese fremden Inhalte auch keine Gew\u00e4hr \u00fcbernehmen. F\u00fcr die Inhalte der verlinkten Seiten ist stets der jeweilige Anbieter oder Betreiber der Seiten verantwortlich. Die verlinkten Seiten wurden zum Zeitpunkt der Verlinkung auf m\u00f6gliche Rechtsverst\u00f6\u00dfe \u00fcberpr\u00fcft. Rechtswidrige Inhalte waren zum Zeitpunkt der Verlinkung nicht erkennbar.<\/p>\n\n\n\n<p>Eine permanente inhaltliche Kontrolle der verlinkten Seiten ist jedoch ohne konkrete Anhaltspunkte einer Rechtsverletzung nicht zumutbar. Bei Bekanntwerden von Rechtsverletzungen werden wir derartige Links umgehend entfernen.<\/p>\n\n\n\n<p>1. F\u00fcr die innerhalb des Webangebots der htw saar zug\u00e4nglichen Seiten besteht keinerlei Gew\u00e4hrleistung. Es wird auch keine Haftung f\u00fcr die Korrektheit, Vollst\u00e4ndigkeit oder Anwendbarkeit der enthaltenen Informationen \u00fcbernommen.<\/p>\n\n\n\n<p>Die htw saar \u00fcbernimmt keine Haftung f\u00fcr eventuelle Datenschutz- und sonstige Rechtsverletzungen in anderen Internetangeboten, auf die wir einen Link gesetzt haben. Wir distanzieren uns in jedem Fall von ehrverletzenden, sexistischen, rassistischen und extremistischen Inhalten.<\/p>\n\n\n\n<p>Soweit in Texten nur eine Geschlechtsform gew\u00e4hlt wurde, erfolgt dies um eine bessere Lesbarkeit zu gew\u00e4hrleisten. Die Angaben des Internetauftritts beziehen sich auf alle Geschlechter. Gleiches gilt f\u00fcr die Auswahl von Bildern und Darstellungen.<\/p>\n\n\n\n<p>2. Die kommerzielle Nutzung der Seiten, insbesondere die Verbreitung gegen Entgelt, ist nicht gestattet.<\/p>\n\n\n\n<p>3. Wir \u00fcbernehmen keine Haftung f\u00fcr eventuelle Datenschutz- und sonstige Rechtsverletzungen in anderen Webangeboten, auf die wir einen Link gesetzt haben. F\u00fcr die Inhalte der von uns verlinkten Fremdangebote sind die jeweiligen Herausgeber verantwortlich. Vor dem Einrichten von Links sind die Webseiten der anderen Anbieter mit gro\u00dfer Sorgfalt und nach bestem Wissen und Gewissen gepr\u00fcft worden. Es kann jedoch keine Gew\u00e4hr f\u00fcr die Vollst\u00e4ndigkeit und Richtigkeit von Informationen auf verlinkten Seiten \u00fcbernommen werden. Falls unsere Seiten auf Seiten verweisen, deren Inhalt Anlass zur Beanstandung gibt, bitten wir um eine Mitteilung (<a href=\"mailto:info@htwsaar.de\">info@htwsaar.de<\/a>).<\/p>\n\n\n\n<p>4. Die htw saar ist berechtigt, ohne vorherige Ank\u00fcndigung \u00c4nderungen oder Erg\u00e4nzungen der bereitgestellten Informationen vorzunehmen, gegebenenfalls auch Informationen zu entfernen. Die Informationen auf den Seiten der htw saar stellen keinen Rechtsrat dar und ersetzen keinesfalls eine rechtskundige Beratung.<\/p>\n\n\n\n<p>5. Links aus anderen Webseiten auf offizielle Seiten der htw saar sind freigestellt, sofern auf den Ursprung angemessen hingewiesen wird.<\/p>\n\n\n\n<p>6. Bei (auch auszugsweiser) Verwendung offizieller Texte ist nicht die Ver\u00f6ffentlichung auf der Internetseite ma\u00dfgeblich, sondern immer die Originalfassung.<\/p>\n","protected":false},"excerpt":{"rendered":"<p>Datenschutzerkl\u00e4rung&nbsp;und Haftungsausschluss Wenn Sie auf das Internetangebot der htw saar zugreifen, stimmen Sie den folgenden Regeln bzw. Aussagen zu. Sollte dies nicht der Fall sein, gehen Sie nicht zu den Folgeseiten.&nbsp;Bei Fragen wenden Sie sich bitte an die Datenschutzbeauftragte der htw saar. Informationspflichten gem\u00e4\u00df Artikel 13 DSGVO Auf dieser Seite [&hellip;]<\/p>\n","protected":false},"author":1,"featured_media":0,"parent":0,"menu_order":0,"comment_status":"closed","ping_status":"open","template":"","meta":{"footnotes":""},"class_list":["post-3","page","type-page","status-publish","hentry"],"_links":{"self":[{"href":"https:\/\/fgvt.htwsaar.de\/site\/wp-json\/wp\/v2\/pages\/3","targetHints":{"allow":["GET"]}}],"collection":[{"href":"https:\/\/fgvt.htwsaar.de\/site\/wp-json\/wp\/v2\/pages"}],"about":[{"href":"https:\/\/fgvt.htwsaar.de\/site\/wp-json\/wp\/v2\/types\/page"}],"author":[{"embeddable":true,"href":"https:\/\/fgvt.htwsaar.de\/site\/wp-json\/wp\/v2\/users\/1"}],"replies":[{"embeddable":true,"href":"https:\/\/fgvt.htwsaar.de\/site\/wp-json\/wp\/v2\/comments?post=3"}],"version-history":[{"count":2,"href":"https:\/\/fgvt.htwsaar.de\/site\/wp-json\/wp\/v2\/pages\/3\/revisions"}],"predecessor-version":[{"id":1258,"href":"https:\/\/fgvt.htwsaar.de\/site\/wp-json\/wp\/v2\/pages\/3\/revisions\/1258"}],"wp:attachment":[{"href":"https:\/\/fgvt.htwsaar.de\/site\/wp-json\/wp\/v2\/media?parent=3"}],"curies":[{"name":"wp","href":"https:\/\/api.w.org\/{rel}","templated":true}]}}