{"id":295,"date":"2019-07-18T15:25:55","date_gmt":"2019-07-18T13:25:55","guid":{"rendered":"https:\/\/fgvt.htwsaar.de\/site\/?page_id=295"},"modified":"2020-05-05T17:48:59","modified_gmt":"2020-05-05T15:48:59","slug":"converge-2012-2015","status":"publish","type":"page","link":"https:\/\/fgvt.htwsaar.de\/site\/converge-2012-2015\/","title":{"rendered":"CONVERGE (2012-2015)"},"content":{"rendered":"\n<h5 class=\"wp-block-heading\"><a href=\"..\/..\/wp-content\/uploads\/2015\/07\/CONVERGE-Logo-RGB.png\"><br><\/a>COmmunication Network VEhicle Road Global Extension<\/h5>\n\n\n\n<p><strong>Kommunikationsarchitektur f\u00fcr die Mobilit\u00e4t der Zukunft \u2013 Vorbild Internet<\/strong>Sicherheit, Umweltfreundlichkeit und Stauvermeidung \u2013 so lauten zentrale Forderungen der mobilen Gesellschaft. Die Vernetzung von Fahrzeugen untereinander und mit der Verkehrsinfrastruktur \u2013 die sogenannte Car2X-Kommunikation \u2013 wird den Verkehr der Zukunft sicherer und fl\u00fcssiger machen. Der umfassende Austausch bedarfsgerechter Informationen zur Verkehrssituation oder die unmittelbare Warnung vor Gefahrenstellen wird in einigen Jahren zur komfortablen und sicheren Mobilit\u00e4t geh\u00f6ren. In der am 1. September 2012 gestarteten Forschungsinitiative CONVERGE (COmmunication Network VEhicle Road Global Extension) entwickeln insgesamt 14 Partner aus der Automobilindustrie, der Elektronik-, Telekommunikations- und Softwarebranche, der Wissenschaft sowie ein Stra\u00dfenbetreiber einen Car2X-Systemverbund, der alle Beteiligten zust\u00e4ndigkeits- und system\u00fcbergreifend vernetzt. Die Laufzeit des Projekts ist bis Mitte 2015 angesetzt. \u201eAls Vorlage f\u00fcr kooperative Systeme des Intelligenten Verkehrs in einem dynamisch erweiterbaren Systemverbund dient das Internet.Offene Standards und Interoperabilit\u00e4t sind f\u00fcr den zuk\u00fcnftigen Ausbau von strategischer Bedeutung. Die Arbeiten in CONVERGE sind daher system- und provider\u00fcbergreifend ausgerichtet und k\u00f6nnen \u00fcber Zust\u00e4ndigkeits- und L\u00e4ndergrenzen hinweg jederzeit eingesetzt werden\u201c, erkl\u00e4rt Prof. Dr. Horst Wieker.&nbsp;<\/p>\n\n\n\n<div class=\"wp-block-image\"><figure class=\"alignleft\"><a href=\"..\/..\/wp-content\/uploads\/2015\/07\/CONVERGE-HOLM-0351.png\"><img loading=\"lazy\" decoding=\"async\" width=\"1024\" height=\"683\" src=\"https:\/\/fgvt.htwsaar.de\/site\/wp-content\/uploads\/2019\/09\/CONVERGE_WWDW_de-1024x683.png\" alt=\"Eine Falschfahrerwarnung wird in der Mittelkonsole eines Fahrzeuges angezeigt. Im Entgegen kommt ein anderes Fahrzeug gegen die eigentliche Fahrtrichtung.\" class=\"wp-image-533\" srcset=\"https:\/\/fgvt.htwsaar.de\/site\/wp-content\/uploads\/2019\/09\/CONVERGE_WWDW_de.png 1024w, https:\/\/fgvt.htwsaar.de\/site\/wp-content\/uploads\/2019\/09\/CONVERGE_WWDW_de-300x200.png 300w, https:\/\/fgvt.htwsaar.de\/site\/wp-content\/uploads\/2019\/09\/CONVERGE_WWDW_de-768x512.png 768w, https:\/\/fgvt.htwsaar.de\/site\/wp-content\/uploads\/2019\/09\/CONVERGE_WWDW_de-360x240.png 360w\" sizes=\"auto, (max-width: 1024px) 100vw, 1024px\" \/><\/a><figcaption>Eine Falschfahrerwarnung im Fahrzeug. (C) CONVERGE<\/figcaption><\/figure><\/div>\n\n\n\n<p>Das Projekt wird von den Bundesministerien f\u00fcr Bildung und Forschung (BMBF) und Wirtschaft und Technologie (BMWi) mit zusammen ca. 18 Millionen Euro gef\u00f6rdert.<\/p>\n\n\n\n<p>F\u00fcr den Car2X-Systemverbund erarbeiten die CONVERGE-Partner Regularien, wie in Zukunft unterschiedliche Verkehrsinstitutionen in Abh\u00e4ngigkeit ihrer Zust\u00e4ndigkeiten und Rollen zusammenarbeiten sollten. Der Car2X-Systemverbund erstellt hierzu die Grundlage f\u00fcr eine vollst\u00e4ndig neue offene Kommunikations-, Dienste- und Orga\u00adnisationsarchitektur, die den neuesten Stand der Kommunika\u00adtions\u00adtechnologien sowie den Techniken der IT-Sicherheit abbildet. Dabei wird nicht nur die technologie\u00fcbergreifende kommunikations\u00adtechni\u00adsche Vernetzung von Fahrzeugen mit relevanten In\u00adfor\u00adma\u00adtions\u00adquel\u00adlen ber\u00fccksichtigt, sondern es werden auch Infor\u00adma\u00adtions\u00adanbieter mit einbe\u00adzogen, die f\u00fcr den Betrieb von kooperativen Systemen des Intelli\u00adgenten Verkehrs \u2013 sogenannte IVS-Systeme \u2013 organisatorisch ver\u00adantwortlich sind. Hierzu z\u00e4hlen die Betreiber von Verkehrsinfra\u00adstrukturen, Mobil\u00adfunknetzen und Netzen der Verkehrsinfrastruktur \u2013 sogenannten IRS-Netzen \u2013 sowie Fahrzeughersteller und IVS-Diensteanbieter. \u00dcber definierte Zugangspunkte k\u00f6nnen diese in den offenen und gesicherten Systemverbund integriert werden. Oberstes Ziel ist die dezentrale und dynamische Kopplung aller Systeme und Akteure \u00fcber L\u00e4ndergrenzen hinweg.<\/p>\n\n\n\n<p>&#8222;Als Vorlage f\u00fcr kooperative Systeme des Intelligenten Verkehrs in einem dynamisch erweiterbaren Systemverbund dient das Internet, in dem Strukturen dezentral verteilt und alle Betei\u00adligten gleich\u00adberechtigt sind. Offene Standards und Inter\u00adopera\u00adbilit\u00e4t sind f\u00fcr den zuk\u00fcnftigen Ausbau von strategischer Be\u00addeu\u00adtung. Die Arbeiten in CONVERGE sind daher system- und provider\u00ad\u00fcber\u00adgreifend ausge\u00adrichtet und k\u00f6nnen \u00fcber Zust\u00e4ndig\u00adkeits- und L\u00e4ndergrenzen hinweg jederzeit eingesetzt werden.&#8220; (Prof. Dr. Horst Wieker)<\/p>\n\n\n\n<p><strong>CONVERGE bietet:<\/strong><\/p>\n\n\n\n<ul class=\"wp-block-list\"><li>Informationen zeitnah direkt von Verkehrszentralen zu Fahrzeugen<\/li><li>Informationen, die von Fahrzeugen geliefert werden k\u00f6nnen (CAN, DENM), k\u00f6nnen direkt zur Verkehrslage\u00ader\u00adfas\u00adsung genutzt werden<\/li><li>Qualit\u00e4tsvorteile bei der Akkreditierung und Zertifizierung<ul><li>von Anwendungen und<\/li><li>f\u00fcr Netzbetreiber<br>\u2192 Anwendungen m\u00fcssen typische Probleme nicht immer wieder l\u00f6sen.<br>\u2192 Entwicklung von Anwendungen wird schneller und g\u00fcnstiger.<br>\u2192 Mehr und bessere Anwendungen.<\/li><\/ul><\/li><\/ul>\n\n\n\n<p><strong>Car2X-Systemverbund<\/strong><\/p>\n\n\n\n<p>Der Car2X-Systemverbund ist ein dynamisch erweiterbarer Zusammenschluss f\u00fcr kooperative Systeme des intelligenten Verkehrs, vergleichbar dem Internet mit offenen Standards und Interoperabilit\u00e4t, der aktuelle Innovationen im Bereich IKT aufgreift und dadurch neuartige Ans\u00e4tze f\u00fcr System- und Softwaredesign bietet.<\/p>\n\n\n\n<p>Das erkl\u00e4rte Ziel von CONVERGE ist die Definition einer Architektur und Schnitt\u00adstellen f\u00fcr einen offenen, verteilten, \u00fcber\u00adregional\/international vernetzenden, be\u00adtrei\u00adber\u00adunabh\u00e4ngigen, skalierbaren, flexi\u00adblen, sicheren und hybrid kommuni\u00adzie\u00adren\u00adden Car2X-Systemverbund.<\/p>\n\n\n\n<p>Zu diesem Zweck sind die Netz-Grundlagen f\u00fcr eine Referenzarchitektur (zentral, P2P, hierarchisch) festzulegen. Weiterhin sind Konzepte zu entwickeln, die IT-Security und Privacy sowie die Datenverwaltung um\u00adfas\u00adsen. F\u00fcr die Teilnahme am Systemv\u00aderbund sind entsprechende Software-Konzepte erforderlich. Die Gestaltung, die Steuerung und die Realisierung der Informationsfl\u00fcsse ist \u00fcber Mobilfunk und ETSI ITS G5 zu gew\u00e4hrleisten und Schnittstellen zu mobilen Knoten und infrastrukturseitigen Diensten zu schaffen.<\/p>\n\n\n\n<p><strong>CONVERGE Projektfilm \u00a9 CONVERGE<\/strong><\/p>\n\n\n\n<figure><iframe loading=\"lazy\" src=\"https:\/\/www.youtube.com\/embed\/xy7C-oVNCSk\" allowfullscreen=\"allowfullscreen\" width=\"680\" height=\"420\"><\/iframe><\/figure>\n\n\n\n<p><strong>Methodik<\/strong><\/p>\n\n\n\n<p>Eine Organisationsarchitektur basierend auf Rollen und Akteuren bildet die Grundlage f\u00fcr CONVERGE<\/p>\n\n\n\n<p><strong>Technologie<\/strong><\/p>\n\n\n\n<p>Weiterentwicklung der infrastrukturseitigen Architektur<\/p>\n\n\n\n<ul class=\"wp-block-list\"><li>Skalierbarkeit<\/li><li>(inter-)nationale \u00dcbertragbarkeit<\/li><\/ul>\n\n\n\n<p>Technologische Innovationen<\/p>\n\n\n\n<ul class=\"wp-block-list\"><li>einfache Einbindung von Verkehrszentralen<\/li><li>Einbindung von Zentralen weiterer ITS Diensteanbieter<\/li><li>Betreiberunabh\u00e4ngigkeit<\/li><li>flexibles Hinzuf\u00fcgen und Entfernen von Diensten auf Basis einer &#8222;offenen&#8220; Schnittstellendefinition<\/li><li>Definierte Informationsqualit\u00e4t<\/li><li>transparente Nutzung komplement\u00e4rer Funktechnologien<\/li><\/ul>\n\n\n\n<p>Austausch (&#8222;Inter-Zentralenkommunikation&#8220;) von zentralenseitig verarbeiteten Daten \u00fcber<\/p>\n\n\n\n<ul class=\"wp-block-list\"><li>virtuellen Datenmarktplatz (z.B. MDM) oder<\/li><li>direkt \u00fcber den Car2X-Systemverbund.<\/li><\/ul>\n\n\n\n<div class=\"wp-block-image\"><figure class=\"aligncenter\"><img loading=\"lazy\" decoding=\"async\" width=\"380\" height=\"427\" src=\"https:\/\/fgvt.htwsaar.de\/site\/wp-content\/uploads\/2019\/09\/CONVERGE_donut_de.png\" alt=\"\" class=\"wp-image-535\" srcset=\"https:\/\/fgvt.htwsaar.de\/site\/wp-content\/uploads\/2019\/09\/CONVERGE_donut_de.png 380w, https:\/\/fgvt.htwsaar.de\/site\/wp-content\/uploads\/2019\/09\/CONVERGE_donut_de-267x300.png 267w\" sizes=\"auto, (max-width: 380px) 100vw, 380px\" \/><figcaption>Der CONVERGE Systemverbund. (C) CONVERGE<\/figcaption><\/figure><\/div>\n\n\n\n<p><\/p>\n\n\n\n<hr class=\"wp-block-separator\"\/>\n\n\n\n<p><strong>Projektlaufzeit<\/strong><br>01.08.2012 bis 31.10.2015 (39 Monate)<\/p>\n\n\n\n<p><strong><br>Projektpartner<\/strong><\/p>\n\n\n\n<table class=\"wp-block-table has-fixed-layout is-style-regular\"><tbody><tr><td><img loading=\"lazy\" decoding=\"async\" width=\"150\" height=\"63\" class=\"wp-image-463\" style=\"width: 150px;\" src=\"https:\/\/fgvt.htwsaar.de\/site\/wp-content\/uploads\/2019\/08\/bmw_de.jpg\" alt=\"BMW Logo\" srcset=\"https:\/\/fgvt.htwsaar.de\/site\/wp-content\/uploads\/2019\/08\/bmw_de.jpg 600w, https:\/\/fgvt.htwsaar.de\/site\/wp-content\/uploads\/2019\/08\/bmw_de-300x125.jpg 300w\" sizes=\"auto, (max-width: 150px) 100vw, 150px\" \/><\/td><td><a rel=\"noreferrer noopener\" href=\"http:\/\/www.opel.de\" target=\"_blank\"><\/a><img loading=\"lazy\" decoding=\"async\" width=\"150\" height=\"90\" class=\"wp-image-457\" style=\"width: 150px;\" src=\"https:\/\/fgvt.htwsaar.de\/site\/wp-content\/uploads\/2019\/08\/opel_de.jpg\" alt=\"Opel Logo\" srcset=\"https:\/\/fgvt.htwsaar.de\/site\/wp-content\/uploads\/2019\/08\/opel_de.jpg 500w, https:\/\/fgvt.htwsaar.de\/site\/wp-content\/uploads\/2019\/08\/opel_de-300x180.jpg 300w\" sizes=\"auto, (max-width: 150px) 100vw, 150px\" \/><\/td><td><a rel=\"noreferrer noopener\" href=\"http:\/\/www.volkswagen.de\/de.html\" target=\"_blank\"><\/a><img loading=\"lazy\" decoding=\"async\" width=\"150\" height=\"42\" class=\"wp-image-461\" style=\"width: 150px;\" src=\"https:\/\/fgvt.htwsaar.de\/site\/wp-content\/uploads\/2019\/08\/volkswagen_de.jpg\" alt=\"Volkswagen Logo\"><\/td><td><a rel=\"noreferrer noopener\" href=\"http:\/\/www.bosch.de\/de\/de\/startpage_1\/country-landingpage.php\" target=\"_blank\"><\/a><img loading=\"lazy\" decoding=\"async\" width=\"150\" height=\"70\" class=\"wp-image-464\" style=\"width: 150px;\" src=\"https:\/\/fgvt.htwsaar.de\/site\/wp-content\/uploads\/2019\/08\/bosch_de.jpg\" alt=\"Bosch Logo\" srcset=\"https:\/\/fgvt.htwsaar.de\/site\/wp-content\/uploads\/2019\/08\/bosch_de.jpg 430w, https:\/\/fgvt.htwsaar.de\/site\/wp-content\/uploads\/2019\/08\/bosch_de-300x140.jpg 300w\" sizes=\"auto, (max-width: 150px) 100vw, 150px\" \/><\/td><td><a rel=\"noreferrer noopener\" href=\"http:\/\/www.ptvgroup.com\/de\/willkommen-bei-der-ptv-group\/\" target=\"_blank\"><\/a><img loading=\"lazy\" decoding=\"async\" width=\"150\" height=\"78\" class=\"wp-image-517\" style=\"width: 150px;\" src=\"https:\/\/fgvt.htwsaar.de\/site\/wp-content\/uploads\/2019\/09\/ptv_de.jpg\" alt=\"PTV Group Logo\"><\/td><\/tr><tr><td><img loading=\"lazy\" decoding=\"async\" width=\"112\" height=\"98\" class=\"wp-image-519\" style=\"width: 112px;\" src=\"https:\/\/fgvt.htwsaar.de\/site\/wp-content\/uploads\/2019\/09\/ericsson_de.jpg\" alt=\"Ericsson Logo\"><a rel=\"noreferrer noopener\" href=\"http:\/\/www.ericsson.com\/de\" target=\"_blank\"><\/a><\/td><td><a rel=\"noreferrer noopener\" href=\"http:\/\/www.vodafone.de\/\" target=\"_blank\"><\/a><img loading=\"lazy\" decoding=\"async\" width=\"140\" height=\"92\" class=\"wp-image-521\" style=\"width: 140px;\" src=\"https:\/\/fgvt.htwsaar.de\/site\/wp-content\/uploads\/2019\/09\/vodafone_de.jpg\" alt=\"Vodafone Logo\"><a rel=\"noreferrer noopener\" href=\"http:\/\/www.vodafone.de\/\" target=\"_blank\"><\/a><\/td><td><img loading=\"lazy\" decoding=\"async\" width=\"150\" height=\"28\" class=\"wp-image-469\" style=\"width: 150px;\" src=\"https:\/\/fgvt.htwsaar.de\/site\/wp-content\/uploads\/2019\/08\/hessen_de.jpg\" alt=\"hessen Mobil Logo\" srcset=\"https:\/\/fgvt.htwsaar.de\/site\/wp-content\/uploads\/2019\/08\/hessen_de.jpg 1195w, https:\/\/fgvt.htwsaar.de\/site\/wp-content\/uploads\/2019\/08\/hessen_de-300x56.jpg 300w, https:\/\/fgvt.htwsaar.de\/site\/wp-content\/uploads\/2019\/08\/hessen_de-768x143.jpg 768w, https:\/\/fgvt.htwsaar.de\/site\/wp-content\/uploads\/2019\/08\/hessen_de-1024x191.jpg 1024w\" sizes=\"auto, (max-width: 150px) 100vw, 150px\" \/><a rel=\"noreferrer noopener\" href=\"https:\/\/mobil.hessen.de\/irj\/HSVV_Internet\" target=\"_blank\"><\/a><\/td><td><a rel=\"noreferrer noopener\" href=\"http:\/\/www.frankfurt.de\/\" target=\"_blank\"><\/a><img loading=\"lazy\" decoding=\"async\" width=\"150\" height=\"113\" class=\"wp-image-468\" style=\"width: 150px;\" src=\"https:\/\/fgvt.htwsaar.de\/site\/wp-content\/uploads\/2019\/08\/frankfurt_de.jpg\" alt=\"Stadt Frankfurt am Main Logo\" srcset=\"https:\/\/fgvt.htwsaar.de\/site\/wp-content\/uploads\/2019\/08\/frankfurt_de.jpg 400w, https:\/\/fgvt.htwsaar.de\/site\/wp-content\/uploads\/2019\/08\/frankfurt_de-300x225.jpg 300w\" sizes=\"auto, (max-width: 150px) 100vw, 150px\" \/><a rel=\"noreferrer noopener\" href=\"http:\/\/www.frankfurt.de\/\" target=\"_blank\"><\/a><\/td><td><img loading=\"lazy\" decoding=\"async\" width=\"130\" height=\"87\" class=\"wp-image-523\" style=\"width: 130px;\" src=\"https:\/\/fgvt.htwsaar.de\/site\/wp-content\/uploads\/2019\/09\/bast_de.jpg\" alt=\"BAST Logo\"><a rel=\"noreferrer noopener\" href=\"http:\/\/www.bast.de\/DE\/Home\/home_node.html\" target=\"_blank\"><\/a><\/td><\/tr><tr><td><img loading=\"lazy\" decoding=\"async\" width=\"150\" height=\"43\" class=\"wp-image-525\" style=\"width: 150px;\" src=\"https:\/\/fgvt.htwsaar.de\/site\/wp-content\/uploads\/2019\/09\/fraunhofer_aisec_de.jpg\" alt=\"Fraunhofer AISEC Logo\" srcset=\"https:\/\/fgvt.htwsaar.de\/site\/wp-content\/uploads\/2019\/09\/fraunhofer_aisec_de.jpg 5000w, https:\/\/fgvt.htwsaar.de\/site\/wp-content\/uploads\/2019\/09\/fraunhofer_aisec_de-300x85.jpg 300w, https:\/\/fgvt.htwsaar.de\/site\/wp-content\/uploads\/2019\/09\/fraunhofer_aisec_de-768x218.jpg 768w, https:\/\/fgvt.htwsaar.de\/site\/wp-content\/uploads\/2019\/09\/fraunhofer_aisec_de-1024x291.jpg 1024w\" sizes=\"auto, (max-width: 150px) 100vw, 150px\" \/><a rel=\"noreferrer noopener\" href=\"https:\/\/www.aisec.fraunhofer.de\/\" target=\"_blank\"><\/a><\/td><td><a rel=\"noreferrer noopener\" href=\"https:\/\/www.fokus.fraunhofer.de\/\" target=\"_blank\"><\/a><img loading=\"lazy\" decoding=\"async\" width=\"150\" height=\"60\" class=\"wp-image-527\" style=\"width: 150px;\" src=\"https:\/\/fgvt.htwsaar.de\/site\/wp-content\/uploads\/2019\/09\/fraunhofer_fokus_de.jpg\" alt=\"Fraunhofer FOKUS Logo\" srcset=\"https:\/\/fgvt.htwsaar.de\/site\/wp-content\/uploads\/2019\/09\/fraunhofer_fokus_de.jpg 4110w, https:\/\/fgvt.htwsaar.de\/site\/wp-content\/uploads\/2019\/09\/fraunhofer_fokus_de-300x120.jpg 300w, https:\/\/fgvt.htwsaar.de\/site\/wp-content\/uploads\/2019\/09\/fraunhofer_fokus_de-768x307.jpg 768w, https:\/\/fgvt.htwsaar.de\/site\/wp-content\/uploads\/2019\/09\/fraunhofer_fokus_de-1024x410.jpg 1024w\" sizes=\"auto, (max-width: 150px) 100vw, 150px\" \/><\/td><td><a rel=\"noreferrer noopener\" href=\"http:\/\/www.htwsaar.de\/\" target=\"_blank\"><\/a><img loading=\"lazy\" decoding=\"async\" width=\"150\" height=\"38\" class=\"wp-image-426\" style=\"width: 150px;\" src=\"https:\/\/fgvt.htwsaar.de\/site\/wp-content\/uploads\/2019\/08\/fgvt_logo-1.png\" alt=\"FGVT logo\" srcset=\"https:\/\/fgvt.htwsaar.de\/site\/wp-content\/uploads\/2019\/08\/fgvt_logo-1.png 955w, https:\/\/fgvt.htwsaar.de\/site\/wp-content\/uploads\/2019\/08\/fgvt_logo-1-300x76.png 300w, https:\/\/fgvt.htwsaar.de\/site\/wp-content\/uploads\/2019\/08\/fgvt_logo-1-768x194.png 768w\" sizes=\"auto, (max-width: 150px) 100vw, 150px\" \/><\/td><td><a rel=\"noreferrer noopener\" href=\"http:\/\/www.bundesnetzagentur.de\/cln_1421\/DE\/Home\/home_node.html\" target=\"_blank\"><\/a><img loading=\"lazy\" decoding=\"async\" width=\"150\" height=\"97\" class=\"wp-image-529\" style=\"width: 150px;\" src=\"https:\/\/fgvt.htwsaar.de\/site\/wp-content\/uploads\/2019\/09\/bundesnetzagentur_de.jpg\" alt=\"Bundesnetzagentur Logo\"><\/td><\/tr><\/tbody><\/table>\n\n\n\n<p><br>gef\u00f6rdert von:<\/p>\n\n\n\n<figure class=\"wp-block-image\"><a href=\"..\/..\/wp-content\/uploads\/2015\/07\/BMBF-BMWi.jpg\"><img loading=\"lazy\" decoding=\"async\" width=\"234\" height=\"113\" src=\"https:\/\/fgvt.htwsaar.de\/site\/wp-content\/uploads\/2019\/09\/funding_BMVi_BMBF_de.png\" alt=\"Gef\u00f6rdert vom Bundesministerium f\u00fcr Bildung und Forschung und Bundesministerium f\u00fcr Wirtschaft und Energie aufgrund eines Beschlusses des Deutschen Bundestages.\" class=\"wp-image-514\"\/><\/a><\/figure>\n","protected":false},"excerpt":{"rendered":"<p>COmmunication Network VEhicle Road Global Extension Kommunikationsarchitektur f\u00fcr die Mobilit\u00e4t der Zukunft \u2013 Vorbild InternetSicherheit, Umweltfreundlichkeit und Stauvermeidung \u2013 so lauten zentrale Forderungen der mobilen Gesellschaft. Die Vernetzung von Fahrzeugen untereinander und mit der Verkehrsinfrastruktur \u2013 die sogenannte Car2X-Kommunikation \u2013 wird den Verkehr der Zukunft sicherer und fl\u00fcssiger machen. Der [&hellip;]<\/p>\n","protected":false},"author":1,"featured_media":0,"parent":0,"menu_order":0,"comment_status":"closed","ping_status":"closed","template":"","meta":{"footnotes":""},"class_list":["post-295","page","type-page","status-publish","hentry"],"_links":{"self":[{"href":"https:\/\/fgvt.htwsaar.de\/site\/wp-json\/wp\/v2\/pages\/295","targetHints":{"allow":["GET"]}}],"collection":[{"href":"https:\/\/fgvt.htwsaar.de\/site\/wp-json\/wp\/v2\/pages"}],"about":[{"href":"https:\/\/fgvt.htwsaar.de\/site\/wp-json\/wp\/v2\/types\/page"}],"author":[{"embeddable":true,"href":"https:\/\/fgvt.htwsaar.de\/site\/wp-json\/wp\/v2\/users\/1"}],"replies":[{"embeddable":true,"href":"https:\/\/fgvt.htwsaar.de\/site\/wp-json\/wp\/v2\/comments?post=295"}],"version-history":[{"count":7,"href":"https:\/\/fgvt.htwsaar.de\/site\/wp-json\/wp\/v2\/pages\/295\/revisions"}],"predecessor-version":[{"id":1704,"href":"https:\/\/fgvt.htwsaar.de\/site\/wp-json\/wp\/v2\/pages\/295\/revisions\/1704"}],"wp:attachment":[{"href":"https:\/\/fgvt.htwsaar.de\/site\/wp-json\/wp\/v2\/media?parent=295"}],"curies":[{"name":"wp","href":"https:\/\/api.w.org\/{rel}","templated":true}]}}