{"id":289,"date":"2019-07-18T15:24:15","date_gmt":"2019-07-18T13:24:15","guid":{"rendered":"https:\/\/fgvt.htwsaar.de\/site\/?page_id=289"},"modified":"2020-03-02T14:40:47","modified_gmt":"2020-03-02T13:40:47","slug":"no-limits-2015-2017","status":"publish","type":"page","link":"https:\/\/fgvt.htwsaar.de\/site\/no-limits-2015-2017\/","title":{"rendered":"No LimITS (2015-2017)"},"content":{"rendered":"\n<div class=\"wp-block-image\"><figure class=\"aligncenter is-resized\"><img loading=\"lazy\" decoding=\"async\" src=\"https:\/\/fgvt.htwsaar.de\/site\/wp-content\/uploads\/2019\/08\/NoLimITS_Logo_de-1024x359.jpg\" alt=\"Logo NoLimITS\" class=\"wp-image-391\" width=\"389\" height=\"136\" srcset=\"https:\/\/fgvt.htwsaar.de\/site\/wp-content\/uploads\/2019\/08\/NoLimITS_Logo_de-1024x359.jpg 1024w, https:\/\/fgvt.htwsaar.de\/site\/wp-content\/uploads\/2019\/08\/NoLimITS_Logo_de-300x105.jpg 300w, https:\/\/fgvt.htwsaar.de\/site\/wp-content\/uploads\/2019\/08\/NoLimITS_Logo_de-768x269.jpg 768w\" sizes=\"auto, (max-width: 389px) 100vw, 389px\" \/><\/figure><\/div>\n\n\n\n<div class=\"wp-block-image\"><figure class=\"aligncenter\"><img loading=\"lazy\" decoding=\"async\" width=\"1024\" height=\"715\" src=\"https:\/\/fgvt.htwsaar.de\/site\/wp-content\/uploads\/2019\/08\/NoLimITS_RSU-Veh_de-1024x715.jpg\" alt=\"NoLimITS Fahrzeug und RSU\" class=\"wp-image-389\" srcset=\"https:\/\/fgvt.htwsaar.de\/site\/wp-content\/uploads\/2019\/08\/NoLimITS_RSU-Veh_de-1024x715.jpg 1024w, https:\/\/fgvt.htwsaar.de\/site\/wp-content\/uploads\/2019\/08\/NoLimITS_RSU-Veh_de-300x210.jpg 300w, https:\/\/fgvt.htwsaar.de\/site\/wp-content\/uploads\/2019\/08\/NoLimITS_RSU-Veh_de-768x536.jpg 768w, https:\/\/fgvt.htwsaar.de\/site\/wp-content\/uploads\/2019\/08\/NoLimITS_RSU-Veh_de.jpg 1954w\" sizes=\"auto, (max-width: 1024px) 100vw, 1024px\" \/><\/figure><\/div>\n\n\n\n<p><strong>No LimITS<\/strong><\/p>\n\n\n\n<p><strong>Neue \u00f6konomische Entwicklungen von Modellen f\u00fcr innovative intelligente Verkehrssysteme (ITS)<br><\/strong>[New Economic Developments of Innovative Models for Intelligent Transport Systems]<\/p>\n\n\n\n<p><strong>Zusammenfassung<\/strong><\/p>\n\n\n\n<p>Ziel des Projekts &#8222;No LimITS&#8220; ist es, die aktuelle Situation im Bereich der Elektromobilit\u00e4t grundlegend zu ver\u00e4ndern. Technisch liegt der Fokus auf der Entwicklung einer intelligenten, selbstlernenden Plattform, auf der neue Mobilit\u00e4ts-Gesch\u00e4ftsmodelle f\u00fcr Kunden und Anbieter aufgebaut werden k\u00f6nnen. Mit dieser Plattform sollen die spezifischen Anforderungen der Elektromobilit\u00e4t ber\u00fccksichtigt werden. Die Elektromobilit\u00e4t wird damit ITS-f\u00e4hig sein.<br>In diesem Zusammenhang wird &#8222;No LimITS&#8220; eine gemeinsame Analyse der wirtschaftlichen und technischen Rollen durchf\u00fchren, um geeignete institutionelle Rollen auf der Grundlage des Internetprinzips zu identifizieren. Sie tr\u00e4gt dazu bei, die wichtigste Innovation im Projekt &#8222;No LimITS&#8220; zu schaffen: eine \u00fcbertragbare Mobilit\u00e4t UND ITS-Architektur, die die Elektromobilit\u00e4t gezielt integriert. Dies zeigen mehrere Anwendungsf\u00e4lle, die in Modellregionen in Bremen und Saarbr\u00fccken umgesetzt werden.<\/p>\n\n\n\n<p><strong>Ist-Situation und angestrebter Systemverbund in der E-Mobilit\u00e4t durch \u201eNo LimITS\u201c<\/strong><\/p>\n\n\n\n<p>Die bisher eingef\u00fchrten Systeme haben nicht zu einem einheitlichen, konsensorientierten Ansatz f\u00fcr die Elektromobilit\u00e4t gef\u00fchrt. Im heutigen Kontext st\u00fctzt sich die infrastrukturseitige Architektur oft stark auf regionale Besonderheiten (modellregionsspezifisch) und beschr\u00e4nkt sich auf die Anforderungen der beteiligten Anwendungen, die streng abgegrenzt sind. Propriet\u00e4re L\u00f6sungen sind nach wie vor inkompatibel (z.B. findet noch kein Datenaustausch mit den Zugangsnetzbetreibern statt). Kommunikation, Abrechnung und Sicherheit m\u00fcssen f\u00fcr jede Anwendung individuell gel\u00f6st werden (&#8222;vertikale L\u00f6sungen&#8220;). Letztendlich droht die Monopolisierung propriet\u00e4rer Segmentl\u00f6sungen, und wichtige sozio\u00f6konomische Ziele werden nicht mehr angestrebt. Diese L\u00fccken werden durch &#8222;No LimITS&#8220; auf Basis des CONVERGE-Ansatzes geschlossen. <\/p>\n\n\n\n<div class=\"wp-block-image\"><figure class=\"aligncenter is-resized\"><img loading=\"lazy\" decoding=\"async\" src=\"https:\/\/fgvt.htwsaar.de\/site\/wp-content\/uploads\/2019\/08\/NoLimITS_Start_de-1024x763.jpg\" alt=\"NoLimITS Ausgangssituation\" class=\"wp-image-388\" width=\"439\" height=\"327\" srcset=\"https:\/\/fgvt.htwsaar.de\/site\/wp-content\/uploads\/2019\/08\/NoLimITS_Start_de-1024x763.jpg 1024w, https:\/\/fgvt.htwsaar.de\/site\/wp-content\/uploads\/2019\/08\/NoLimITS_Start_de-300x223.jpg 300w, https:\/\/fgvt.htwsaar.de\/site\/wp-content\/uploads\/2019\/08\/NoLimITS_Start_de-768x572.jpg 768w, https:\/\/fgvt.htwsaar.de\/site\/wp-content\/uploads\/2019\/08\/NoLimITS_Start_de.jpg 1313w\" sizes=\"auto, (max-width: 439px) 100vw, 439px\" \/><figcaption>No LimITS Ausgangssituation \u00a9No LimITS<\/figcaption><\/figure><\/div>\n\n\n\n<div class=\"wp-block-image\"><figure class=\"aligncenter is-resized\"><img loading=\"lazy\" decoding=\"async\" src=\"https:\/\/fgvt.htwsaar.de\/site\/wp-content\/uploads\/2019\/08\/NoLimITS_HybridCom_de.jpg\" alt=\"No LimITS hybride Kommunikation\" class=\"wp-image-396\" width=\"434\" height=\"320\" srcset=\"https:\/\/fgvt.htwsaar.de\/site\/wp-content\/uploads\/2019\/08\/NoLimITS_HybridCom_de.jpg 952w, https:\/\/fgvt.htwsaar.de\/site\/wp-content\/uploads\/2019\/08\/NoLimITS_HybridCom_de-300x222.jpg 300w, https:\/\/fgvt.htwsaar.de\/site\/wp-content\/uploads\/2019\/08\/NoLimITS_HybridCom_de-768x567.jpg 768w\" sizes=\"auto, (max-width: 434px) 100vw, 434px\" \/><figcaption> bidirektionaler Datenaustausch im Car2X-E-Systemverbund \u00a9 No LimITS <\/figcaption><\/figure><\/div>\n\n\n\n<p><strong><br>Implementierung<\/strong><\/p>\n\n\n\n<p>Die exemplarische Umsetzung (z.B. ein elektromobiles Parkplatzreservierungssystem) erfolgt im Saarland oder in den l\u00e4ndlichen Gebieten rund um die Modellregion Bremen\/Oldenburg. In allen F\u00e4llen ist es das Ziel, so nah wie m\u00f6glich an bestehende Normen und bew\u00e4hrte Verfahren heranzukommen, z.B. durch Einbeziehung bestehender Infrastruktursysteme und -architekturen.<\/p>\n\n\n\n<hr class=\"wp-block-separator\"\/>\n\n\n\n<p><strong>Ver\u00f6ffentlichungen<\/strong><\/p>\n\n\n\n<p><strong>ITS World Congress 2015, Bordeaux, Frankreich<br><\/strong><\/p>\n\n\n\n<div class=\"wp-block-image\"><figure class=\"aligncenter is-resized\"><img loading=\"lazy\" decoding=\"async\" src=\"https:\/\/fgvt.htwsaar.de\/site\/wp-content\/uploads\/2019\/08\/NoLimITS_ITS_BordeauxWorldCongress2015_de.jpg\" alt=\"ITS WorldCongress 2015\" class=\"wp-image-395\" width=\"323\" height=\"150\" srcset=\"https:\/\/fgvt.htwsaar.de\/site\/wp-content\/uploads\/2019\/08\/NoLimITS_ITS_BordeauxWorldCongress2015_de.jpg 600w, https:\/\/fgvt.htwsaar.de\/site\/wp-content\/uploads\/2019\/08\/NoLimITS_ITS_BordeauxWorldCongress2015_de-300x140.jpg 300w\" sizes=\"auto, (max-width: 323px) 100vw, 323px\" \/><figcaption>2015 \u2013 Vogt, F\u00fcnfrocken, Maringer, Wieker: \u201cNo LimITS \u2013 Enable Electro Mobility with ITS\u201d, 22nd World Congress on Intelligent Transportation Systems 2015, Bordeaux, Frankreich<\/figcaption><\/figure><\/div>\n\n\n\n<p><strong>ITS World Congress 2016, Melbourne, Australien<\/strong><\/p>\n\n\n\n<div class=\"wp-block-image\"><figure class=\"aligncenter is-resized\"><img loading=\"lazy\" decoding=\"async\" src=\"https:\/\/fgvt.htwsaar.de\/site\/wp-content\/uploads\/2019\/08\/NoLimITS_ITS_MelbourneWorldCongress2016_de.jpg\" alt=\"ITS WorldCongress 2016\" class=\"wp-image-394\" width=\"294\" height=\"181\"\/><figcaption>2016 &#8211; Kauschke, Maringer, Vogt, Wieker&#8220;Electric mobility requirements for ITS architectures&#8220;; 23th World Congress on Intelligent Transportation Systems 2016, Melbourne, Australien<\/figcaption><\/figure><\/div>\n\n\n\n<p><strong>ITS World Congress 2017, Montr\u00e9al, Kanada<\/strong><\/p>\n\n\n\n<div class=\"wp-block-image wp-image-2205\"><figure class=\"aligncenter is-resized\"><img loading=\"lazy\" decoding=\"async\" src=\"https:\/\/fgvt.htwsaar.de\/site\/wp-content\/uploads\/2019\/08\/NoLimITS_ITS_MontrealWorldCongress2017_de-1024x547.jpg\" alt=\"ITS WorldCongress 2017\" class=\"wp-image-393\" width=\"329\" height=\"175\" srcset=\"https:\/\/fgvt.htwsaar.de\/site\/wp-content\/uploads\/2019\/08\/NoLimITS_ITS_MontrealWorldCongress2017_de-1024x547.jpg 1024w, https:\/\/fgvt.htwsaar.de\/site\/wp-content\/uploads\/2019\/08\/NoLimITS_ITS_MontrealWorldCongress2017_de-300x160.jpg 300w, https:\/\/fgvt.htwsaar.de\/site\/wp-content\/uploads\/2019\/08\/NoLimITS_ITS_MontrealWorldCongress2017_de-768x410.jpg 768w, https:\/\/fgvt.htwsaar.de\/site\/wp-content\/uploads\/2019\/08\/NoLimITS_ITS_MontrealWorldCongress2017_de.jpg 1127w\" sizes=\"auto, (max-width: 329px) 100vw, 329px\" \/><figcaption>2017 &#8211; Kauschke, Maringer, Otte, Schulz, Wieker: \u201cIntegrating E-mobility in ITS \u2013 Recommendations and Architecture\u201d, 24th World Congress on Intelligent Transportation Systems 2017, Montr\u00e9al, Kanada<\/figcaption><\/figure><\/div>\n\n\n\n<hr class=\"wp-block-separator\"\/>\n\n\n\n<p><strong>Deliverables <\/strong>(Stand Februar 2017)<\/p>\n\n\n\n<ul class=\"wp-block-list\"><li><a rel=\"noreferrer noopener\" aria-label=\" (\u00f6ffnet in neuem Tab)\" href=\"https:\/\/fgvt.htwsaar.de\/site\/wp-content\/uploads\/2019\/08\/NoLimITS_D1_Umfeldanalyse-StatusQuo_Handungsbedarfe_de.pdf\" target=\"_blank\">Deliverable D1.2<\/a> &#8211; No LimITS (2016): &#8222;<em>Umfeldanalyse, Status Quo und Handlungsbedarfe &#8211; Integrierter Bericht der Arbeitspakete AP 1 und AP 2&#8243;<\/em><\/li><li><a href=\"https:\/\/fgvt.htwsaar.de\/site\/wp-content\/uploads\/2019\/08\/NoLimITS_D2_Experten-und-Stakeholder-Interviews_de.pdf\">Deliverable D2<\/a> &#8211; No LimITS (2016): &#8222;<em>Experten- und Stakeholder-Interviews&#8220;<\/em><\/li><li><a href=\"https:\/\/fgvt.htwsaar.de\/site\/wp-content\/uploads\/2019\/08\/NoLimITS_D3_Architektur_de.pdf\">Deliverable D3<\/a> &#8211; No LimITS (2017): <em>&#8222;Integrierte Systemarchitektur&#8220;<\/em><\/li><li><a href=\"https:\/\/fgvt.htwsaar.de\/site\/wp-content\/uploads\/2019\/08\/NoLimITS_D4_Bewertung-und-Handlungsempfehlungen_de.pdf\" target=\"_blank\" rel=\"noreferrer noopener\" aria-label=\" (\u00f6ffnet in neuem Tab)\">Deliverable <\/a><a rel=\"noreferrer noopener\" aria-label=\"D4  (\u00f6ffnet in neuem Tab)\" href=\"https:\/\/fgvt.htwsaar.de\/site\/wp-content\/uploads\/2019\/08\/NoLimITS_D4_Bewertung-und-Handlungsempfehlungen_de.pdf\" target=\"_blank\">D4 <\/a>&#8211; No LimITS (2017):<em> &#8222;Bewertung und Handlungsempfehlungen&#8220;<\/em><\/li><\/ul>\n\n\n\n<hr class=\"wp-block-separator\"\/>\n\n\n\n<p><strong>Projektlaufzeit<\/strong><br>01.01.2015 bis 30.09.2017 (33 Monate)<\/p>\n\n\n\n<p><strong>Projektpartner<\/strong><\/p>\n\n\n\n<figure class=\"wp-block-table\"><table class=\"\"><tbody><tr><td><a href=\"https:\/\/www.siemens.com\"><img loading=\"lazy\" decoding=\"async\" width=\"150\" height=\"34\" class=\"wp-image-423\" style=\"width: 150px;\" src=\"https:\/\/fgvt.htwsaar.de\/site\/wp-content\/uploads\/2019\/08\/siemens_de-1.jpg\" alt=\"Siemens logo\" srcset=\"https:\/\/fgvt.htwsaar.de\/site\/wp-content\/uploads\/2019\/08\/siemens_de-1.jpg 4210w, https:\/\/fgvt.htwsaar.de\/site\/wp-content\/uploads\/2019\/08\/siemens_de-1-300x68.jpg 300w, https:\/\/fgvt.htwsaar.de\/site\/wp-content\/uploads\/2019\/08\/siemens_de-1-768x175.jpg 768w, https:\/\/fgvt.htwsaar.de\/site\/wp-content\/uploads\/2019\/08\/siemens_de-1-1024x233.jpg 1024w\" sizes=\"auto, (max-width: 150px) 100vw, 150px\" \/><\/a><\/td><td><a href=\"https:\/\/www.dfki.de\"><img loading=\"lazy\" decoding=\"async\" width=\"150\" height=\"31\" class=\"wp-image-425\" style=\"width: 150px;\" src=\"https:\/\/fgvt.htwsaar.de\/site\/wp-content\/uploads\/2019\/08\/dfki_de.jpg\" alt=\"DFKI logo\" srcset=\"https:\/\/fgvt.htwsaar.de\/site\/wp-content\/uploads\/2019\/08\/dfki_de.jpg 991w, https:\/\/fgvt.htwsaar.de\/site\/wp-content\/uploads\/2019\/08\/dfki_de-300x62.jpg 300w, https:\/\/fgvt.htwsaar.de\/site\/wp-content\/uploads\/2019\/08\/dfki_de-768x160.jpg 768w\" sizes=\"auto, (max-width: 150px) 100vw, 150px\" \/><\/a><\/td><td><a href=\"http:\/\/www.ierc.de\"><img loading=\"lazy\" decoding=\"async\" width=\"93\" height=\"75\" class=\"wp-image-424\" style=\"width: 93px;\" src=\"https:\/\/fgvt.htwsaar.de\/site\/wp-content\/uploads\/2019\/08\/ierc_de.png\" alt=\"IERC logo\"><\/a><\/td><td><a href=\"https:\/\/fgvt.htwsaar.de\"><img loading=\"lazy\" decoding=\"async\" width=\"150\" height=\"38\" class=\"wp-image-426\" style=\"width: 150px;\" src=\"https:\/\/fgvt.htwsaar.de\/site\/wp-content\/uploads\/2019\/08\/fgvt_logo-1.png\" alt=\"FGVT logo\" srcset=\"https:\/\/fgvt.htwsaar.de\/site\/wp-content\/uploads\/2019\/08\/fgvt_logo-1.png 955w, https:\/\/fgvt.htwsaar.de\/site\/wp-content\/uploads\/2019\/08\/fgvt_logo-1-300x76.png 300w, https:\/\/fgvt.htwsaar.de\/site\/wp-content\/uploads\/2019\/08\/fgvt_logo-1-768x194.png 768w\" sizes=\"auto, (max-width: 150px) 100vw, 150px\" \/><\/a><\/td><\/tr><\/tbody><\/table><\/figure>\n\n\n\n<p>koordiniert durch:<\/p>\n\n\n\n<figure class=\"wp-block-image\"><img loading=\"lazy\" decoding=\"async\" width=\"300\" height=\"80\" src=\"https:\/\/fgvt.htwsaar.de\/site\/wp-content\/uploads\/2019\/08\/NoLimITS_now-logo_de.png\" alt=\"now Logo\" class=\"wp-image-390\"\/><\/figure>\n\n\n\n<p>gef\u00f6rdert von:<\/p>\n\n\n\n<figure class=\"wp-block-image is-resized\"><a href=\"..\/..\/wp-content\/uploads\/2015\/07\/Bundesministerium_f\u00fcr_Verkehr_und_digitale_Infrastruktur_Logo.png\"><img loading=\"lazy\" decoding=\"async\" src=\"https:\/\/fgvt.htwsaar.de\/site\/wp-content\/uploads\/2019\/08\/NoLimITS_Bundesministerium_f\u00fcr_Verkehr_und_digitale_Infrastruktur_Logo_de-1024x498.png\" alt=\"Logo BMVI\" class=\"wp-image-387\" width=\"187\" height=\"91\" srcset=\"https:\/\/fgvt.htwsaar.de\/site\/wp-content\/uploads\/2019\/08\/NoLimITS_Bundesministerium_f\u00fcr_Verkehr_und_digitale_Infrastruktur_Logo_de-1024x498.png 1024w, https:\/\/fgvt.htwsaar.de\/site\/wp-content\/uploads\/2019\/08\/NoLimITS_Bundesministerium_f\u00fcr_Verkehr_und_digitale_Infrastruktur_Logo_de-300x146.png 300w, https:\/\/fgvt.htwsaar.de\/site\/wp-content\/uploads\/2019\/08\/NoLimITS_Bundesministerium_f\u00fcr_Verkehr_und_digitale_Infrastruktur_Logo_de-768x373.png 768w, https:\/\/fgvt.htwsaar.de\/site\/wp-content\/uploads\/2019\/08\/NoLimITS_Bundesministerium_f\u00fcr_Verkehr_und_digitale_Infrastruktur_Logo_de.png 2000w\" sizes=\"auto, (max-width: 187px) 100vw, 187px\" \/><\/a><\/figure>\n","protected":false},"excerpt":{"rendered":"<p>No LimITS Neue \u00f6konomische Entwicklungen von Modellen f\u00fcr innovative intelligente Verkehrssysteme (ITS)[New Economic Developments of Innovative Models for Intelligent Transport Systems] Zusammenfassung Ziel des Projekts &#8222;No LimITS&#8220; ist es, die aktuelle Situation im Bereich der Elektromobilit\u00e4t grundlegend zu ver\u00e4ndern. Technisch liegt der Fokus auf der Entwicklung einer intelligenten, selbstlernenden Plattform, [&hellip;]<\/p>\n","protected":false},"author":7,"featured_media":0,"parent":0,"menu_order":0,"comment_status":"closed","ping_status":"closed","template":"","meta":{"footnotes":""},"class_list":["post-289","page","type-page","status-publish","hentry"],"_links":{"self":[{"href":"https:\/\/fgvt.htwsaar.de\/site\/wp-json\/wp\/v2\/pages\/289","targetHints":{"allow":["GET"]}}],"collection":[{"href":"https:\/\/fgvt.htwsaar.de\/site\/wp-json\/wp\/v2\/pages"}],"about":[{"href":"https:\/\/fgvt.htwsaar.de\/site\/wp-json\/wp\/v2\/types\/page"}],"author":[{"embeddable":true,"href":"https:\/\/fgvt.htwsaar.de\/site\/wp-json\/wp\/v2\/users\/7"}],"replies":[{"embeddable":true,"href":"https:\/\/fgvt.htwsaar.de\/site\/wp-json\/wp\/v2\/comments?post=289"}],"version-history":[{"count":13,"href":"https:\/\/fgvt.htwsaar.de\/site\/wp-json\/wp\/v2\/pages\/289\/revisions"}],"predecessor-version":[{"id":1252,"href":"https:\/\/fgvt.htwsaar.de\/site\/wp-json\/wp\/v2\/pages\/289\/revisions\/1252"}],"wp:attachment":[{"href":"https:\/\/fgvt.htwsaar.de\/site\/wp-json\/wp\/v2\/media?parent=289"}],"curies":[{"name":"wp","href":"https:\/\/api.w.org\/{rel}","templated":true}]}}