{"id":2849,"date":"2023-04-18T16:59:39","date_gmt":"2023-04-18T14:59:39","guid":{"rendered":"https:\/\/fgvt.htwsaar.de\/site\/?page_id=2849"},"modified":"2023-08-17T11:26:52","modified_gmt":"2023-08-17T09:26:52","slug":"gaia-x-4-moveid-2022-2025","status":"publish","type":"page","link":"https:\/\/fgvt.htwsaar.de\/site\/gaia-x-4-moveid-2022-2025\/","title":{"rendered":"GaiaX-4-moveID (2022-2025)"},"content":{"rendered":"\n<p class=\"has-medium-font-size\"><strong>Dezentrale digitale Fahrzeugidentit\u00e4ten in der hochvernetzten Verkehrsumgebung<\/strong><\/p>\n\n\n\n<p><\/p>\n\n\n\n<figure class=\"wp-block-image size-large\"><img loading=\"lazy\" decoding=\"async\" width=\"1024\" height=\"263\" src=\"https:\/\/fgvt.htwsaar.de\/site\/wp-content\/uploads\/2023\/04\/Logo-MoveID-e1681989886602-1024x263.png\" alt=\"\" class=\"wp-image-2858\" srcset=\"https:\/\/fgvt.htwsaar.de\/site\/wp-content\/uploads\/2023\/04\/Logo-MoveID-e1681989886602-1024x263.png 1024w, https:\/\/fgvt.htwsaar.de\/site\/wp-content\/uploads\/2023\/04\/Logo-MoveID-e1681989886602-300x77.png 300w, https:\/\/fgvt.htwsaar.de\/site\/wp-content\/uploads\/2023\/04\/Logo-MoveID-e1681989886602-768x197.png 768w, https:\/\/fgvt.htwsaar.de\/site\/wp-content\/uploads\/2023\/04\/Logo-MoveID-e1681989886602.png 1280w\" sizes=\"auto, (max-width: 1024px) 100vw, 1024px\" \/><\/figure>\n\n\n\n<p><strong>Datenzentrierte L\u00f6sungen f\u00fcr die Mobilit\u00e4t der Zukunft<\/strong><\/p>\n\n\n\n<figure class=\"wp-block-image size-large is-resized\"><img decoding=\"async\" src=\"https:\/\/fgvt.htwsaar.de\/site\/wp-content\/uploads\/2023\/04\/Folie1-1-1024x576.png\" alt=\"\" class=\"wp-image-2890\" width=\"840\" srcset=\"https:\/\/fgvt.htwsaar.de\/site\/wp-content\/uploads\/2023\/04\/Folie1-1-1024x576.png 1024w, https:\/\/fgvt.htwsaar.de\/site\/wp-content\/uploads\/2023\/04\/Folie1-1-300x169.png 300w, https:\/\/fgvt.htwsaar.de\/site\/wp-content\/uploads\/2023\/04\/Folie1-1-768x432.png 768w, https:\/\/fgvt.htwsaar.de\/site\/wp-content\/uploads\/2023\/04\/Folie1-1.png 1280w\" sizes=\"(max-width: 1024px) 100vw, 1024px\" \/><\/figure>\n\n\n\n<p>Die Digitalisierung schafft mit hohem Tempo neue Entwicklungen \u2013 auch und gerade im Bereich der Mobilit\u00e4t. Besondere Aufmerksamkeit liegt dabei auf der Sicherheit, Zuverl\u00e4ssigkeit und Verf\u00fcgbarkeit der Systeme. \u201eGAIA-X 4 Future Mobility\u201c bietet den Rahmen f\u00fcr bisher sechs Projekte, bei denen datenzentrierte Anwendungen im Mittelpunkt stehen. <\/p>\n\n\n\n<p>Das gemeinsame Ziel ist die Entwicklung von Anwendungen, bei denen eine enge Vernetzung von Nutzern, Dienstleistern, Herstellern und Zulieferern besonders wichtig ist. In den einzelnen Projekten geht es unter anderem um eine intelligente Verkehrsinfrastruktur, den Produktlebenszyklus oder digitale Zwillinge im Zusammenhang mit dem automatisierten Fahren. <\/p>\n\n\n\n<p><\/p>\n\n\n\n<p><em>&#8222;Die zunehmende Digitalisierung aller gesellschaftlichen Bereiche er\u00f6ffnet uns v\u00f6llig neue M\u00f6glichkeiten. Europa schafft mit dem Aufbau von GAIA-X eine leistungs- und wettbewerbsf\u00e4hige, sichere und vertrauensw\u00fcrdige Dateninfrastruktur\u201c, sagt Prof. Dr.-Ing. Anke Kaysser-Pyzalla, Vorstandsvorsitzende des DLR. <\/em><\/p>\n\n\n\n<p><em>\u201eDas DLR engagiert sich im Bereich der Mobilit\u00e4t. Die Erfahrungen aus 30 Jahren Mobilit\u00e4tsforschung sowie der interdisziplin\u00e4re Ansatz mit der engen Verzahnung von Luft- und Raumfahrt, Energie- und Verkehrsforschung und insbesondere der Digitalisierung schaffen daf\u00fcr ideale Voraussetzungen<\/em>.&#8220;<\/p>\n\n\n\n<figure class=\"wp-block-embed is-type-video is-provider-youtube wp-block-embed-youtube wp-embed-aspect-16-9 wp-has-aspect-ratio\"><div class=\"wp-block-embed__wrapper\">\n<iframe loading=\"lazy\" title=\"What is Gaia-X DE\" width=\"750\" height=\"422\" src=\"https:\/\/www.youtube.com\/embed\/8flz4zZtP60?list=PLx9hLnO5yRKDi_6NQ9X_MclZTSjgt4EcT\" frameborder=\"0\" allow=\"accelerometer; autoplay; clipboard-write; encrypted-media; gyroscope; picture-in-picture; web-share\" allowfullscreen><\/iframe>\n<\/div><\/figure>\n\n\n\n<p>Innovative und zukunftsweisende Fahrzeug- und Mobilit\u00e4tstechnologien, insbesondere Automatisierung und Vernetzung, sind in hohem Ma\u00dfe auf sichere, zuverl\u00e4ssige und gleichzeitig flexible Daten und Dienste-Strukturen angewiesen. Sicherheitskritische Systeme im Besonderen stellen hohe Anforderungen an die Souver\u00e4nit\u00e4t, Verf\u00fcgbarkeit und Echtzeitf\u00e4higkeit der zugrundeliegenden digitalen Infrastruktur. Ein umfassendes System, das diese Anforderung jederzeit erf\u00fcllt, ist kritisch f\u00fcr die Einf\u00fchrung neuer, digitaler Mobilit\u00e4tskonzepte.<\/p>\n\n\n\n<p>Eine gesamtheitliche, transparente Systemarchitektur f\u00fcr den Informationsaustausch zwischen Anbietern und Kunden von Mobilit\u00e4tsanwendungen im Stra\u00dfenverkehr unter Einhaltung datenschutzrelevanter Aspekte ist heute nicht verf\u00fcgbar.<\/p>\n\n\n\n<p>Dezentralisierte L\u00f6sungen und die Entwicklung hierf\u00fcr essenzieller Technologiebausteine, wie insbesondere neue digitalen Identit\u00e4tskonzepte, sind deshalb unverzichtbar, weil damit geschlossene \u00d6kosysteme mit Lock-in-Effekten und hohen Mitnahmegewinnen durch monopolistische Plattform-Intermedi\u00e4re verhindert werden k\u00f6nnen. Gleichzeitig k\u00f6nnen basierend hierauf Mobilit\u00e4tsdienste unter Gew\u00e4hrleistung hoher Datenschutz- und Sicherheitsanforderungen entwickelt werden.<\/p>\n\n\n\n<p>Der <strong>Fokus<\/strong> des Projektes <strong>GAIA-X 4 moveID<\/strong> ist hier neben der technologischen Umsetzung dezentraler, digitalen Identit\u00e4ten im Stra\u00dfenverkehr, der diskriminierungsfreie Zugang zu digitalen Services in einer eng vernetzten, europ\u00e4ischen Infrastruktur mit Erhaltung der Autonomie bzgl. der privaten Daten und Verbesserung der Sicherheit und Vertrauensw\u00fcrdigkeit in einem zuk\u00fcnftigen Internet der Dinge (Internet of Things, IoT). Dies basiert auf dezentralen, plattform-unabh\u00e4ngigen Technologien, wie z.B. Distributed Ledger Technologien (DLT), Self-Sovereign Identity (SSI) und dezentralen Datenmarktpl\u00e4tzen. Der Einsatz von DLT wird das GAIA-X Rahmenwerk in seinen Aufgaben der dezentralen Datenverarbeitung, Datensouver\u00e4nit\u00e4t, Interoperabilit\u00e4t sowohl hinsichtlich technischer und semantischer Standards erm\u00f6glichen und zuk\u00fcnftige Mobilit\u00e4tsanwendungen unterst\u00fctzen. Den drohenden, durch asymmetrischen Daten-und Informationsfl\u00fcsse dominierten Gesch\u00e4ftsmodelle der auf den europ\u00e4ischen Markt eindringenden Hyperscalern kann so au\u00dferdem mit einer auf europ\u00e4ischen Werten gegr\u00fcndeten Technologie begegnet werden.<\/p>\n\n\n\n<p><strong>Durchf\u00fchrung<\/strong><\/p>\n\n\n\n<p>Das \u00fcbergeordnete Ziel von moveID besteht in der Schaffung eines Daten- und Service-\u00d6kosystems, in der automatisierte und vernetzte Verkehrsteilnehmer mit einer intelligenten Verkehrsinfrastruktur verbunden sind und nach den Gestaltungsprinzipien von Gaia-X zum gegenseitigen Mehrwert interagieren. Als technische Grundlage hierf\u00fcr wird der Mobilit\u00e4tsdatenraum von Gaia-X durch moveID SSI-ready<a href=\"#_ftn1\" id=\"_ftnref1\">[1]<\/a> gemacht. Dies bedeutet einen v\u00f6llig neuen, sicheren und dezentralen Ansatz, der einerseits der Heterogenit\u00e4t von Fahrzeugen und Infrastruktur Rechnung tr\u00e4gt und andererseits die zentralistische Datenhegemonie internationaler Internetkonzerne herausfordert. Die <strong>drei<\/strong> <strong>Kernziele<\/strong> des Projekts sind:<\/p>\n\n\n\n<ol class=\"wp-block-list\" type=\"I\">\n<li>Erweiterung des V2X \u00d6kosystems um dezentrale, digitale Identit\u00e4ten<\/li>\n\n\n\n<li>Ert\u00fcchtigung des Fahrzeugs als Datendrehscheibe im Austausch mit Verkehrsinfrastruktur und Cloud<\/li>\n\n\n\n<li>Einbettung in ein ganzheitliches, Gaia-X konformes Konzept zur Errichtung eines interoperablen, dezentralen Mobilit\u00e4tsdatensystems<\/li>\n<\/ol>\n\n\n\n<hr class=\"wp-block-separator has-alpha-channel-opacity\"\/>\n\n\n\n<p><sub><a id=\"_ftn1\" href=\"#_ftnref1\">[1]<\/a> Blockchain-basierte (z.B. Distributed Ledger Technology DLT) Self-Sovereign-Identity (SSI)<\/sub><\/p>\n\n\n\n<p><strong>Verbundkoordinator<\/strong><\/p>\n\n\n\n<figure class=\"wp-block-image size-medium is-resized\"><img loading=\"lazy\" decoding=\"async\" src=\"https:\/\/fgvt.htwsaar.de\/site\/wp-content\/uploads\/2023\/04\/Logo-Bosch-300x127.png\" alt=\"\" class=\"wp-image-2864\" width=\"210\" height=\"89\" srcset=\"https:\/\/fgvt.htwsaar.de\/site\/wp-content\/uploads\/2023\/04\/Logo-Bosch-300x127.png 300w, https:\/\/fgvt.htwsaar.de\/site\/wp-content\/uploads\/2023\/04\/Logo-Bosch.png 346w\" sizes=\"auto, (max-width: 210px) 100vw, 210px\" \/><\/figure>\n\n\n\n<p><strong>Projektpartner<\/strong><\/p>\n\n\n\n<div class=\"wp-block-columns is-layout-flex wp-container-core-columns-is-layout-28f84493 wp-block-columns-is-layout-flex\">\n<div class=\"wp-block-column is-vertically-aligned-center is-layout-flow wp-block-column-is-layout-flow\"><div class=\"wp-block-image\">\n<figure class=\"alignleft size-large is-resized\"><img loading=\"lazy\" decoding=\"async\" src=\"https:\/\/fgvt.htwsaar.de\/site\/wp-content\/uploads\/2023\/04\/51nodes_logo_pur_rgb-1024x179.jpg\" alt=\"\" class=\"wp-image-2904\" width=\"167\" height=\"29\" srcset=\"https:\/\/fgvt.htwsaar.de\/site\/wp-content\/uploads\/2023\/04\/51nodes_logo_pur_rgb-1024x179.jpg 1024w, https:\/\/fgvt.htwsaar.de\/site\/wp-content\/uploads\/2023\/04\/51nodes_logo_pur_rgb-300x53.jpg 300w, https:\/\/fgvt.htwsaar.de\/site\/wp-content\/uploads\/2023\/04\/51nodes_logo_pur_rgb-768x135.jpg 768w, https:\/\/fgvt.htwsaar.de\/site\/wp-content\/uploads\/2023\/04\/51nodes_logo_pur_rgb-1536x269.jpg 1536w, https:\/\/fgvt.htwsaar.de\/site\/wp-content\/uploads\/2023\/04\/51nodes_logo_pur_rgb.jpg 1998w\" sizes=\"auto, (max-width: 167px) 100vw, 167px\" \/><\/figure>\n<\/div><\/div>\n\n\n\n<div class=\"wp-block-column is-vertically-aligned-center is-layout-flow wp-block-column-is-layout-flow\"><div class=\"wp-block-image\">\n<figure class=\"aligncenter size-large\"><img loading=\"lazy\" decoding=\"async\" width=\"1024\" height=\"379\" src=\"https:\/\/fgvt.htwsaar.de\/site\/wp-content\/uploads\/2023\/04\/AIRBUS_Black-1-1024x379.png\" alt=\"\" class=\"wp-image-2941\" srcset=\"https:\/\/fgvt.htwsaar.de\/site\/wp-content\/uploads\/2023\/04\/AIRBUS_Black-1-1024x379.png 1024w, https:\/\/fgvt.htwsaar.de\/site\/wp-content\/uploads\/2023\/04\/AIRBUS_Black-1-300x111.png 300w, https:\/\/fgvt.htwsaar.de\/site\/wp-content\/uploads\/2023\/04\/AIRBUS_Black-1-768x284.png 768w, https:\/\/fgvt.htwsaar.de\/site\/wp-content\/uploads\/2023\/04\/AIRBUS_Black-1-1536x569.png 1536w, https:\/\/fgvt.htwsaar.de\/site\/wp-content\/uploads\/2023\/04\/AIRBUS_Black-1-2048x759.png 2048w\" sizes=\"auto, (max-width: 1024px) 100vw, 1024px\" \/><\/figure>\n<\/div><\/div>\n\n\n\n<div class=\"wp-block-column is-vertically-aligned-center is-layout-flow wp-block-column-is-layout-flow\"><div class=\"wp-block-image\">\n<figure class=\"aligncenter size-large is-resized\"><img loading=\"lazy\" decoding=\"async\" src=\"https:\/\/fgvt.htwsaar.de\/site\/wp-content\/uploads\/2023\/04\/Atos_logo_blue_RGB-1024x352.png\" alt=\"\" class=\"wp-image-2905\" width=\"129\" height=\"44\" srcset=\"https:\/\/fgvt.htwsaar.de\/site\/wp-content\/uploads\/2023\/04\/Atos_logo_blue_RGB-1024x352.png 1024w, https:\/\/fgvt.htwsaar.de\/site\/wp-content\/uploads\/2023\/04\/Atos_logo_blue_RGB-300x103.png 300w, https:\/\/fgvt.htwsaar.de\/site\/wp-content\/uploads\/2023\/04\/Atos_logo_blue_RGB-768x264.png 768w, https:\/\/fgvt.htwsaar.de\/site\/wp-content\/uploads\/2023\/04\/Atos_logo_blue_RGB.png 1200w\" sizes=\"auto, (max-width: 129px) 100vw, 129px\" \/><\/figure>\n<\/div><\/div>\n<\/div>\n\n\n\n<div class=\"wp-block-columns is-layout-flex wp-container-core-columns-is-layout-28f84493 wp-block-columns-is-layout-flex\">\n<div class=\"wp-block-column is-vertically-aligned-center is-layout-flow wp-block-column-is-layout-flow\">\n<figure class=\"wp-block-image size-large is-resized\"><img loading=\"lazy\" decoding=\"async\" src=\"https:\/\/fgvt.htwsaar.de\/site\/wp-content\/uploads\/2023\/04\/CSTP-Logo-XL-1024x125.png\" alt=\"\" class=\"wp-image-2909\" width=\"198\" height=\"24\" srcset=\"https:\/\/fgvt.htwsaar.de\/site\/wp-content\/uploads\/2023\/04\/CSTP-Logo-XL-1024x125.png 1024w, https:\/\/fgvt.htwsaar.de\/site\/wp-content\/uploads\/2023\/04\/CSTP-Logo-XL-300x37.png 300w, https:\/\/fgvt.htwsaar.de\/site\/wp-content\/uploads\/2023\/04\/CSTP-Logo-XL-768x94.png 768w, https:\/\/fgvt.htwsaar.de\/site\/wp-content\/uploads\/2023\/04\/CSTP-Logo-XL-1536x188.png 1536w, https:\/\/fgvt.htwsaar.de\/site\/wp-content\/uploads\/2023\/04\/CSTP-Logo-XL-2048x250.png 2048w\" sizes=\"auto, (max-width: 198px) 100vw, 198px\" \/><\/figure>\n<\/div>\n\n\n\n<div class=\"wp-block-column is-layout-flow wp-block-column-is-layout-flow\">\n<figure class=\"wp-block-image size-full\"><img loading=\"lazy\" decoding=\"async\" width=\"366\" height=\"133\" src=\"https:\/\/fgvt.htwsaar.de\/site\/wp-content\/uploads\/2023\/04\/download.jpeg\" alt=\"\" class=\"wp-image-2947\" srcset=\"https:\/\/fgvt.htwsaar.de\/site\/wp-content\/uploads\/2023\/04\/download.jpeg 366w, https:\/\/fgvt.htwsaar.de\/site\/wp-content\/uploads\/2023\/04\/download-300x109.jpeg 300w\" sizes=\"auto, (max-width: 366px) 100vw, 366px\" \/><\/figure>\n<\/div>\n\n\n\n<div class=\"wp-block-column is-vertically-aligned-center is-layout-flow wp-block-column-is-layout-flow\">\n<figure class=\"wp-block-image size-large is-resized\"><img loading=\"lazy\" decoding=\"async\" src=\"https:\/\/fgvt.htwsaar.de\/site\/wp-content\/uploads\/2023\/04\/deltaDAO_Logo_RGB_positiv_small-1024x381.png\" alt=\"\" class=\"wp-image-2910\" width=\"226\" height=\"84\" srcset=\"https:\/\/fgvt.htwsaar.de\/site\/wp-content\/uploads\/2023\/04\/deltaDAO_Logo_RGB_positiv_small-1024x381.png 1024w, https:\/\/fgvt.htwsaar.de\/site\/wp-content\/uploads\/2023\/04\/deltaDAO_Logo_RGB_positiv_small-300x112.png 300w, https:\/\/fgvt.htwsaar.de\/site\/wp-content\/uploads\/2023\/04\/deltaDAO_Logo_RGB_positiv_small-768x286.png 768w, https:\/\/fgvt.htwsaar.de\/site\/wp-content\/uploads\/2023\/04\/deltaDAO_Logo_RGB_positiv_small.png 1284w\" sizes=\"auto, (max-width: 226px) 100vw, 226px\" \/><\/figure>\n<\/div>\n<\/div>\n\n\n\n<div class=\"wp-block-columns is-layout-flex wp-container-core-columns-is-layout-28f84493 wp-block-columns-is-layout-flex\">\n<div class=\"wp-block-column is-vertically-aligned-center is-layout-flow wp-block-column-is-layout-flow\">\n<figure class=\"wp-block-image size-full is-resized\"><img loading=\"lazy\" decoding=\"async\" src=\"https:\/\/fgvt.htwsaar.de\/site\/wp-content\/uploads\/2023\/04\/DLRSignetinSchwarzalsPNG.png\" alt=\"\" class=\"wp-image-2912\" width=\"117\" height=\"97\" srcset=\"https:\/\/fgvt.htwsaar.de\/site\/wp-content\/uploads\/2023\/04\/DLRSignetinSchwarzalsPNG.png 448w, https:\/\/fgvt.htwsaar.de\/site\/wp-content\/uploads\/2023\/04\/DLRSignetinSchwarzalsPNG-300x248.png 300w\" sizes=\"auto, (max-width: 117px) 100vw, 117px\" \/><\/figure>\n<\/div>\n\n\n\n<div class=\"wp-block-column is-vertically-aligned-center is-layout-flow wp-block-column-is-layout-flow\"><div class=\"wp-block-image\">\n<figure class=\"aligncenter size-large\"><img loading=\"lazy\" decoding=\"async\" width=\"1024\" height=\"259\" src=\"https:\/\/fgvt.htwsaar.de\/site\/wp-content\/uploads\/2023\/04\/SCR-20230424-rywa-1024x259.png\" alt=\"\" class=\"wp-image-2945\" srcset=\"https:\/\/fgvt.htwsaar.de\/site\/wp-content\/uploads\/2023\/04\/SCR-20230424-rywa-1024x259.png 1024w, https:\/\/fgvt.htwsaar.de\/site\/wp-content\/uploads\/2023\/04\/SCR-20230424-rywa-300x76.png 300w, https:\/\/fgvt.htwsaar.de\/site\/wp-content\/uploads\/2023\/04\/SCR-20230424-rywa-768x194.png 768w, https:\/\/fgvt.htwsaar.de\/site\/wp-content\/uploads\/2023\/04\/SCR-20230424-rywa-1536x389.png 1536w, https:\/\/fgvt.htwsaar.de\/site\/wp-content\/uploads\/2023\/04\/SCR-20230424-rywa.png 1968w\" sizes=\"auto, (max-width: 1024px) 100vw, 1024px\" \/><\/figure>\n<\/div><\/div>\n\n\n\n<div class=\"wp-block-column is-layout-flow wp-block-column-is-layout-flow\"><div class=\"wp-block-image\">\n<figure class=\"aligncenter size-large is-resized\"><img loading=\"lazy\" decoding=\"async\" src=\"https:\/\/fgvt.htwsaar.de\/site\/wp-content\/uploads\/2023\/04\/ecsec-1024x439.png\" alt=\"\" class=\"wp-image-2942\" width=\"205\" height=\"87\" srcset=\"https:\/\/fgvt.htwsaar.de\/site\/wp-content\/uploads\/2023\/04\/ecsec-1024x439.png 1024w, https:\/\/fgvt.htwsaar.de\/site\/wp-content\/uploads\/2023\/04\/ecsec-300x129.png 300w, https:\/\/fgvt.htwsaar.de\/site\/wp-content\/uploads\/2023\/04\/ecsec-768x329.png 768w, https:\/\/fgvt.htwsaar.de\/site\/wp-content\/uploads\/2023\/04\/ecsec.png 1400w\" sizes=\"auto, (max-width: 205px) 100vw, 205px\" \/><\/figure>\n<\/div><\/div>\n<\/div>\n\n\n\n<div class=\"wp-block-columns is-layout-flex wp-container-core-columns-is-layout-28f84493 wp-block-columns-is-layout-flex\">\n<div class=\"wp-block-column is-vertically-aligned-center is-layout-flow wp-block-column-is-layout-flow\"><div class=\"wp-block-image\">\n<figure class=\"alignleft size-large is-resized\"><img loading=\"lazy\" decoding=\"async\" src=\"https:\/\/fgvt.htwsaar.de\/site\/wp-content\/uploads\/2023\/04\/ITK_Logo_CMYK_100c70m20k_300dpi-1024x922.jpg\" alt=\"\" class=\"wp-image-2915\" width=\"97\" height=\"86\" srcset=\"https:\/\/fgvt.htwsaar.de\/site\/wp-content\/uploads\/2023\/04\/ITK_Logo_CMYK_100c70m20k_300dpi-1024x922.jpg 1024w, https:\/\/fgvt.htwsaar.de\/site\/wp-content\/uploads\/2023\/04\/ITK_Logo_CMYK_100c70m20k_300dpi-300x270.jpg 300w, https:\/\/fgvt.htwsaar.de\/site\/wp-content\/uploads\/2023\/04\/ITK_Logo_CMYK_100c70m20k_300dpi-768x691.jpg 768w, https:\/\/fgvt.htwsaar.de\/site\/wp-content\/uploads\/2023\/04\/ITK_Logo_CMYK_100c70m20k_300dpi-1536x1383.jpg 1536w, https:\/\/fgvt.htwsaar.de\/site\/wp-content\/uploads\/2023\/04\/ITK_Logo_CMYK_100c70m20k_300dpi-2048x1843.jpg 2048w\" sizes=\"auto, (max-width: 97px) 100vw, 97px\" \/><\/figure>\n<\/div><\/div>\n\n\n\n<div class=\"wp-block-column is-vertically-aligned-center is-layout-flow wp-block-column-is-layout-flow\"><div class=\"wp-block-image\">\n<figure class=\"aligncenter size-full is-resized\"><img loading=\"lazy\" decoding=\"async\" src=\"https:\/\/fgvt.htwsaar.de\/site\/wp-content\/uploads\/2023\/04\/Materna-Bildmarke_o_Beschnitt_72dpi_RGB.png\" alt=\"\" class=\"wp-image-2923\" width=\"99\" height=\"99\" srcset=\"https:\/\/fgvt.htwsaar.de\/site\/wp-content\/uploads\/2023\/04\/Materna-Bildmarke_o_Beschnitt_72dpi_RGB.png 483w, https:\/\/fgvt.htwsaar.de\/site\/wp-content\/uploads\/2023\/04\/Materna-Bildmarke_o_Beschnitt_72dpi_RGB-300x300.png 300w, https:\/\/fgvt.htwsaar.de\/site\/wp-content\/uploads\/2023\/04\/Materna-Bildmarke_o_Beschnitt_72dpi_RGB-150x150.png 150w\" sizes=\"auto, (max-width: 99px) 100vw, 99px\" \/><\/figure>\n<\/div><\/div>\n\n\n\n<div class=\"wp-block-column is-vertically-aligned-center is-layout-flow wp-block-column-is-layout-flow\"><div class=\"wp-block-image\">\n<figure class=\"aligncenter size-full is-resized\"><img loading=\"lazy\" decoding=\"async\" src=\"https:\/\/fgvt.htwsaar.de\/site\/wp-content\/uploads\/2023\/04\/logo-bigchaindb.png\" alt=\"\" class=\"wp-image-2924\" width=\"123\" height=\"24\" srcset=\"https:\/\/fgvt.htwsaar.de\/site\/wp-content\/uploads\/2023\/04\/logo-bigchaindb.png 1000w, https:\/\/fgvt.htwsaar.de\/site\/wp-content\/uploads\/2023\/04\/logo-bigchaindb-300x59.png 300w, https:\/\/fgvt.htwsaar.de\/site\/wp-content\/uploads\/2023\/04\/logo-bigchaindb-768x151.png 768w\" sizes=\"auto, (max-width: 123px) 100vw, 123px\" \/><\/figure>\n<\/div><\/div>\n<\/div>\n\n\n\n<div class=\"wp-block-columns is-layout-flex wp-container-core-columns-is-layout-28f84493 wp-block-columns-is-layout-flex\">\n<div class=\"wp-block-column is-vertically-aligned-center is-layout-flow wp-block-column-is-layout-flow\"><div class=\"wp-block-image\">\n<figure class=\"alignleft size-large is-resized\"><img loading=\"lazy\" decoding=\"async\" src=\"https:\/\/fgvt.htwsaar.de\/site\/wp-content\/uploads\/2023\/04\/peaq-purple-1024x462.png\" alt=\"\" class=\"wp-image-2927\" width=\"185\" height=\"82\" srcset=\"https:\/\/fgvt.htwsaar.de\/site\/wp-content\/uploads\/2023\/04\/peaq-purple-1024x462.png 1024w, https:\/\/fgvt.htwsaar.de\/site\/wp-content\/uploads\/2023\/04\/peaq-purple-300x135.png 300w\" sizes=\"auto, (max-width: 185px) 100vw, 185px\" \/><\/figure>\n<\/div><\/div>\n\n\n\n<div class=\"wp-block-column is-layout-flow wp-block-column-is-layout-flow\"><div class=\"wp-block-image\">\n<figure class=\"aligncenter size-full is-resized\"><img loading=\"lazy\" decoding=\"async\" src=\"https:\/\/fgvt.htwsaar.de\/site\/wp-content\/uploads\/2023\/04\/WOBCOM_Logo_RGB_Positiv.png\" alt=\"\" class=\"wp-image-2943\" width=\"100\" height=\"89\" srcset=\"https:\/\/fgvt.htwsaar.de\/site\/wp-content\/uploads\/2023\/04\/WOBCOM_Logo_RGB_Positiv.png 795w, https:\/\/fgvt.htwsaar.de\/site\/wp-content\/uploads\/2023\/04\/WOBCOM_Logo_RGB_Positiv-300x269.png 300w, https:\/\/fgvt.htwsaar.de\/site\/wp-content\/uploads\/2023\/04\/WOBCOM_Logo_RGB_Positiv-768x688.png 768w\" sizes=\"auto, (max-width: 100px) 100vw, 100px\" \/><\/figure>\n<\/div><\/div>\n\n\n\n<div class=\"wp-block-column is-vertically-aligned-center is-layout-flow wp-block-column-is-layout-flow\"><div class=\"wp-block-image\">\n<figure class=\"aligncenter size-large is-resized\"><img loading=\"lazy\" decoding=\"async\" src=\"https:\/\/fgvt.htwsaar.de\/site\/wp-content\/uploads\/2023\/04\/zu-non-logo-web-national-8800x3456-1-1024x402.png\" alt=\"\" class=\"wp-image-2928\" width=\"289\" height=\"113\" srcset=\"https:\/\/fgvt.htwsaar.de\/site\/wp-content\/uploads\/2023\/04\/zu-non-logo-web-national-8800x3456-1-1024x402.png 1024w, https:\/\/fgvt.htwsaar.de\/site\/wp-content\/uploads\/2023\/04\/zu-non-logo-web-national-8800x3456-1-300x118.png 300w, https:\/\/fgvt.htwsaar.de\/site\/wp-content\/uploads\/2023\/04\/zu-non-logo-web-national-8800x3456-1-768x302.png 768w, https:\/\/fgvt.htwsaar.de\/site\/wp-content\/uploads\/2023\/04\/zu-non-logo-web-national-8800x3456-1-1536x603.png 1536w, https:\/\/fgvt.htwsaar.de\/site\/wp-content\/uploads\/2023\/04\/zu-non-logo-web-national-8800x3456-1-2048x804.png 2048w\" sizes=\"auto, (max-width: 289px) 100vw, 289px\" \/><\/figure>\n<\/div><\/div>\n<\/div>\n\n\n\n<p><strong>Projektlaufzeit<\/strong><\/p>\n\n\n\n<p>01.07.2022 &#8211; 30.06.2025<\/p>\n\n\n\n<p><strong>Projektvolumen<\/strong><\/p>\n\n\n\n<p>18,88 Mio. \u20ac<br>(davon 63% F\u00f6rderanteil durch BMWK)<\/p>\n","protected":false},"excerpt":{"rendered":"<p>Dezentrale digitale Fahrzeugidentit\u00e4ten in der hochvernetzten Verkehrsumgebung Datenzentrierte L\u00f6sungen f\u00fcr die Mobilit\u00e4t der Zukunft Die Digitalisierung schafft mit hohem Tempo neue Entwicklungen \u2013 auch und gerade im Bereich der Mobilit\u00e4t. Besondere Aufmerksamkeit liegt dabei auf der Sicherheit, Zuverl\u00e4ssigkeit und Verf\u00fcgbarkeit der Systeme. \u201eGAIA-X 4 Future Mobility\u201c bietet den Rahmen f\u00fcr [&hellip;]<\/p>\n","protected":false},"author":20,"featured_media":0,"parent":0,"menu_order":0,"comment_status":"closed","ping_status":"closed","template":"","meta":{"footnotes":""},"class_list":["post-2849","page","type-page","status-publish","hentry"],"_links":{"self":[{"href":"https:\/\/fgvt.htwsaar.de\/site\/wp-json\/wp\/v2\/pages\/2849","targetHints":{"allow":["GET"]}}],"collection":[{"href":"https:\/\/fgvt.htwsaar.de\/site\/wp-json\/wp\/v2\/pages"}],"about":[{"href":"https:\/\/fgvt.htwsaar.de\/site\/wp-json\/wp\/v2\/types\/page"}],"author":[{"embeddable":true,"href":"https:\/\/fgvt.htwsaar.de\/site\/wp-json\/wp\/v2\/users\/20"}],"replies":[{"embeddable":true,"href":"https:\/\/fgvt.htwsaar.de\/site\/wp-json\/wp\/v2\/comments?post=2849"}],"version-history":[{"count":28,"href":"https:\/\/fgvt.htwsaar.de\/site\/wp-json\/wp\/v2\/pages\/2849\/revisions"}],"predecessor-version":[{"id":3025,"href":"https:\/\/fgvt.htwsaar.de\/site\/wp-json\/wp\/v2\/pages\/2849\/revisions\/3025"}],"wp:attachment":[{"href":"https:\/\/fgvt.htwsaar.de\/site\/wp-json\/wp\/v2\/media?parent=2849"}],"curies":[{"name":"wp","href":"https:\/\/api.w.org\/{rel}","templated":true}]}}