{"id":2321,"date":"2022-01-14T09:56:02","date_gmt":"2022-01-14T08:56:02","guid":{"rendered":"https:\/\/fgvt.htwsaar.de\/site\/?page_id=2321"},"modified":"2022-01-14T09:56:02","modified_gmt":"2022-01-14T08:56:02","slug":"integrate-2022-2024-2","status":"publish","type":"page","link":"https:\/\/fgvt.htwsaar.de\/site\/integrate-2022-2024-2\/","title":{"rendered":"INTE:GRATE (2022-2024)"},"content":{"rendered":"\n<p>Aktuell erlebt die Mobilit\u00e4t eine Vielzahl an grundlegenden Ver\u00e4nderungen. Ein wesentlicher Treiber hierf\u00fcr ist der Klimawandel. Angesichts von Umweltsch\u00e4den und schwindenden Ressourcen k\u00e4mpfen Volkswirtschaften und Regionen weltweit darum, Aktivit\u00e4ten zur Bek\u00e4mpfung der globalen Erw\u00e4rmung umzusetzen und gleichzeitig effizient, sozial gerecht und wettbewerbsf\u00e4hig zu bleiben. <\/p>\n\n\n\n<p>Technologisch spiegeln sich diese Ver\u00e4nderungen bspw. bei den Themen Wasserstoff, Elektromobilit\u00e4t und automatisiertes Fahren wider, w\u00e4hrend gesellschaftlich der Trend Richtung Sharing Economy geht. Im Allgemeinen gehen Experten davon aus, dass in Zukunft eine Verlagerung von unimodalen Transportprodukten zu multimodalen Mobilit\u00e4tsservices stattfinden wird. <\/p>\n\n\n\n<p>Diese sollen zuverl\u00e4ssig, g\u00fcnstig, nachhaltig und vor allem integriert zu nutzen sein. Hier spielen insbesondere auch benachteiligte Gruppen wie Jugendliche, Menschen mit Einschr\u00e4nkung oder sozial Benachteiligte eine wichtige Rolle. Deren Bed\u00fcrfnisse werden bei der Entwicklung von neuen Mobilit\u00e4tskonzepten bisher oft nur unzureichend ber\u00fccksichtigt. <\/p>\n\n\n\n<p>Die Basis f\u00fcr alle Mobilit\u00e4tsservices liegt in einer Vernetzung der Verkehrstr\u00e4ger. Generell gilt, dass nur ein messbares und smartes System \u00fcberhaupt zielorientiert verbessert werden kann. In diesem Zusammenhang hat das schnelle Auftauchen des Begriffs <strong>Mobility-as-a-Service (MaaS)<\/strong> im Lexikon der Verkehrswissenschaft bei den Menschen eine Erwartungshaltung mit sich gebracht, die auf nichts Geringeres als eine bald nahende Mobilit\u00e4tsrevolution schlie\u00dfen l\u00e4sst. Die Frage des Projekts, ist wie man diese im Saarland zur Umsetzung bringen kann.<\/p>\n\n\n\n<figure class=\"wp-block-image size-full\"><img loading=\"lazy\" decoding=\"async\" width=\"1280\" height=\"720\" src=\"https:\/\/fgvt.htwsaar.de\/site\/wp-content\/uploads\/2022\/01\/Maas-Grafik.png\" alt=\"\" class=\"wp-image-2327\" srcset=\"https:\/\/fgvt.htwsaar.de\/site\/wp-content\/uploads\/2022\/01\/Maas-Grafik.png 1280w, https:\/\/fgvt.htwsaar.de\/site\/wp-content\/uploads\/2022\/01\/Maas-Grafik-300x169.png 300w, https:\/\/fgvt.htwsaar.de\/site\/wp-content\/uploads\/2022\/01\/Maas-Grafik-1024x576.png 1024w, https:\/\/fgvt.htwsaar.de\/site\/wp-content\/uploads\/2022\/01\/Maas-Grafik-768x432.png 768w\" sizes=\"auto, (max-width: 1280px) 100vw, 1280px\" \/><figcaption>Eigene Darstellung<\/figcaption><\/figure>\n\n\n\n<p>Ziel des INTE:GRATE Projektes ist es ein realisierbares Konzept zur Umsetzung von Mobility-as-a-Service im Saarland zu entwerfen. Gleichsam soll der \u00f6ffentliche Wert der Systeme gemeinsam mit lokalen Akteuren entwickelt werden. Das im Projekt entwickelte Umsetzungskonzept zu MaaS im Saarland stellt die Grundlage f\u00fcr eine zuk\u00fcnftige prototypische Umsetzung in Form eines Realexperiments, sowie eine wirksame \u00d6ffentlichkeitsarbeit dar. <\/p>\n\n\n\n<p><strong>Projektlaufzeit<\/strong><\/p>\n\n\n\n<p>01.01.2022 bis 31.12.2024 (36 Monate)<\/p>\n\n\n\n<p><strong>Projektpartner<\/strong><\/p>\n\n\n\n<figure class=\"wp-block-image size-large is-resized\"><img loading=\"lazy\" decoding=\"async\" src=\"https:\/\/fgvt.htwsaar.de\/site\/wp-content\/uploads\/2022\/01\/Logo-Universitaet_des_Saarlandes.svg_-1024x414.png\" alt=\"\" class=\"wp-image-2347\" width=\"346\" height=\"139\" srcset=\"https:\/\/fgvt.htwsaar.de\/site\/wp-content\/uploads\/2022\/01\/Logo-Universitaet_des_Saarlandes.svg_-1024x414.png 1024w, https:\/\/fgvt.htwsaar.de\/site\/wp-content\/uploads\/2022\/01\/Logo-Universitaet_des_Saarlandes.svg_-300x121.png 300w, https:\/\/fgvt.htwsaar.de\/site\/wp-content\/uploads\/2022\/01\/Logo-Universitaet_des_Saarlandes.svg_-768x310.png 768w, https:\/\/fgvt.htwsaar.de\/site\/wp-content\/uploads\/2022\/01\/Logo-Universitaet_des_Saarlandes.svg_-1536x620.png 1536w, https:\/\/fgvt.htwsaar.de\/site\/wp-content\/uploads\/2022\/01\/Logo-Universitaet_des_Saarlandes.svg_-2048x827.png 2048w\" sizes=\"auto, (max-width: 346px) 100vw, 346px\" \/><\/figure>\n\n\n\n<p><strong>Gef\u00f6rdert durch<\/strong><\/p>\n\n\n\n<figure class=\"wp-block-gallery columns-2 wp-block-gallery-1 is-layout-flex wp-block-gallery-is-layout-flex\"><ul class=\"blocks-gallery-grid\"><li class=\"blocks-gallery-item\"><figure><img loading=\"lazy\" decoding=\"async\" width=\"242\" height=\"75\" src=\"https:\/\/fgvt.htwsaar.de\/site\/wp-content\/uploads\/2020\/03\/efre.jpg\" alt=\"\" data-id=\"1211\" data-full-url=\"https:\/\/fgvt.htwsaar.de\/site\/wp-content\/uploads\/2020\/03\/efre.jpg\" data-link=\"https:\/\/fgvt.htwsaar.de\/site\/?attachment_id=1211\" class=\"wp-image-1211\"\/><\/figure><\/li><li class=\"blocks-gallery-item\"><figure><img loading=\"lazy\" decoding=\"async\" width=\"1024\" height=\"414\" src=\"https:\/\/fgvt.htwsaar.de\/site\/wp-content\/uploads\/2020\/03\/Saar_MZ_HO_std_3C-1024x414.jpg\" alt=\"\" data-id=\"1212\" data-full-url=\"https:\/\/fgvt.htwsaar.de\/site\/wp-content\/uploads\/2020\/03\/Saar_MZ_HO_std_3C.jpg\" data-link=\"https:\/\/fgvt.htwsaar.de\/site\/?attachment_id=1212\" class=\"wp-image-1212\" srcset=\"https:\/\/fgvt.htwsaar.de\/site\/wp-content\/uploads\/2020\/03\/Saar_MZ_HO_std_3C-1024x414.jpg 1024w, https:\/\/fgvt.htwsaar.de\/site\/wp-content\/uploads\/2020\/03\/Saar_MZ_HO_std_3C-300x121.jpg 300w, https:\/\/fgvt.htwsaar.de\/site\/wp-content\/uploads\/2020\/03\/Saar_MZ_HO_std_3C-768x311.jpg 768w, https:\/\/fgvt.htwsaar.de\/site\/wp-content\/uploads\/2020\/03\/Saar_MZ_HO_std_3C.jpg 1313w\" sizes=\"auto, (max-width: 1024px) 100vw, 1024px\" \/><\/figure><\/li><\/ul><\/figure>\n\n\n\n<div class=\"wp-block-themeisle-blocks-advanced-columns has-undefined-columns has-desktop-undefined-layout has-tablet-equal-layout has-mobile-equal-layout has-default-gap has-vertical-unset\" id=\"wp-block-themeisle-blocks-advanced-columns-73f7902e\"><div class=\"wp-block-themeisle-blocks-advanced-columns-overlay\"><\/div><div class=\"innerblocks-wrap\"><\/div><\/div>\n","protected":false},"excerpt":{"rendered":"<p>Aktuell erlebt die Mobilit\u00e4t eine Vielzahl an grundlegenden Ver\u00e4nderungen. Ein wesentlicher Treiber hierf\u00fcr ist der Klimawandel. Angesichts von Umweltsch\u00e4den und schwindenden Ressourcen k\u00e4mpfen Volkswirtschaften und Regionen weltweit darum, Aktivit\u00e4ten zur Bek\u00e4mpfung der globalen Erw\u00e4rmung umzusetzen und gleichzeitig effizient, sozial gerecht und wettbewerbsf\u00e4hig zu bleiben. Technologisch spiegeln sich diese Ver\u00e4nderungen bspw. [&hellip;]<\/p>\n","protected":false},"author":17,"featured_media":0,"parent":0,"menu_order":0,"comment_status":"closed","ping_status":"closed","template":"","meta":{"footnotes":""},"class_list":["post-2321","page","type-page","status-publish","hentry"],"_links":{"self":[{"href":"https:\/\/fgvt.htwsaar.de\/site\/wp-json\/wp\/v2\/pages\/2321","targetHints":{"allow":["GET"]}}],"collection":[{"href":"https:\/\/fgvt.htwsaar.de\/site\/wp-json\/wp\/v2\/pages"}],"about":[{"href":"https:\/\/fgvt.htwsaar.de\/site\/wp-json\/wp\/v2\/types\/page"}],"author":[{"embeddable":true,"href":"https:\/\/fgvt.htwsaar.de\/site\/wp-json\/wp\/v2\/users\/17"}],"replies":[{"embeddable":true,"href":"https:\/\/fgvt.htwsaar.de\/site\/wp-json\/wp\/v2\/comments?post=2321"}],"version-history":[{"count":13,"href":"https:\/\/fgvt.htwsaar.de\/site\/wp-json\/wp\/v2\/pages\/2321\/revisions"}],"predecessor-version":[{"id":2355,"href":"https:\/\/fgvt.htwsaar.de\/site\/wp-json\/wp\/v2\/pages\/2321\/revisions\/2355"}],"wp:attachment":[{"href":"https:\/\/fgvt.htwsaar.de\/site\/wp-json\/wp\/v2\/media?parent=2321"}],"curies":[{"name":"wp","href":"https:\/\/api.w.org\/{rel}","templated":true}]}}