{"id":188,"date":"2019-07-08T08:55:22","date_gmt":"2019-07-08T06:55:22","guid":{"rendered":"https:\/\/fgvt.htwsaar.de\/site\/?page_id=188"},"modified":"2020-03-24T14:23:39","modified_gmt":"2020-03-24T13:23:39","slug":"terminal-2019-2021","status":"publish","type":"page","link":"https:\/\/fgvt.htwsaar.de\/site\/terminal-2019-2021\/","title":{"rendered":"TERMINAL (2019-2021)"},"content":{"rendered":"\n<h3 class=\"wp-block-heading\">TERMINAL&nbsp;<\/h3>\n\n\n\n<h5 class=\"wp-block-heading\">(Automatisierte elektrische Minibusse im grenz\u00fcberschreitenden Pendlerverkehr)<\/h5>\n\n\n\n<p><strong>Sicher, umweltbewusst und flexibel \u2013 so lauten zentrale Forderungen an die Mobilit\u00e4t der Zukunft. In der Grenzregion zwischen Deutschland, Frankreich und Luxemburg ist Mobilit\u00e4t in der Arbeitswelt ein entscheidender Faktor. Sie muss einfach, g\u00fcnstig und f\u00fcr alle verf\u00fcgbar sein. Die Automatisierung und intelligente Vernetzung des Stra\u00dfenverkehrs spielt dabei eine wichtige Rolle. Im Vorhaben TERMINAL (Automatisierte elektrische Minibusse im grenz\u00fcberschreitenden Pendlerverkehr) arbeiten und forschen 15 Partner aus Wissenschaft, Mobilit\u00e4tsanbietern und \u00f6ffentlicher Verwaltung an der Etablierung von automatisierten, elektrischen Bussen im grenz\u00fcberschreitenden Pendlerverkehr.<\/strong><\/p>\n\n\n\n<p>Insbesondere in der Gro\u00dfregion ist es nicht ungew\u00f6hnlich, wenn Arbeitnehmerinnen und Arbeitnehmer, Auszubildende und Studierende auf dem Weg zu ihren Arbeits- und Ausbildungsst\u00e4tten im wahrsten Sinne des Wortes Grenzen \u00fcberqueren. Um bei dieser Mobilit\u00e4t nicht auf das eigene Fahrzeug angewiesen zu sein, untersucht TERMINAL die Rahmenbedingungen f\u00fcr einen automatisierten Verkehr in der Grenzregion und wird einen Feldversuch \u00fcber mehrere Monate mit einem automatisierten elektrischen Shuttle im Realverkehr durchf\u00fchren. Als Strecke f\u00fcr den Feldversuch wurden ein Abschnitt zwischen der Gemeinde <strong>Creutzwald (Departement Moselle)<\/strong> und dem Industriegebiet der Gemeinde <strong>\u00dcberherrn (Saarland)<\/strong> ausgesucht.<\/p>\n\n\n\n<p>Gleichzeitig werden auf einer Strecke zwischen <strong>Luxemburg<\/strong> und <strong>Thionville (Departement Moselle)<\/strong> von nicht automatisierten Bussen Daten gesammelt, die zur Weiterentwicklung der Technologie des automatisierten Fahrens eingesetzt werden. Dar\u00fcber hinaus dient diese Strecke zur Erprobung von <em>Mobility-on-Demand (MoD)-Diensten<\/em>. Neben den technischen Aspekten soll aber auch untersucht werden, wie sich die Technologie auf die Menschen auswirkt und wie sich automatisierte Fahrzeuge und MoD in einen attraktiven, grenz\u00fcberschreitenden \u00d6PNV integrieren lassen. Der Mensch steht aus zwei Perspektiven im Fokus. Einerseits wird \u00fcber Befragungen vor und nach dem Feldtest untersucht, welche Einstellung die Nutzer zum automatisierten Verkehr haben, andererseits werden auch \u00dcberlegungen zur Zukunft der Arbeitspl\u00e4tze im \u00d6PNV eine Rolle spielen.<\/p>\n\n\n\n<p>Das Projekt ist ein entscheidender Schritt auf dem Weg zur Verwirklichung smarter Mobilit\u00e4tskonzepte.&nbsp;Das Projekt bette sich in die Aktivit\u00e4ten des <strong>trinationalen digitalen Testfelds Deutschland-Frankreich-Luxemburg<\/strong> <strong>f\u00fcr das automatisierte und vernetzte Fahren<\/strong> ein. Terminal wird das erste Projekt in Europa sein, das sich mit einem grenz\u00fcberschreitenden regelm\u00e4\u00dfigen Verkehr von automatisierten elektrischen Minibussen auseinandersetzt und diese in einem Feldversuch erprobt.<\/p>\n\n\n\n<p>Federf\u00fchrender Partner des Projektes ist die Hochschule f\u00fcr Technik und Wirtschaft des Saarlandes \u2013 htw saar.<\/p>\n\n\n\n<hr class=\"wp-block-separator\"\/>\n\n\n\n<p><strong>Projektlaufzeit<\/strong><br>01.01.2019 bis 31.12.2021 (36 Monate)<\/p>\n\n\n\n<p><strong><br>Operative Projektpartner<\/strong><\/p>\n\n\n\n<figure class=\"wp-block-table\"><table class=\"\"><tbody><tr><td><a rel=\"noreferrer noopener\" href=\"https:\/\/wwwfr.uni.lu\/snt\" target=\"_blank\"><\/a><a href=\"http:\/\/www.htwsaar.de\/\/\"><img loading=\"lazy\" decoding=\"async\" width=\"150\" height=\"28\" class=\"wp-image-1461\" style=\"width: 150px;\" src=\"https:\/\/fgvt.htwsaar.de\/site\/wp-content\/uploads\/2020\/03\/htwsaar_Logo_LA.png\" alt=\"\" srcset=\"https:\/\/fgvt.htwsaar.de\/site\/wp-content\/uploads\/2020\/03\/htwsaar_Logo_LA.png 1181w, https:\/\/fgvt.htwsaar.de\/site\/wp-content\/uploads\/2020\/03\/htwsaar_Logo_LA-300x56.png 300w, https:\/\/fgvt.htwsaar.de\/site\/wp-content\/uploads\/2020\/03\/htwsaar_Logo_LA-1024x192.png 1024w, https:\/\/fgvt.htwsaar.de\/site\/wp-content\/uploads\/2020\/03\/htwsaar_Logo_LA-768x144.png 768w\" sizes=\"auto, (max-width: 150px) 100vw, 150px\" \/><\/a><\/td><td><a rel=\"noreferrer noopener\" href=\"https:\/\/www.fedil.lu\/de\/members\/a9fab303-3ed1-e711-8128-70106faac321\/\" target=\"_blank\"><\/a><a href=\"https:\/\/www.saarland.de\/ministerium_wirtschaft_arbeit_energie_verkehr.htm\"><img loading=\"lazy\" decoding=\"async\" width=\"150\" height=\"56\" class=\"wp-image-1458\" style=\"width: 150px;\" src=\"https:\/\/fgvt.htwsaar.de\/site\/wp-content\/uploads\/2020\/03\/saar.jpg\" alt=\"\" srcset=\"https:\/\/fgvt.htwsaar.de\/site\/wp-content\/uploads\/2020\/03\/saar.jpg 600w, https:\/\/fgvt.htwsaar.de\/site\/wp-content\/uploads\/2020\/03\/saar-300x113.jpg 300w\" sizes=\"auto, (max-width: 150px) 100vw, 150px\" \/><\/a><\/td><td><a href=\"https:\/\/www.uni-kl.de\/\"><img loading=\"lazy\" decoding=\"async\" width=\"150\" height=\"45\" class=\"wp-image-1459\" style=\"width: 150px;\" src=\"https:\/\/fgvt.htwsaar.de\/site\/wp-content\/uploads\/2020\/03\/tukl.png\" alt=\"\" srcset=\"https:\/\/fgvt.htwsaar.de\/site\/wp-content\/uploads\/2020\/03\/tukl.png 2000w, https:\/\/fgvt.htwsaar.de\/site\/wp-content\/uploads\/2020\/03\/tukl-300x90.png 300w, https:\/\/fgvt.htwsaar.de\/site\/wp-content\/uploads\/2020\/03\/tukl-1024x307.png 1024w, https:\/\/fgvt.htwsaar.de\/site\/wp-content\/uploads\/2020\/03\/tukl-768x230.png 768w, https:\/\/fgvt.htwsaar.de\/site\/wp-content\/uploads\/2020\/03\/tukl-1536x461.png 1536w\" sizes=\"auto, (max-width: 150px) 100vw, 150px\" \/><\/a><\/td><td><a href=\"http:\/\/www.uni-gr.eu\/de\/\"><img loading=\"lazy\" decoding=\"async\" width=\"150\" height=\"53\" class=\"wp-image-1463\" style=\"width: 150px;\" src=\"https:\/\/fgvt.htwsaar.de\/site\/wp-content\/uploads\/2020\/03\/Logo-universite-de-lorraine.svg_.png\" alt=\"\" srcset=\"https:\/\/fgvt.htwsaar.de\/site\/wp-content\/uploads\/2020\/03\/Logo-universite-de-lorraine.svg_.png 1200w, https:\/\/fgvt.htwsaar.de\/site\/wp-content\/uploads\/2020\/03\/Logo-universite-de-lorraine.svg_-300x106.png 300w, https:\/\/fgvt.htwsaar.de\/site\/wp-content\/uploads\/2020\/03\/Logo-universite-de-lorraine.svg_-1024x360.png 1024w, https:\/\/fgvt.htwsaar.de\/site\/wp-content\/uploads\/2020\/03\/Logo-universite-de-lorraine.svg_-768x270.png 768w\" sizes=\"auto, (max-width: 150px) 100vw, 150px\" \/><\/a><\/td><td><a href=\"https:\/\/wwwfr.uni.lu\/snt\"><img loading=\"lazy\" decoding=\"async\" width=\"150\" height=\"128\" class=\"wp-image-1464\" style=\"width: 150px;\" src=\"https:\/\/fgvt.htwsaar.de\/site\/wp-content\/uploads\/2020\/03\/o_UniLux.png\" alt=\"\" srcset=\"https:\/\/fgvt.htwsaar.de\/site\/wp-content\/uploads\/2020\/03\/o_UniLux.png 1200w, https:\/\/fgvt.htwsaar.de\/site\/wp-content\/uploads\/2020\/03\/o_UniLux-300x255.png 300w, https:\/\/fgvt.htwsaar.de\/site\/wp-content\/uploads\/2020\/03\/o_UniLux-1024x871.png 1024w, https:\/\/fgvt.htwsaar.de\/site\/wp-content\/uploads\/2020\/03\/o_UniLux-768x653.png 768w\" sizes=\"auto, (max-width: 150px) 100vw, 150px\" \/><\/a><\/td><\/tr><tr><td><a href=\"https:\/\/www.fedil.lu\/de\/members\/a9fab303-3ed1-e711-8128-70106faac321\/\"><img loading=\"lazy\" decoding=\"async\" width=\"150\" height=\"75\" class=\"wp-image-1465\" style=\"width: 150px;\" src=\"https:\/\/fgvt.htwsaar.de\/site\/wp-content\/uploads\/2020\/03\/Utopian.png\" alt=\"\" srcset=\"https:\/\/fgvt.htwsaar.de\/site\/wp-content\/uploads\/2020\/03\/Utopian.png 1280w, https:\/\/fgvt.htwsaar.de\/site\/wp-content\/uploads\/2020\/03\/Utopian-300x151.png 300w, https:\/\/fgvt.htwsaar.de\/site\/wp-content\/uploads\/2020\/03\/Utopian-1024x514.png 1024w, https:\/\/fgvt.htwsaar.de\/site\/wp-content\/uploads\/2020\/03\/Utopian-768x386.png 768w\" sizes=\"auto, (max-width: 150px) 100vw, 150px\" \/><\/a><\/td><td><\/td><td><\/td><td><\/td><td><\/td><\/tr><\/tbody><\/table><\/figure>\n\n\n\n<p>Unterst\u00fctzt werden sie dabei von folgenden <strong>assoziierten Partnern<\/strong>:<\/p>\n\n\n\n<ul class=\"wp-block-list\"><li>Communaute de Communes Du Warndt<\/li><li>D\u00e9partement Moselle<\/li><li>Direction Regionale Environnement Amenagement Logement Grand-Est (DREAL)<\/li><li>Eurodistrict Saar Moselle<\/li><li>Gemeinde \u00dcberherrn<\/li><li>Institut national de recherche en informatique et en automatique (INRIA)<\/li><li>KVS GmbH<\/li><li>Ministerium f\u00fcr Wirtschaft, Verkehr, Landwirtschaft und Weinbau Rheinland-Pfalz (MWVLW)<\/li><li>R\u00e9gion Grand Est<\/li><\/ul>\n\n\n\n<p>gef\u00f6rdert von:<\/p>\n\n\n\n<figure class=\"wp-block-image size-large\"><a href=\"http:\/\/www.interreg-gr.eu\/de\/homepage-3\" target=\"_blank\" rel=\"noreferrer noopener\"><img loading=\"lazy\" decoding=\"async\" width=\"547\" height=\"200\" src=\"https:\/\/fgvt.htwsaar.de\/site\/wp-content\/uploads\/2020\/03\/Interreg_Grande-Region_FR_DE_FUND_RGBcut.png\" alt=\"\" class=\"wp-image-1437\" srcset=\"https:\/\/fgvt.htwsaar.de\/site\/wp-content\/uploads\/2020\/03\/Interreg_Grande-Region_FR_DE_FUND_RGBcut.png 547w, https:\/\/fgvt.htwsaar.de\/site\/wp-content\/uploads\/2020\/03\/Interreg_Grande-Region_FR_DE_FUND_RGBcut-300x110.png 300w\" sizes=\"auto, (max-width: 547px) 100vw, 547px\" \/><\/a><\/figure>\n\n\n\n<p>mit Mitteln&nbsp;des Europ\u00e4ischen Fonds f\u00fcr Regionale Entwicklung (EFRE)<\/p>\n","protected":false},"excerpt":{"rendered":"<p>TERMINAL&nbsp; (Automatisierte elektrische Minibusse im grenz\u00fcberschreitenden Pendlerverkehr) Sicher, umweltbewusst und flexibel \u2013 so lauten zentrale Forderungen an die Mobilit\u00e4t der Zukunft. In der Grenzregion zwischen Deutschland, Frankreich und Luxemburg ist Mobilit\u00e4t in der Arbeitswelt ein entscheidender Faktor. Sie muss einfach, g\u00fcnstig und f\u00fcr alle verf\u00fcgbar sein. Die Automatisierung und intelligente [&hellip;]<\/p>\n","protected":false},"author":2,"featured_media":0,"parent":0,"menu_order":0,"comment_status":"closed","ping_status":"closed","template":"","meta":{"footnotes":""},"class_list":["post-188","page","type-page","status-publish","hentry"],"_links":{"self":[{"href":"https:\/\/fgvt.htwsaar.de\/site\/wp-json\/wp\/v2\/pages\/188","targetHints":{"allow":["GET"]}}],"collection":[{"href":"https:\/\/fgvt.htwsaar.de\/site\/wp-json\/wp\/v2\/pages"}],"about":[{"href":"https:\/\/fgvt.htwsaar.de\/site\/wp-json\/wp\/v2\/types\/page"}],"author":[{"embeddable":true,"href":"https:\/\/fgvt.htwsaar.de\/site\/wp-json\/wp\/v2\/users\/2"}],"replies":[{"embeddable":true,"href":"https:\/\/fgvt.htwsaar.de\/site\/wp-json\/wp\/v2\/comments?post=188"}],"version-history":[{"count":7,"href":"https:\/\/fgvt.htwsaar.de\/site\/wp-json\/wp\/v2\/pages\/188\/revisions"}],"predecessor-version":[{"id":1469,"href":"https:\/\/fgvt.htwsaar.de\/site\/wp-json\/wp\/v2\/pages\/188\/revisions\/1469"}],"wp:attachment":[{"href":"https:\/\/fgvt.htwsaar.de\/site\/wp-json\/wp\/v2\/media?parent=188"}],"curies":[{"name":"wp","href":"https:\/\/api.w.org\/{rel}","templated":true}]}}