{"id":186,"date":"2019-07-08T08:55:02","date_gmt":"2019-07-08T06:55:02","guid":{"rendered":"https:\/\/fgvt.htwsaar.de\/site\/?page_id=186"},"modified":"2022-11-16T14:22:55","modified_gmt":"2022-11-16T13:22:55","slug":"saarmos-its-2019-2021","status":"publish","type":"page","link":"https:\/\/fgvt.htwsaar.de\/site\/saarmos-its-2019-2021\/","title":{"rendered":"SaarMoS-ITS (2019-2022)"},"content":{"rendered":"<div class=\"wp-block-image\">\n<figure class=\"aligncenter size-large\"><img loading=\"lazy\" decoding=\"async\" width=\"1024\" height=\"407\" src=\"https:\/\/fgvt.htwsaar.de\/site\/wp-content\/uploads\/2020\/03\/SaarMos-ITS_Logo-1-1024x407.png\" alt=\"\" class=\"wp-image-1545\" srcset=\"https:\/\/fgvt.htwsaar.de\/site\/wp-content\/uploads\/2020\/03\/SaarMos-ITS_Logo-1-1024x407.png 1024w, https:\/\/fgvt.htwsaar.de\/site\/wp-content\/uploads\/2020\/03\/SaarMos-ITS_Logo-1-300x119.png 300w, https:\/\/fgvt.htwsaar.de\/site\/wp-content\/uploads\/2020\/03\/SaarMos-ITS_Logo-1-768x305.png 768w, https:\/\/fgvt.htwsaar.de\/site\/wp-content\/uploads\/2020\/03\/SaarMos-ITS_Logo-1.png 1093w\" sizes=\"auto, (max-width: 1024px) 100vw, 1024px\" \/><\/figure>\n<\/div>\n\n<p><\/p>\n<p><strong>Ziel:<\/strong><\/p>\n<p style=\"text-align: justify;\">Hauptziel ist die Entwicklung einer nachhaltigen Strategie f\u00fcr das saarl\u00e4ndische <em><a rel=\"noreferrer noopener\" href=\"https:\/\/item.htwsaar.de\/\" target=\"_blank\" aria-label=\" ITS Testfeld Merzig (ITeM) (\u00f6ffnet in neuem Tab)\">ITS Testfeld Merzig (ITeM)<\/a><\/em>. Hierbei geht es nicht nur darum, M\u00f6glichkeiten f\u00fcr weitere zuk\u00fcnftige Forschungen zu schaffen, sondern auch die Wirtschaft der Gro\u00dfregion in die Forschung und durch Wissenstransfer einzubinden. Tats\u00e4chlich sind die gegenseitige Unterst\u00fctzung von Wirtschaft, Wissenschaft und Politik sowie die Akzeptanz der Bev\u00f6lkerung zwingend notwendig, um ein nachhaltiges Testfeld zu etablieren. Gleichzeitig kann die Forschung im Rahmen des Testfeldes auch dazu dienen, den Strukturwandel im Saarland zu f\u00f6rdern und die lokale Wirtschaft durch Wissenstransfer zu unterst\u00fctzen, sich auf das wandelnde Umfeld in der Mobilit\u00e4t einzustellen.<\/p>\n\n\n<p style=\"text-align: justify;\">Hierzu muss die Sichtbarkeit des Testfeldes und der damit verbundenen Thematik sowohl innerhalb des Saarlandes, als auch im restlichen Bundesgebiet und der Gro\u00dfregion gesteigert werden. Die Forschungsarbeiten und Aktivit\u00e4ten m\u00fcssen breiter kommuniziert werden, au\u00dferdem sollten Vertreter des Testfeldes &#8222;Pr\u00e4senz&#8220; bei einschl\u00e4gigen Veranstaltungen zeigen. Hier ist es besonders wichtig, dass die Vertreter des Testfeldes bekannt werden. Dies macht es zum einen notwendig, dass man auf Branchentreffen, Kongressen, Infoveranstaltungen und Vortr\u00e4gen \u00f6ffentlichkeitswirksam anwesend ist. Zum anderen muss aktiv der Dialog mit der regionalen Wirtschaft und Politik gesucht werden. Diese Gespr\u00e4che m\u00fcssen koordiniert gef\u00fchrt werden und zielgerichtet sein. F\u00fcr diesen Dialog ist ein zentraler Ansprechpartner unerl\u00e4sslich. Auch sollten Ver\u00f6ffentlichungen koordiniert werden, so dass f\u00fcr eine m\u00f6glichst kontinuierliche Pr\u00e4senz in Wissenschafts- und Popul\u00e4rliteratur gesorgt wird. F\u00fcr den letzten Punkt ist die Regionalpresse (Zeitung, H\u00f6rfunk, Fernsehen) von besonderer Bedeutung.<\/p>\n\n\n<p style=\"text-align: justify;\">Um dieses Ziel erreichen zu k\u00f6nnen, gibt es<strong> zwei prim\u00e4re Forschungs- und Handlungsfelder:<\/strong><\/p>\n\n\n<ol class=\"wp-block-list\"><li>Zukunftsweisende Strategie<\/li><li>Strategische + organisatorische Koordination<\/li><\/ol>\n\n\n<p style=\"text-align: justify;\">F\u00fcr die <em>zukunftsweisende Strategie<\/em> werden die aktuellen Entwicklungen, die absehbaren Trends und zuk\u00fcnftige Visionen f\u00fcr das vernetzte und automatisierte Fahren durch eine Literaturrecherche und die Sichtung der aktuellen Forschungslandschaft in diesem Bereich aufbereitet und untersucht. Gleichzeitig wird eine Potentialanalyse der saarl\u00e4ndischen Forschungs- und Entwicklungslandschaft und Industrie (beispielsweise basierend auf vorliegenden Ergebnissen des Forschungsvorhabens <a rel=\"noreferrer noopener\" href=\"https:\/\/fgvt.htwsaar.de\/public\/index.php\/kosmos-2017-2020\/\" target=\"_blank\" aria-label=\"KoSMoS (\u00f6ffnet in neuem Tab)\">KoSMoS<\/a> oder der Smart Mobility Studie) durchgef\u00fchrt. Aus den beiden Ergebnissen wird eine zukunftsweisende technologische und strukturelle Strategie zur Weiterentwicklung des Testfeldes ITeM abgeleitet werden. In der Strategie werden die Chancen und Risiken des saarl\u00e4ndischen Testfeldes analysiert und entsprechende Handlungsempfehlungen und strategische Ma\u00dfnahmen aufgezeigt.<\/p>\n<p style=\"text-align: justify;\">Basierende auf der Strategie wird in der <em>strategischen Koordination<\/em> exemplarisch eine aktive Suche nach Kooperationspartnern durchgef\u00fchrt werden, um die Praxistauglichkeit der vorgeschlagenen Strategien (Forschung und Transfer) zu untersuchen. Hierf\u00fcr sind koordinierte Ver\u00f6ffentlichungen und die entsprechende \u00d6ffentlichkeitsarbeit notwendig. Die proaktive Kontaktierung von m\u00f6glichen Partnern zur Auslotung m\u00f6glicher Kooperationen bildet dabei einen wichtigen Bestandteil. Es soll mit mindestens einem Partner modellhaft ein Projekt geplant und ggf. auch durchgef\u00fchrt werden, so dass die notwendigen Rahmenbedingungen und Prozesse aufgebaut und untersucht werden k\u00f6nnen. Im Ziel soll ein <em>Leitfaden f\u00fcr die Zusammenarbeit im Testfeld <\/em>entstehen.<\/p>\n<p style=\"text-align: justify;\">Die organisatorische Koordination muss sich mit den grundlegenden organisatorischen Rahmenbedingungen sowie dem rechtlichen Umfeld auseinandersetzen. So sind nat\u00fcrlich die einzelnen Tests im Testfeld zeitlich und r\u00e4umlich aufeinander abzustimmen und mit den Partnern in Luxemburg und Frankreich zu koordinieren.<\/p>\n\n<div class=\"wp-block-image\">\n<figure class=\"aligncenter size-large is-resized\"><a href=\"https:\/\/fgvt.htwsaar.de\/public\/wp-content\/uploads\/2019\/01\/Arbeitsfelder.jpg\"><img loading=\"lazy\" decoding=\"async\" src=\"https:\/\/fgvt.htwsaar.de\/site\/wp-content\/uploads\/2020\/03\/Arbeitsfelder-1024x525.jpg\" alt=\"\" class=\"wp-image-1546\" width=\"739\" height=\"379\" srcset=\"https:\/\/fgvt.htwsaar.de\/site\/wp-content\/uploads\/2020\/03\/Arbeitsfelder-1024x525.jpg 1024w, https:\/\/fgvt.htwsaar.de\/site\/wp-content\/uploads\/2020\/03\/Arbeitsfelder-300x154.jpg 300w, https:\/\/fgvt.htwsaar.de\/site\/wp-content\/uploads\/2020\/03\/Arbeitsfelder-768x393.jpg 768w, https:\/\/fgvt.htwsaar.de\/site\/wp-content\/uploads\/2020\/03\/Arbeitsfelder.jpg 1144w\" sizes=\"auto, (max-width: 739px) 100vw, 739px\" \/><\/a><figcaption><center>Arbeitsfelder<\/center><\/figcaption><\/figure>\n<\/div>\n\n\n<hr class=\"wp-block-separator has-css-opacity\"\/>\n\n\n\n<p><strong>Sachbericht<\/strong> <\/p>\n\n\n\n<div data-wp-interactive=\"core\/file\" class=\"wp-block-file\"><object data-wp-bind--hidden=\"!state.hasPdfPreview\" hidden class=\"wp-block-file__embed\" data=\"https:\/\/fgvt.htwsaar.de\/site\/wp-content\/uploads\/2022\/11\/SaarMos_ITS_Sachbericht_2022.pdf\" type=\"application\/pdf\" style=\"width:100%;height:600px\" aria-label=\"Einbettung von Einbettung von SaarMos_ITS_Sachbericht_2022..\"><\/object><a id=\"wp-block-file--media-3a2388ed-cdf6-430f-9ac8-42043ec286cb\" href=\"https:\/\/fgvt.htwsaar.de\/site\/wp-content\/uploads\/2022\/11\/SaarMos_ITS_Sachbericht_2022.pdf\">SaarMos_ITS_Sachbericht_2022<\/a><a href=\"https:\/\/fgvt.htwsaar.de\/site\/wp-content\/uploads\/2022\/11\/SaarMos_ITS_Sachbericht_2022.pdf\" class=\"wp-block-file__button\" download aria-describedby=\"wp-block-file--media-3a2388ed-cdf6-430f-9ac8-42043ec286cb\">Herunterladen<\/a><\/div>\n\n\n\n<p><strong>Projektlaufzeit<\/strong><br>01.03.2019 bis 30.05.2022 <\/p>\n\n\n\n<p><strong>gef\u00f6rdert von:<\/strong><\/p>\n\n\n<div class=\"wp-block-image\">\n<figure class=\"alignleft size-large\"><a href=\"https:\/\/www.saarland.de\/staatskanzlei.htm\" target=\"_blank\" rel=\"noreferrer noopener\"><img loading=\"lazy\" decoding=\"async\" width=\"255\" height=\"81\" src=\"https:\/\/fgvt.htwsaar.de\/site\/wp-content\/uploads\/2020\/03\/stk-1-1.png\" alt=\"\" class=\"wp-image-1549\"\/><\/a><\/figure>\n<\/div>","protected":false},"excerpt":{"rendered":"<p>Ziel: Hauptziel ist die Entwicklung einer nachhaltigen Strategie f\u00fcr das saarl\u00e4ndische ITS Testfeld Merzig (ITeM). Hierbei geht es nicht nur darum, M\u00f6glichkeiten f\u00fcr weitere zuk\u00fcnftige Forschungen zu schaffen, sondern auch die Wirtschaft der Gro\u00dfregion in die Forschung und durch Wissenstransfer einzubinden. Tats\u00e4chlich sind die gegenseitige Unterst\u00fctzung von Wirtschaft, Wissenschaft und [&hellip;]<\/p>\n","protected":false},"author":2,"featured_media":0,"parent":0,"menu_order":0,"comment_status":"closed","ping_status":"closed","template":"","meta":{"footnotes":""},"class_list":["post-186","page","type-page","status-publish","hentry"],"_links":{"self":[{"href":"https:\/\/fgvt.htwsaar.de\/site\/wp-json\/wp\/v2\/pages\/186","targetHints":{"allow":["GET"]}}],"collection":[{"href":"https:\/\/fgvt.htwsaar.de\/site\/wp-json\/wp\/v2\/pages"}],"about":[{"href":"https:\/\/fgvt.htwsaar.de\/site\/wp-json\/wp\/v2\/types\/page"}],"author":[{"embeddable":true,"href":"https:\/\/fgvt.htwsaar.de\/site\/wp-json\/wp\/v2\/users\/2"}],"replies":[{"embeddable":true,"href":"https:\/\/fgvt.htwsaar.de\/site\/wp-json\/wp\/v2\/comments?post=186"}],"version-history":[{"count":10,"href":"https:\/\/fgvt.htwsaar.de\/site\/wp-json\/wp\/v2\/pages\/186\/revisions"}],"predecessor-version":[{"id":2797,"href":"https:\/\/fgvt.htwsaar.de\/site\/wp-json\/wp\/v2\/pages\/186\/revisions\/2797"}],"wp:attachment":[{"href":"https:\/\/fgvt.htwsaar.de\/site\/wp-json\/wp\/v2\/media?parent=186"}],"curies":[{"name":"wp","href":"https:\/\/api.w.org\/{rel}","templated":true}]}}