{"id":1803,"date":"2020-07-29T16:01:06","date_gmt":"2020-07-29T14:01:06","guid":{"rendered":"https:\/\/fgvt.htwsaar.de\/site\/?page_id=1803"},"modified":"2022-01-12T19:16:55","modified_gmt":"2022-01-12T18:16:55","slug":"flowpro-2020-2023","status":"publish","type":"page","link":"https:\/\/fgvt.htwsaar.de\/site\/flowpro-2020-2023\/","title":{"rendered":"FlowPro (2020-2023)"},"content":{"rendered":"\n<figure class=\"wp-block-image size-large\"><img loading=\"lazy\" decoding=\"async\" width=\"1024\" height=\"268\" src=\"https:\/\/fgvt.htwsaar.de\/site\/wp-content\/uploads\/2020\/09\/flowpro_logo_de-1024x268.jpg\" alt=\"\" class=\"wp-image-1916\" srcset=\"https:\/\/fgvt.htwsaar.de\/site\/wp-content\/uploads\/2020\/09\/flowpro_logo_de-1024x268.jpg 1024w, https:\/\/fgvt.htwsaar.de\/site\/wp-content\/uploads\/2020\/09\/flowpro_logo_de-300x78.jpg 300w, https:\/\/fgvt.htwsaar.de\/site\/wp-content\/uploads\/2020\/09\/flowpro_logo_de-768x201.jpg 768w, https:\/\/fgvt.htwsaar.de\/site\/wp-content\/uploads\/2020\/09\/flowpro_logo_de-1536x402.jpg 1536w, https:\/\/fgvt.htwsaar.de\/site\/wp-content\/uploads\/2020\/09\/flowpro_logo_de.jpg 2000w\" sizes=\"auto, (max-width: 1024px) 100vw, 1024px\" \/><\/figure>\n\n\n\n<p>Im Zuge der Digitalisierung in Wirtschaft und Industrie ist die Logistikbranche heute zunehmend damit konfrontiert, immer kleinere St\u00fcckmengen und Losgr\u00f6\u00dfen transportieren zu m\u00fcssen. Konventionelle Logistiksysteme sind f\u00fcr diese Anforderungen nicht ausgelegt. Deshalb bringt der Transport von kleinen Losgr\u00f6\u00dfen hohe Kosten mit sich. Auch die praktizierte Ansammlung von kleinen Losgr\u00f6\u00dfen zu gr\u00f6\u00dferen Einheiten erf\u00fcllt die Anforderungen nicht \u2013 es entstehen zus\u00e4tzliche Lagerkosten. Dar\u00fcber hinaus wird der Anspruch an den Faktor Zeit immer teurer.<\/p>\n\n\n\n<p>FlowPro erprobt und realisiert die Mikrologistik der Zukunft bis zur Losgr\u00f6\u00dfe 1 durch den flexiblen, KI-basierten Einsatz dezentral organisierter, boden- und luftgebundener autonomer F\u00f6rdereinheiten. Ziel ist die prototypische Entwicklung eines sich selbst optimierenden, unternehmens\u00fcbergreifend agierenden, dezentralen Logistiknetzwerks, das boden- und luftgebundene Transporteinheiten kollaborativ vereint. Ein besonderes Augenmerk wird dabei unter anderem auch auf die Einbeziehung eines ERP-Systems sowie Ende-zu-Ende Security gelegt.<\/p>\n\n\n\n<figure class=\"wp-block-image size-large\"><img loading=\"lazy\" decoding=\"async\" width=\"1024\" height=\"525\" src=\"https:\/\/fgvt.htwsaar.de\/site\/wp-content\/uploads\/2020\/07\/FlowPro_de-1024x525.jpg\" alt=\"\" class=\"wp-image-1805\" srcset=\"https:\/\/fgvt.htwsaar.de\/site\/wp-content\/uploads\/2020\/07\/FlowPro_de-1024x525.jpg 1024w, https:\/\/fgvt.htwsaar.de\/site\/wp-content\/uploads\/2020\/07\/FlowPro_de-300x154.jpg 300w, https:\/\/fgvt.htwsaar.de\/site\/wp-content\/uploads\/2020\/07\/FlowPro_de-768x394.jpg 768w, https:\/\/fgvt.htwsaar.de\/site\/wp-content\/uploads\/2020\/07\/FlowPro_de.jpg 1460w\" sizes=\"auto, (max-width: 1024px) 100vw, 1024px\" \/><figcaption>Grafik FHWS \/ Sabine Manger<\/figcaption><\/figure>\n\n\n\n<p>Die htw saar mit der Forschungsgruppe Verkehrstelematik (FGVT) von Prof. Dr.-Ing. Horst Wieker ist f\u00fcr das Design der Kommunikationsarchitektur auf Basis von 5G-Mobilfunk und der direkten Kommunikation zwischen den Transportmitteln (Drohnen, Flurf\u00f6rderzeuge, Logistikinfrastruktur) \u00fcber C-V2X (Technologie f\u00fcr die Vernetzung im Verkehrsbereich) verantwortlich. Die FGVT leitet die Gesamtsystemintegration und die Evaluation und ist verantwortlich f\u00fcr die Demonstration. Neben dem prototypischen Aufbau der technischen Systeme (insbesondere der Drohnen) ist die FGVT auch an der Konzeption von Gesch\u00e4ftsmodellen beteiligt und f\u00fchrt die Berechnung der CO<sub>2<\/sub>-Emissionensauswirkungen der entwickelten Logistikl\u00f6sungen durch.<\/p>\n\n\n\n<p>Weitere Informationen und Projektergebnisse: <a href=\"https:\/\/www.flow-pro.de\">https:\/\/www.flow-pro.de<\/a><\/p>\n\n\n\n<p><strong>Projektlaufzeit<\/strong><\/p>\n\n\n\n<p>01.07.2020 bis 31.06.2023 (36 Monate)<\/p>\n\n\n\n<p><\/p>\n\n\n\n<p><strong>Projektpartner<\/strong><\/p>\n\n\n\n<div class=\"wp-block-columns is-layout-flex wp-container-core-columns-is-layout-28f84493 wp-block-columns-is-layout-flex\">\n<div class=\"wp-block-column is-layout-flow wp-block-column-is-layout-flow\">\n<div class=\"wp-block-image\"><figure class=\"aligncenter size-large is-resized\"><img loading=\"lazy\" decoding=\"async\" src=\"https:\/\/fgvt.htwsaar.de\/site\/wp-content\/uploads\/2020\/07\/ASTIInsystems_de.jpg\" alt=\"\" class=\"wp-image-1798\" width=\"355\" height=\"61\" srcset=\"https:\/\/fgvt.htwsaar.de\/site\/wp-content\/uploads\/2020\/07\/ASTIInsystems_de.jpg 508w, https:\/\/fgvt.htwsaar.de\/site\/wp-content\/uploads\/2020\/07\/ASTIInsystems_de-300x52.jpg 300w\" sizes=\"auto, (max-width: 355px) 100vw, 355px\" \/><\/figure><\/div>\n\n\n\n<div class=\"wp-block-image\"><figure class=\"aligncenter size-large is-resized\"><img loading=\"lazy\" decoding=\"async\" src=\"https:\/\/fgvt.htwsaar.de\/site\/wp-content\/uploads\/2020\/07\/fhws_de-1024x493.png\" alt=\"\" class=\"wp-image-1791\" width=\"137\" height=\"66\" srcset=\"https:\/\/fgvt.htwsaar.de\/site\/wp-content\/uploads\/2020\/07\/fhws_de-1024x493.png 1024w, https:\/\/fgvt.htwsaar.de\/site\/wp-content\/uploads\/2020\/07\/fhws_de-300x144.png 300w, https:\/\/fgvt.htwsaar.de\/site\/wp-content\/uploads\/2020\/07\/fhws_de-768x370.png 768w, https:\/\/fgvt.htwsaar.de\/site\/wp-content\/uploads\/2020\/07\/fhws_de-1536x739.png 1536w, https:\/\/fgvt.htwsaar.de\/site\/wp-content\/uploads\/2020\/07\/fhws_de.png 1920w\" sizes=\"auto, (max-width: 137px) 100vw, 137px\" \/><\/figure><\/div>\n\n\n\n<p><\/p>\n<\/div>\n\n\n\n<div class=\"wp-block-column is-vertically-aligned-top is-layout-flow wp-block-column-is-layout-flow\">\n<figure class=\"wp-block-image size-large is-resized\"><img loading=\"lazy\" decoding=\"async\" src=\"https:\/\/fgvt.htwsaar.de\/site\/wp-content\/uploads\/2020\/07\/emqopter_de.jpg\" alt=\"\" class=\"wp-image-1788\" width=\"245\" height=\"50\" srcset=\"https:\/\/fgvt.htwsaar.de\/site\/wp-content\/uploads\/2020\/07\/emqopter_de.jpg 794w, https:\/\/fgvt.htwsaar.de\/site\/wp-content\/uploads\/2020\/07\/emqopter_de-300x62.jpg 300w, https:\/\/fgvt.htwsaar.de\/site\/wp-content\/uploads\/2020\/07\/emqopter_de-768x160.jpg 768w\" sizes=\"auto, (max-width: 245px) 100vw, 245px\" \/><\/figure>\n\n\n\n<div class=\"wp-block-image\"><figure class=\"aligncenter size-large is-resized\"><img loading=\"lazy\" decoding=\"async\" src=\"https:\/\/fgvt.htwsaar.de\/site\/wp-content\/uploads\/2020\/02\/siemens-1024x233.jpg\" alt=\"\" class=\"wp-image-1087\" width=\"154\" height=\"35\" srcset=\"https:\/\/fgvt.htwsaar.de\/site\/wp-content\/uploads\/2020\/02\/siemens-1024x233.jpg 1024w, https:\/\/fgvt.htwsaar.de\/site\/wp-content\/uploads\/2020\/02\/siemens-300x68.jpg 300w, https:\/\/fgvt.htwsaar.de\/site\/wp-content\/uploads\/2020\/02\/siemens-768x175.jpg 768w, https:\/\/fgvt.htwsaar.de\/site\/wp-content\/uploads\/2020\/02\/siemens-1536x349.jpg 1536w, https:\/\/fgvt.htwsaar.de\/site\/wp-content\/uploads\/2020\/02\/siemens-2048x466.jpg 2048w\" sizes=\"auto, (max-width: 154px) 100vw, 154px\" \/><\/figure><\/div>\n<\/div>\n\n\n\n<div class=\"wp-block-column is-layout-flow wp-block-column-is-layout-flow\">\n<div class=\"wp-block-image\"><figure class=\"aligncenter size-large is-resized\"><img loading=\"lazy\" decoding=\"async\" src=\"https:\/\/fgvt.htwsaar.de\/site\/wp-content\/uploads\/2020\/07\/flexus_de-1024x272.png\" alt=\"\" class=\"wp-image-1792\" width=\"173\" height=\"45\" srcset=\"https:\/\/fgvt.htwsaar.de\/site\/wp-content\/uploads\/2020\/07\/flexus_de-1024x272.png 1024w, https:\/\/fgvt.htwsaar.de\/site\/wp-content\/uploads\/2020\/07\/flexus_de-300x80.png 300w, https:\/\/fgvt.htwsaar.de\/site\/wp-content\/uploads\/2020\/07\/flexus_de-768x204.png 768w, https:\/\/fgvt.htwsaar.de\/site\/wp-content\/uploads\/2020\/07\/flexus_de.png 1432w\" sizes=\"auto, (max-width: 173px) 100vw, 173px\" \/><\/figure><\/div>\n\n\n\n<p><\/p>\n<\/div>\n<\/div>\n\n\n\n<p><strong>Gef\u00f6rdert durch:<\/strong><\/p>\n\n\n\n<div class=\"wp-block-columns is-layout-flex wp-container-core-columns-is-layout-28f84493 wp-block-columns-is-layout-flex\">\n<div class=\"wp-block-column is-vertically-aligned-center is-layout-flow wp-block-column-is-layout-flow\">\n<p> <\/p>\n\n\n\n<div class=\"wp-block-image\"><figure class=\"aligncenter size-large is-resized\"><img loading=\"lazy\" decoding=\"async\" src=\"https:\/\/fgvt.htwsaar.de\/site\/wp-content\/uploads\/2020\/07\/mFUND_de.png\" alt=\"\" class=\"wp-image-1794\" width=\"232\" height=\"78\" srcset=\"https:\/\/fgvt.htwsaar.de\/site\/wp-content\/uploads\/2020\/07\/mFUND_de.png 833w, https:\/\/fgvt.htwsaar.de\/site\/wp-content\/uploads\/2020\/07\/mFUND_de-300x101.png 300w, https:\/\/fgvt.htwsaar.de\/site\/wp-content\/uploads\/2020\/07\/mFUND_de-768x258.png 768w\" sizes=\"auto, (max-width: 232px) 100vw, 232px\" \/><\/figure><\/div>\n<\/div>\n\n\n\n<div class=\"wp-block-column is-layout-flow wp-block-column-is-layout-flow\">\n<figure class=\"wp-block-image size-large is-resized\"><img loading=\"lazy\" decoding=\"async\" src=\"https:\/\/fgvt.htwsaar.de\/site\/wp-content\/uploads\/2022\/01\/BMDV_DE-1004x1024.png\" alt=\"\" class=\"wp-image-2336\" width=\"251\" height=\"256\" srcset=\"https:\/\/fgvt.htwsaar.de\/site\/wp-content\/uploads\/2022\/01\/BMDV_DE-1004x1024.png 1004w, https:\/\/fgvt.htwsaar.de\/site\/wp-content\/uploads\/2022\/01\/BMDV_DE-294x300.png 294w, https:\/\/fgvt.htwsaar.de\/site\/wp-content\/uploads\/2022\/01\/BMDV_DE-768x784.png 768w, https:\/\/fgvt.htwsaar.de\/site\/wp-content\/uploads\/2022\/01\/BMDV_DE.png 1372w\" sizes=\"auto, (max-width: 251px) 100vw, 251px\" \/><\/figure>\n<\/div>\n<\/div>\n\n\n\n<p><\/p>\n","protected":false},"excerpt":{"rendered":"<p>Im Zuge der Digitalisierung in Wirtschaft und Industrie ist die Logistikbranche heute zunehmend damit konfrontiert, immer kleinere St\u00fcckmengen und Losgr\u00f6\u00dfen transportieren zu m\u00fcssen. Konventionelle Logistiksysteme sind f\u00fcr diese Anforderungen nicht ausgelegt. Deshalb bringt der Transport von kleinen Losgr\u00f6\u00dfen hohe Kosten mit sich. Auch die praktizierte Ansammlung von kleinen Losgr\u00f6\u00dfen zu [&hellip;]<\/p>\n","protected":false},"author":16,"featured_media":0,"parent":0,"menu_order":0,"comment_status":"closed","ping_status":"closed","template":"","meta":{"footnotes":""},"class_list":["post-1803","page","type-page","status-publish","hentry"],"_links":{"self":[{"href":"https:\/\/fgvt.htwsaar.de\/site\/wp-json\/wp\/v2\/pages\/1803","targetHints":{"allow":["GET"]}}],"collection":[{"href":"https:\/\/fgvt.htwsaar.de\/site\/wp-json\/wp\/v2\/pages"}],"about":[{"href":"https:\/\/fgvt.htwsaar.de\/site\/wp-json\/wp\/v2\/types\/page"}],"author":[{"embeddable":true,"href":"https:\/\/fgvt.htwsaar.de\/site\/wp-json\/wp\/v2\/users\/16"}],"replies":[{"embeddable":true,"href":"https:\/\/fgvt.htwsaar.de\/site\/wp-json\/wp\/v2\/comments?post=1803"}],"version-history":[{"count":22,"href":"https:\/\/fgvt.htwsaar.de\/site\/wp-json\/wp\/v2\/pages\/1803\/revisions"}],"predecessor-version":[{"id":2344,"href":"https:\/\/fgvt.htwsaar.de\/site\/wp-json\/wp\/v2\/pages\/1803\/revisions\/2344"}],"wp:attachment":[{"href":"https:\/\/fgvt.htwsaar.de\/site\/wp-json\/wp\/v2\/media?parent=1803"}],"curies":[{"name":"wp","href":"https:\/\/api.w.org\/{rel}","templated":true}]}}