{"id":17,"date":"2019-06-28T15:14:01","date_gmt":"2019-06-28T13:14:01","guid":{"rendered":"https:\/\/fgvt.htwsaar.de\/site\/?page_id=17"},"modified":"2020-11-26T08:51:49","modified_gmt":"2020-11-26T07:51:49","slug":"forschung","status":"publish","type":"page","link":"https:\/\/fgvt.htwsaar.de\/site\/forschung\/","title":{"rendered":"Forschung"},"content":{"rendered":"\n<figure class=\"wp-block-image\"><img loading=\"lazy\" decoding=\"async\" width=\"1024\" height=\"542\" src=\"https:\/\/fgvt.htwsaar.de\/site\/wp-content\/uploads\/2019\/09\/Historie_KommunikationArchitektur_de-1024x542.jpg\" alt=\"Kommunikation &amp; Architektur\" class=\"wp-image-676\" srcset=\"https:\/\/fgvt.htwsaar.de\/site\/wp-content\/uploads\/2019\/09\/Historie_KommunikationArchitektur_de-1024x542.jpg 1024w, https:\/\/fgvt.htwsaar.de\/site\/wp-content\/uploads\/2019\/09\/Historie_KommunikationArchitektur_de-300x159.jpg 300w, https:\/\/fgvt.htwsaar.de\/site\/wp-content\/uploads\/2019\/09\/Historie_KommunikationArchitektur_de-768x407.jpg 768w, https:\/\/fgvt.htwsaar.de\/site\/wp-content\/uploads\/2019\/09\/Historie_KommunikationArchitektur_de.jpg 1446w\" sizes=\"auto, (max-width: 1024px) 100vw, 1024px\" \/><\/figure>\n\n\n\n<p>Die Forschungsgruppe Verkehrstelematik (FGVT) besch\u00e4ftigt sich im Allgemeinen mit dem Einsatz von Informations- und Kommunikationssystemen in Fahrzeugen. Als Mitglied in entsprechenden Arbeitsgruppen von ETSI-ITS und im sogenannten Car to Car Communication Consortium (C2C-CC) befasst sich die Forschungsgruppe haupts\u00e4chlich mit dem Einsatz telematischer Systeme zur Erh\u00f6hung von Verkehrssicherheit und Verkehrseffizienz. Zu diesem Zweck wurden bereits in der Vergangenheit umfangreiche Projekte, wie zum Beispiel sim<sup>TD<\/sup>,&nbsp;CONVERGE u.a., in Kooperation mit namhaften Forschungseinrichtungen und Automobilherstellern realisiert.<\/p>\n\n\n\n<p>Neben der kommunikationsinformatischen Kompetenz im Bereich ITS, Elektromobilit\u00e4t und automatisches Fahren zeichnet sich die Forschungsgruppe vor allem durch ihre Verkehrs- und Wirtschaftskompetenz aus. Aktuelle Projekte und Forschungsbem\u00fchungen erweitern diese um sozio- und techno-\u00f6konomische, psychologische und energie\u00f6konomische Aspekte, sodass die Transdisziplinarit\u00e4t und die F\u00e4higkeit zur Koordinierung von Querschnittsprojekten zu den St\u00e4rken der FGVT geworden sind.<\/p>\n\n\n\n<p>Die Forschungsgruppe Verkehrstelematik hat zudem langj\u00e4hrige Erfahrung im Akquirieren und Leiten von Bundes- und EU Projekten.&nbsp; <\/p>\n\n\n\n<figure class=\"wp-block-image size-large\"><img loading=\"lazy\" decoding=\"async\" width=\"1024\" height=\"519\" src=\"https:\/\/fgvt.htwsaar.de\/site\/wp-content\/uploads\/2020\/11\/Projekte_zeitliche_uebersicht_de-1024x519.jpg\" alt=\"\" class=\"wp-image-1985\" srcset=\"https:\/\/fgvt.htwsaar.de\/site\/wp-content\/uploads\/2020\/11\/Projekte_zeitliche_uebersicht_de-1024x519.jpg 1024w, https:\/\/fgvt.htwsaar.de\/site\/wp-content\/uploads\/2020\/11\/Projekte_zeitliche_uebersicht_de-300x152.jpg 300w, https:\/\/fgvt.htwsaar.de\/site\/wp-content\/uploads\/2020\/11\/Projekte_zeitliche_uebersicht_de-768x389.jpg 768w, https:\/\/fgvt.htwsaar.de\/site\/wp-content\/uploads\/2020\/11\/Projekte_zeitliche_uebersicht_de-1536x778.jpg 1536w, https:\/\/fgvt.htwsaar.de\/site\/wp-content\/uploads\/2020\/11\/Projekte_zeitliche_uebersicht_de-2048x1038.jpg 2048w\" sizes=\"auto, (max-width: 1024px) 100vw, 1024px\" \/><\/figure>\n\n\n\n<p><strong>Projekte<\/strong><\/p>\n\n\n\n<ul class=\"wp-block-list\"><li><a href=\"https:\/\/fgvt.htwsaar.de\/site\/flowpro-2020-2023\/\">FlowPro<\/a><\/li><li><a rel=\"noreferrer noopener\" aria-label=\"MOSAiK:D (\u00f6ffnet in neuem Tab)\" href=\"https:\/\/fgvt.htwsaar.de\/site\/en\/mosaikd-2020\/\" target=\"_blank\">MOSAiK:D<\/a><\/li><li><a rel=\"noreferrer noopener\" aria-label=\"FAST (\u00f6ffnet in neuem Tab)\" href=\"https:\/\/fgvt.htwsaar.de\/site\/fast\/\" target=\"_blank\">FAST<\/a><\/li><li><a rel=\"noreferrer noopener\" aria-label=\" (\u00f6ffnet in neuem Tab)\" href=\"https:\/\/fgvt.htwsaar.de\/site\/empower-2019-2021\/\" target=\"_blank\">EM:POWER<\/a>&nbsp;<\/li><li><a href=\"https:\/\/fgvt.htwsaar.de\/site\/saarmos-its-2019-2021\/\">SaarMoS-ITS&nbsp;<\/a><\/li><li><a href=\"https:\/\/fgvt.htwsaar.de\/site\/terminal-2019-2021\/\">TERMINAL&nbsp;<\/a><\/li><li><a href=\"https:\/\/fgvt.htwsaar.de\/site\/5gcroco-2018-2021\/\">5GCroCo&nbsp;<\/a><\/li><li><a href=\"https:\/\/fgvt.htwsaar.de\/site\/kantsaar-2018-2020\/\">kantSaar&nbsp;<\/a><\/li><li><a href=\"https:\/\/fgvt.htwsaar.de\/site\/kosmos-2017-2020\/\">KoSMoS&nbsp;<\/a><\/li><li><a href=\"https:\/\/fgvt.htwsaar.de\/site\/c-mobile-2017-2021\/\">C-MobILE<\/a>&nbsp;<\/li><li><a href=\"https:\/\/fgvt.htwsaar.de\/site\/5g-netmobil-2017-2020\/\">5G NetMobil<\/a>&nbsp;<\/li><li><a href=\"https:\/\/fgvt.htwsaar.de\/site\/ikopa-2015-2018\/\">iKoPA&nbsp;<\/a><\/li><li><a href=\"https:\/\/fgvt.htwsaar.de\/site\/no-limits-2015-2017\/\">No LimITS&nbsp;<\/a><\/li><li><a href=\"https:\/\/fgvt.htwsaar.de\/site\/frames-2012-2018\/\">FRAMES&nbsp;<\/a><\/li><li><a href=\"https:\/\/fgvt.htwsaar.de\/site\/converge-2012-2015\/\">CONVERGE<\/a><\/li><li><a href=\"https:\/\/fgvt.htwsaar.de\/site\/urban-2012-2015\/\">UR:BAN&nbsp;<\/a><\/li><li><a href=\"https:\/\/fgvt.htwsaar.de\/site\/simtd-2008-2012\/\">sim<\/a><sup><a href=\"https:\/\/fgvt.htwsaar.de\/site\/simtd-2008-2012\/\">TD<\/a><\/sup><a href=\"https:\/\/fgvt.htwsaar.de\/site\/simtd-2008-2012\/\">&nbsp;<\/a><\/li><li><a href=\"https:\/\/fgvt.htwsaar.de\/site\/aktiv-vm-2006-2010\/\">AKTIV-VM&nbsp;<\/a><\/li><li><a href=\"https:\/\/fgvt.htwsaar.de\/site\/cvis-2006-2010\/\">CVIS&nbsp;<\/a><\/li><li><a href=\"https:\/\/fgvt.htwsaar.de\/site\/prevent-willwarn-2004-2007\/\">PReVENT-WILLWARN<\/a>&nbsp;<\/li><\/ul>\n\n\n\n<p>zu den&nbsp;<a href=\"https:\/\/fgvt.htwsaar.de\/site\/veroeffentlichungen\/\">Ver\u00f6ffentlichungen<\/a><\/p>\n\n\n\n<p>zu den&nbsp;<a href=\"https:\/\/fgvt.htwsaar.de\/site\/dissertationen\/\">Dissertationen<\/a><\/p>\n\n\n\n<p>zu den&nbsp;<a href=\"https:\/\/fgvt.htwsaar.de\/site\/projektpartner\/\">Projektpartnern<\/a><\/p>\n\n\n\n<p><\/p>\n","protected":false},"excerpt":{"rendered":"<p>Die Forschungsgruppe Verkehrstelematik (FGVT) besch\u00e4ftigt sich im Allgemeinen mit dem Einsatz von Informations- und Kommunikationssystemen in Fahrzeugen. Als Mitglied in entsprechenden Arbeitsgruppen von ETSI-ITS und im sogenannten Car to Car Communication Consortium (C2C-CC) befasst sich die Forschungsgruppe haupts\u00e4chlich mit dem Einsatz telematischer Systeme zur Erh\u00f6hung von Verkehrssicherheit und Verkehrseffizienz. Zu [&hellip;]<\/p>\n","protected":false},"author":7,"featured_media":0,"parent":0,"menu_order":0,"comment_status":"closed","ping_status":"closed","template":"","meta":{"footnotes":""},"class_list":["post-17","page","type-page","status-publish","hentry"],"_links":{"self":[{"href":"https:\/\/fgvt.htwsaar.de\/site\/wp-json\/wp\/v2\/pages\/17","targetHints":{"allow":["GET"]}}],"collection":[{"href":"https:\/\/fgvt.htwsaar.de\/site\/wp-json\/wp\/v2\/pages"}],"about":[{"href":"https:\/\/fgvt.htwsaar.de\/site\/wp-json\/wp\/v2\/types\/page"}],"author":[{"embeddable":true,"href":"https:\/\/fgvt.htwsaar.de\/site\/wp-json\/wp\/v2\/users\/7"}],"replies":[{"embeddable":true,"href":"https:\/\/fgvt.htwsaar.de\/site\/wp-json\/wp\/v2\/comments?post=17"}],"version-history":[{"count":16,"href":"https:\/\/fgvt.htwsaar.de\/site\/wp-json\/wp\/v2\/pages\/17\/revisions"}],"predecessor-version":[{"id":1988,"href":"https:\/\/fgvt.htwsaar.de\/site\/wp-json\/wp\/v2\/pages\/17\/revisions\/1988"}],"wp:attachment":[{"href":"https:\/\/fgvt.htwsaar.de\/site\/wp-json\/wp\/v2\/media?parent=17"}],"curies":[{"name":"wp","href":"https:\/\/api.w.org\/{rel}","templated":true}]}}