{"id":1364,"date":"2020-03-19T15:06:47","date_gmt":"2020-03-19T14:06:47","guid":{"rendered":"https:\/\/fgvt.htwsaar.de\/site\/?page_id=1364"},"modified":"2022-01-12T19:15:48","modified_gmt":"2022-01-12T18:15:48","slug":"mosaikd","status":"publish","type":"page","link":"https:\/\/fgvt.htwsaar.de\/site\/mosaikd\/","title":{"rendered":"MOSAiK:D (2020-2021)"},"content":{"rendered":"\n<figure class=\"wp-block-image size-large is-resized\"><img loading=\"lazy\" decoding=\"async\" src=\"https:\/\/fgvt.htwsaar.de\/site\/wp-content\/uploads\/2020\/04\/MOSAik_D_Logo_de-1024x263.png\" alt=\"\" class=\"wp-image-1630\" width=\"400\" height=\"100\"\/><\/figure>\n\n\n\n<h2 class=\"wp-block-heading\">MOSAik:D &#8211; M2M-gest\u00fctzte Optimierung der Sicherheit in Arbeitsstellen k\u00fcrzerer Dauer<\/h2>\n\n\n\n<p>Ein Gro\u00dfteil der Ma\u00dfnahmen, die dem Betrieb und Unterhalt von Stra\u00dfen dienen (zum Beispiel kleinere Reparaturma\u00dfnahmen, Markierungsarbeiten, \u2026), werden im Rahmen von Arbeitsstellen k\u00fcrzerer Dauer (AkD), den sogenannten \u201eTagesbaustellen\u201c, durchgef\u00fchrt. Im Gegensatz zu Dauerbaustellen sind diese allerdings konzeptbedingt schlechter gesichert, statt massiver Schutzw\u00e4nde oder Leitplanken werden hier lediglich, je nach Tageszeit, Leitkegel oder Warnbaken genutzt, die praktisch keinen Schutz gegen durchbrechende Fahrzeuge bieten.<\/p>\n\n\n\n<figure class=\"wp-block-image size-large\"><img loading=\"lazy\" decoding=\"async\" width=\"1024\" height=\"264\" src=\"https:\/\/fgvt.htwsaar.de\/site\/wp-content\/uploads\/2020\/04\/Baustelle_de-1024x264.png\" alt=\"\" class=\"wp-image-1657\" srcset=\"https:\/\/fgvt.htwsaar.de\/site\/wp-content\/uploads\/2020\/04\/Baustelle_de-1024x264.png 1024w, https:\/\/fgvt.htwsaar.de\/site\/wp-content\/uploads\/2020\/04\/Baustelle_de-300x77.png 300w, https:\/\/fgvt.htwsaar.de\/site\/wp-content\/uploads\/2020\/04\/Baustelle_de-768x198.png 768w, https:\/\/fgvt.htwsaar.de\/site\/wp-content\/uploads\/2020\/04\/Baustelle_de.png 1158w\" sizes=\"auto, (max-width: 1024px) 100vw, 1024px\" \/><\/figure>\n\n\n\n<p>Zentrales Ziel des Vorhabens ist es daher, die Sicherheit in Arbeitsstellen k\u00fcrzerer Dauer  zu erh\u00f6hen, in erster Linie f\u00fcr das Baustellenpersonal, letztlich aber auch f\u00fcr alle anderen Verkehrsteilnehmer. Zu diesem Zweck muss zun\u00e4chst die Baustelle selbst vermessen, sowie im Anschluss die Bewegungen der Betriebsdienstmitarbeiter in Echtzeit verfolgt werden. Mit Hilfe dieser Informationen, sowie mit Informationen \u00fcber Fahrzeuge in der n\u00e4heren Umgebung (unter Benutzung standardisierter V2X-Nachrichten (CAM), die Bewegungsdaten der Fahrzeuge enthalten) k\u00f6nnen gef\u00e4hrliche Situationen fr\u00fchzeitig erkannt werden. Daraufhin kann eine Warnung, sowohl an den\/die gef\u00e4hrdeten Mitarbeiter als auch an sich n\u00e4hernde Fahrzeuge, verschickt werden, so dass rechtzeitig entsprechende Ma\u00dfnahmen getroffen werden k\u00f6nnen.<\/p>\n\n\n\n<p>Der Schwerpunkt der Arbeiten der FGVT liegt hier in den beiden Bereichen Vermessung\/Lokalisierung und Kommunikation\/Warnung.<\/p>\n\n\n\n<p>In einem ersten Schritt geht es darum, eine Lokalisationstechnologie zu finden, die den Anspr\u00fcchen m\u00f6glichst gerecht wird. Zentrale Kriterien sind hierbei Genauigkeit (da die Arbeiten nahe am flie\u00dfenden Verkehr durchgef\u00fchrt werden, werden hier Genauigkeiten bez\u00fcglich der Lokalisierung in der Gr\u00f6\u00dfenordnung von 10 cm gefordert), Praktikabilit\u00e4t (schneller Aufbau und Kalibrierung der Sensorik, da die Arbeitsstellen nur von k\u00fcrzerer Dauer sind, sowie m\u00f6glichst einfach zu handhabende pers\u00f6nliche Ausr\u00fcstung, um die Akzeptanz nicht zu gef\u00e4hrden), Zuverl\u00e4ssigkeit (auch zu viele Fehlalarme schaden der Akzeptanz), und ein vern\u00fcnftiges Kosten-Nutzen-Verh\u00e4ltnis. Nachdem diese Technologie gefunden ist, ist es dann auch Aufgabe der FGVT, diese m\u00f6glichst reibungsfrei in den Betriebsablauf zu integrieren.<\/p>\n\n\n\n<p>Im zweiten Bereich wird zun\u00e4chst eine Kommunikationsarchitektur entwickelt. Abh\u00e4ngig von der gew\u00e4hlten Lokalisationstechnologie m\u00fcssen die Positionsinformationen der Betriebsdienstmitarbeiter, zusammen mit den Bewegungsinformationen von sich n\u00e4hernden Fahrzeugen, zentral in einem \u201eBaustellencontroller\u201c gesammelt und dort verarbeitet werden. Wenn der Baustellencontroller eine Gefahr erkennt, werden sowohl an die Fahrzeuge (via V2X) als vor allem auch an die Arbeiter (via noch festzulegender Kommunikationstechnologie) noch genauer zu definierende Warnungen verschickt. <\/p>\n\n\n\n<p>Ein weiteres zu erwartendes Ergebnis ist, dass durch die genaue Vermessung der Baustellen, unabh\u00e4ngig von eventuellen Warnungen, die entsprechende Geometrie an ankommende Fahrzeuge verschickt werden kann. Dies ist vor allem hilfreich mit Blick auf das automatisierte Fahren, da es aktuell keine Beschilderung oder \u00e4hnliches gibt, die das Ende einer Baustelle anzeigen w\u00fcrde.<\/p>\n\n\n\n<h4 class=\"wp-block-heading\">Projektpartner:<\/h4>\n\n\n\n<figure class=\"wp-block-gallery columns-3 wp-block-gallery-1 is-layout-flex wp-block-gallery-is-layout-flex\"><ul class=\"blocks-gallery-grid\"><li class=\"blocks-gallery-item\"><figure><img loading=\"lazy\" decoding=\"async\" width=\"1024\" height=\"289\" src=\"https:\/\/fgvt.htwsaar.de\/site\/wp-content\/uploads\/2021\/09\/Die-Autobahn_Logo_Farbe_sRGB.png\" alt=\"\" data-id=\"2207\" data-full-url=\"https:\/\/fgvt.htwsaar.de\/site\/wp-content\/uploads\/2021\/09\/Die-Autobahn_Logo_Farbe_sRGB.png\" data-link=\"https:\/\/fgvt.htwsaar.de\/site\/mosaikd\/die-autobahn_logo_farbe_srgb\/\" class=\"wp-image-2207\" srcset=\"https:\/\/fgvt.htwsaar.de\/site\/wp-content\/uploads\/2021\/09\/Die-Autobahn_Logo_Farbe_sRGB.png 1024w, https:\/\/fgvt.htwsaar.de\/site\/wp-content\/uploads\/2021\/09\/Die-Autobahn_Logo_Farbe_sRGB-300x85.png 300w, https:\/\/fgvt.htwsaar.de\/site\/wp-content\/uploads\/2021\/09\/Die-Autobahn_Logo_Farbe_sRGB-768x217.png 768w\" sizes=\"auto, (max-width: 1024px) 100vw, 1024px\" \/><\/figure><\/li><li class=\"blocks-gallery-item\"><figure><img loading=\"lazy\" decoding=\"async\" width=\"500\" height=\"87\" src=\"https:\/\/fgvt.htwsaar.de\/site\/wp-content\/uploads\/2020\/04\/FH_Erfurt_Logo_de.png\" alt=\"\" data-id=\"1626\" data-full-url=\"https:\/\/fgvt.htwsaar.de\/site\/wp-content\/uploads\/2020\/04\/FH_Erfurt_Logo_de.png\" data-link=\"https:\/\/fgvt.htwsaar.de\/site\/fh_erfurt_logo_de\/\" class=\"wp-image-1626\" srcset=\"https:\/\/fgvt.htwsaar.de\/site\/wp-content\/uploads\/2020\/04\/FH_Erfurt_Logo_de.png 500w, https:\/\/fgvt.htwsaar.de\/site\/wp-content\/uploads\/2020\/04\/FH_Erfurt_Logo_de-300x52.png 300w\" sizes=\"auto, (max-width: 500px) 100vw, 500px\" \/><\/figure><\/li><li class=\"blocks-gallery-item\"><figure><img loading=\"lazy\" decoding=\"async\" width=\"955\" height=\"241\" src=\"https:\/\/fgvt.htwsaar.de\/site\/wp-content\/uploads\/2020\/04\/fgvt_logo_de.png\" alt=\"\" data-id=\"1625\" data-full-url=\"https:\/\/fgvt.htwsaar.de\/site\/wp-content\/uploads\/2020\/04\/fgvt_logo_de.png\" data-link=\"https:\/\/fgvt.htwsaar.de\/site\/fgvt_logo_de\/\" class=\"wp-image-1625\" srcset=\"https:\/\/fgvt.htwsaar.de\/site\/wp-content\/uploads\/2020\/04\/fgvt_logo_de.png 955w, https:\/\/fgvt.htwsaar.de\/site\/wp-content\/uploads\/2020\/04\/fgvt_logo_de-300x76.png 300w, https:\/\/fgvt.htwsaar.de\/site\/wp-content\/uploads\/2020\/04\/fgvt_logo_de-768x194.png 768w\" sizes=\"auto, (max-width: 955px) 100vw, 955px\" \/><\/figure><\/li><\/ul><\/figure>\n\n\n\n<h4 class=\"wp-block-heading\">Assoziierte Partner:<\/h4>\n\n\n\n<figure class=\"wp-block-gallery columns-2 wp-block-gallery-2 is-layout-flex wp-block-gallery-is-layout-flex\"><ul class=\"blocks-gallery-grid\"><li class=\"blocks-gallery-item\"><figure><img loading=\"lazy\" decoding=\"async\" width=\"150\" height=\"62\" src=\"https:\/\/fgvt.htwsaar.de\/site\/wp-content\/uploads\/2020\/04\/logo_nissen_de-e1587031220882.png\" alt=\"\" data-id=\"1629\" data-full-url=\"https:\/\/fgvt.htwsaar.de\/site\/wp-content\/uploads\/2020\/04\/logo_nissen_de-e1587031220882.png\" data-link=\"https:\/\/fgvt.htwsaar.de\/site\/logo_nissen_de\/\" class=\"wp-image-1629\"\/><\/figure><\/li><li class=\"blocks-gallery-item\"><figure><img loading=\"lazy\" decoding=\"async\" width=\"85\" height=\"85\" src=\"https:\/\/fgvt.htwsaar.de\/site\/wp-content\/uploads\/2020\/04\/logo_horizont_de-e1587031240436.png\" alt=\"\" data-id=\"1628\" data-full-url=\"https:\/\/fgvt.htwsaar.de\/site\/wp-content\/uploads\/2020\/04\/logo_horizont_de-e1587031240436.png\" data-link=\"https:\/\/fgvt.htwsaar.de\/site\/logo_horizont_de\/\" class=\"wp-image-1628\"\/><\/figure><\/li><\/ul><\/figure>\n\n\n\n<h4 class=\"wp-block-heading\">Projektlaufzeit:<\/h4>\n\n\n\n<p>2020-01-01 &#8211; 2022-04-30<\/p>\n\n\n\n<h4 class=\"wp-block-heading\">Gef\u00f6rdert von:<\/h4>\n\n\n\n<figure class=\"wp-block-image size-large is-resized\"><img loading=\"lazy\" decoding=\"async\" src=\"https:\/\/fgvt.htwsaar.de\/site\/wp-content\/uploads\/2022\/01\/BMDV_DE-1004x1024.png\" alt=\"\" class=\"wp-image-2336\" width=\"251\" height=\"256\" srcset=\"https:\/\/fgvt.htwsaar.de\/site\/wp-content\/uploads\/2022\/01\/BMDV_DE-1004x1024.png 1004w, https:\/\/fgvt.htwsaar.de\/site\/wp-content\/uploads\/2022\/01\/BMDV_DE-294x300.png 294w, https:\/\/fgvt.htwsaar.de\/site\/wp-content\/uploads\/2022\/01\/BMDV_DE-768x784.png 768w, https:\/\/fgvt.htwsaar.de\/site\/wp-content\/uploads\/2022\/01\/BMDV_DE.png 1372w\" sizes=\"auto, (max-width: 251px) 100vw, 251px\" \/><\/figure>\n","protected":false},"excerpt":{"rendered":"<p>MOSAik:D &#8211; M2M-gest\u00fctzte Optimierung der Sicherheit in Arbeitsstellen k\u00fcrzerer Dauer Ein Gro\u00dfteil der Ma\u00dfnahmen, die dem Betrieb und Unterhalt von Stra\u00dfen dienen (zum Beispiel kleinere Reparaturma\u00dfnahmen, Markierungsarbeiten, \u2026), werden im Rahmen von Arbeitsstellen k\u00fcrzerer Dauer (AkD), den sogenannten \u201eTagesbaustellen\u201c, durchgef\u00fchrt. Im Gegensatz zu Dauerbaustellen sind diese allerdings konzeptbedingt schlechter gesichert, [&hellip;]<\/p>\n","protected":false},"author":1,"featured_media":0,"parent":0,"menu_order":0,"comment_status":"closed","ping_status":"closed","template":"","meta":{"footnotes":""},"class_list":["post-1364","page","type-page","status-publish","hentry"],"_links":{"self":[{"href":"https:\/\/fgvt.htwsaar.de\/site\/wp-json\/wp\/v2\/pages\/1364","targetHints":{"allow":["GET"]}}],"collection":[{"href":"https:\/\/fgvt.htwsaar.de\/site\/wp-json\/wp\/v2\/pages"}],"about":[{"href":"https:\/\/fgvt.htwsaar.de\/site\/wp-json\/wp\/v2\/types\/page"}],"author":[{"embeddable":true,"href":"https:\/\/fgvt.htwsaar.de\/site\/wp-json\/wp\/v2\/users\/1"}],"replies":[{"embeddable":true,"href":"https:\/\/fgvt.htwsaar.de\/site\/wp-json\/wp\/v2\/comments?post=1364"}],"version-history":[{"count":12,"href":"https:\/\/fgvt.htwsaar.de\/site\/wp-json\/wp\/v2\/pages\/1364\/revisions"}],"predecessor-version":[{"id":2345,"href":"https:\/\/fgvt.htwsaar.de\/site\/wp-json\/wp\/v2\/pages\/1364\/revisions\/2345"}],"wp:attachment":[{"href":"https:\/\/fgvt.htwsaar.de\/site\/wp-json\/wp\/v2\/media?parent=1364"}],"curies":[{"name":"wp","href":"https:\/\/api.w.org\/{rel}","templated":true}]}}