{"id":13,"date":"2019-06-28T15:13:18","date_gmt":"2019-06-28T13:13:18","guid":{"rendered":"https:\/\/fgvt.htwsaar.de\/site\/?page_id=13"},"modified":"2021-01-29T09:27:25","modified_gmt":"2021-01-29T08:27:25","slug":"ueber-uns","status":"publish","type":"page","link":"https:\/\/fgvt.htwsaar.de\/site\/ueber-uns\/","title":{"rendered":"\u00dcber uns"},"content":{"rendered":"\n<h6 class=\"wp-block-heading\"><strong>&#8222;Telematik ist ein Kunstwort aus den Begriffen Telekommunikation und Informatik. Im Verkehrssektor dient Telematik (Verkehrstelematik, englisch ITS: Intelligent Transportation Systems) dazu, Verkehrsabl\u00e4ufe effizienter zu gestalten, die Verkehrssicherheit zu erh\u00f6hen, verkehrsbedingte Umweltbelastungen zu verringern sowie den Komfort zu erh\u00f6hen oder betriebliche Abl\u00e4ufe zu optimieren.&#8220; (BMVI)<\/strong><\/h6>\n\n\n\n<div class=\"wp-block-image\"><figure class=\"aligncenter\"><a href=\"https:\/\/fgvt.htwsaar.de\/public\/wp-content\/uploads\/2015\/06\/itsgrafik.jpg\"><img loading=\"lazy\" decoding=\"async\" width=\"940\" height=\"529\" src=\"https:\/\/fgvt.htwsaar.de\/site\/wp-content\/uploads\/2019\/07\/itsgrafik.jpg\" alt=\"\" class=\"wp-image-183\" srcset=\"https:\/\/fgvt.htwsaar.de\/site\/wp-content\/uploads\/2019\/07\/itsgrafik.jpg 940w, https:\/\/fgvt.htwsaar.de\/site\/wp-content\/uploads\/2019\/07\/itsgrafik-300x169.jpg 300w, https:\/\/fgvt.htwsaar.de\/site\/wp-content\/uploads\/2019\/07\/itsgrafik-768x432.jpg 768w\" sizes=\"auto, (max-width: 940px) 100vw, 940px\" \/><\/a><figcaption>CAR 2 CAR Communication Consortium, Telematik, Verkehr<\/figcaption><\/figure><\/div>\n\n\n\n<p><strong>Kurzbeschreibung:<\/strong><\/p>\n\n\n\n<p>Interdisziplinarit\u00e4t \u2013 Dieses Stichwort beschreibt die Forschungsgruppe Verkehrstelematik (FGVT) am besten. Als sie 2004 von Prof. Dr.-Ing. Horst Wieker gegr\u00fcndet wurde, waren Kommunikationssysteme zwischen Fahrzeugen, die so genannte Fahrzeug-zu-Fahrzeug Kommunikation (Vehicle-to-Vehicle V2V), der Arbeitsschwerpunkt. Fahrzeuge tauschen dabei beispielsweise Warnungen wegen schlechter Stra\u00dfenbedingungen (\u201evereiste Stra\u00dfe\u201c) oder dem bekannten \u201eStauende hinter einer Kurve\u201c untereinander aus. Durch die Erweiterung des Informationshorizontes des Fahrers tr\u00e4gt dies zur Erh\u00f6hung der Verkehrssicherheit, aber auch der Verkehrseffizienz bei. Bereits kurz nach der Gr\u00fcndung verschob sich der Schwerpunkt der FGVT von der V2V Kommunikation hin zur Kommunikation zwischen Fahrzeugen und der Verkehrsinfrastruktur (beides zusammen wird als Vehicle-to-X, V2X bezeichnet).<\/p>\n\n\n\n<p>Neben der kommunikationsinformatischen Kompetenz im Bereich intelligente Verkehrssysteme (Englisch: intelligent transportation systems, ITS), Elektromobilit\u00e4t und automatisiertes Fahren zeichnet sich die Forschungsgruppe vor allem durch ihre interdisziplin\u00e4re Mobilit\u00e4tskompetenz aus. Aktuelle Projekte und Forschungsbem\u00fchungen erweitern den bisherigen technischen Schwerpunkt um soziologische und \u00f6konomische, psychologische und energie\u00f6konomische Aspekte, so dass die Interdisziplinarit\u00e4t weiter gest\u00e4rkt wird. Dies schl\u00e4gt sich in den bearbeiteten Forschungsfragen nieder. Wurden zuvor prim\u00e4r technische L\u00f6sungen f\u00fcr Teilprobleme erarbeite, liegt der Fokus nun auf der Betrachtung von Wirkungen auf die Bev\u00f6lkerung und der sich daraus ergebenden Fragestellungen.<\/p>\n\n\n\n<p>Die Forschungsgruppe Verkehrstelematik besch\u00e4ftigt sich im Allgemeinen mit \u00fcbergreifenden Informations- und Kommunikationsarchitekturen. Zu dieser Thematik werden aktuell mehrere Projekte bearbeitet. Bereits in der Vergangenheit wurden umfangreiche Projekte, wie zum Beispiel \u201esim<sup>TD<\/sup>\u201c und \u201eCONVERGE\u201d, in Kooperation mit namhaften Forschungseinrichtungen und Automobilherstellern realisiert. \u00dcber die Forschung hinaus arbeitet die FGVT aktiv im \u201eCar 2 Car Communication Consortium\u201c (C2C-CC) mit sowie innerhalb der Standardisierung bei ETSI.<\/p>\n\n\n\n<p>Die Forschungsgruppe hat sich zum Ziel gesetzt, den Stra\u00dfenverkehr in Europa sicherer und effizienter zu gestalten.<\/p>\n\n\n\n<p>Die Forschungsgruppe Verkehrstelematik der htw saar hat jahrelange Erfahrung im Akquirieren und Leiten von Bundes- und EU-Projekten.&nbsp;Die Forschungsfelder der FGVT entwickelten sich von der reinen Technologieforschung zu einer wirkungszentrierten Forschung. Stand fr\u00fcher die Entwickelung neuer Algorithmen und Protokolle im Vordergrund, ist es heute die L\u00f6sung von Problemen im Mobilit\u00e4tsbereich durch Informations- und Kommunikationstechnologien.<\/p>\n\n\n\n<p>Neben dieser kommunikationsinformatischen Kompetenz im Bereich ITS, Elektromobilit\u00e4t und autonomen Fahren zeichnet sich die Forschungsgruppe vor allem durch ihre Verkehrs- und Wirtschaftskompetenz aus. Aktuelle Projekte und Forschungsbem\u00fchungen erweitern diese um sozio- und techno-\u00f6konomische, psychologische und energie\u00f6konomische Aspekte, so dass die Transdisziplinarit\u00e4t und die F\u00e4higkeit zur Koordinierung von Querschnittsprojekten zu den St\u00e4rken der FGVT geworden sind.<\/p>\n\n\n\n<div class=\"wp-block-image wp-image-2180 size-full\"><figure class=\"aligncenter\"><img loading=\"lazy\" decoding=\"async\" width=\"1024\" height=\"542\" src=\"https:\/\/fgvt.htwsaar.de\/site\/wp-content\/uploads\/2019\/09\/Historie_KommunikationArchitektur_de-1024x542.jpg\" alt=\"Kommunikation &amp; Architektur\" class=\"wp-image-676\" srcset=\"https:\/\/fgvt.htwsaar.de\/site\/wp-content\/uploads\/2019\/09\/Historie_KommunikationArchitektur_de-1024x542.jpg 1024w, https:\/\/fgvt.htwsaar.de\/site\/wp-content\/uploads\/2019\/09\/Historie_KommunikationArchitektur_de-300x159.jpg 300w, https:\/\/fgvt.htwsaar.de\/site\/wp-content\/uploads\/2019\/09\/Historie_KommunikationArchitektur_de-768x407.jpg 768w, https:\/\/fgvt.htwsaar.de\/site\/wp-content\/uploads\/2019\/09\/Historie_KommunikationArchitektur_de.jpg 1446w\" sizes=\"auto, (max-width: 1024px) 100vw, 1024px\" \/><\/figure><\/div>\n\n\n\n<p><strong>Projekthistorie<\/strong><\/p>\n\n\n\n<p>Nachdem die Forschungsgruppe durch das Projekt <em>PReVENT-WILLWARN<\/em> im Bereich Fahrzeug-zu-Fahrzeug (V2V) Kommunikation gestartet war, wurden durch nachfolgende Projekte neue Forschungsfelder erschlossen und der Forschungsschwerpunkt verschob sich als Abbild gesellschaftlicher Entwicklungen.<\/p>\n\n\n\n<p>So hat die Forschungsgruppe in mehreren Forschungsprojekten federf\u00fchrend an der Weiterentwicklung der V2X-Technologie mitgewirkt. Im gro\u00df angelegten Feldtest des Forschungsprojektes <em>sim<sup>TD<\/sup><\/em> war die FGVT verantwortlich f\u00fcr die gesamte Kommunikation \u00fcber die Infrastrukturkommunikationseinheiten (sog. Roadside Units, RSU) und den Mobilfunk. In diesem sechsmonatigen Feldversuch wurden mittels 120 Fahrzeugen und 103 RSU verschiedene V2X-Anwendungen in 1,5 Millionen Testkilometern validiert. Die Entwicklung und Verwaltung der RSU lag in der alleinigen Verantwortung der Forschungsgruppe.<\/p>\n\n\n\n<p>Im Forschungsprojekt <em>FRAMES<\/em> arbeitet die FGVT zusammen mit der Friedrich-Schiller-Universit\u00e4t Jena an einem kommunikationsgest\u00fctzten Assistenzsystem, das auch Fu\u00dfg\u00e4ngern aktiv beteiligt. Bisherige Systeme warnten das Fahrzeug, aber nicht den Fu\u00dfg\u00e4nger. In FRAMES dagegen werden alle Beteiligten gewarnt. Des Weiteren werden psychologische Modelle erstellt und zur Pr\u00e4diktion der Fu\u00dfg\u00e4ngerbewegung verwendet. Au\u00dferdem werden die Auswirkungen eines solchen Assistenzsystems auf das Verhalten von Fahrern und Fu\u00dfg\u00e4ngern analysiert.<\/p>\n\n\n\n<p>Mit dem Projekt <em>CONVERGE<\/em>, das Bestandteil der Hightech Strategie der Bundesregierung war, wurden in der FGVT zum ersten Mal nicht nur technische, sondern auch \u00f6konomische Fragestellungen bearbeitet. Das Projekt entwickelte einen sicheren, offenen Systemverbund, der die verschiedenen Kommunikations-, Dienste- und Organisationsarchitekturen verbindet. Hierbei wurden mit dem sogenannten \u201eInstitutionellen Rollenmodell\u201c Aspekte betrachtet, die sicherstellen, dass die entwickelte Architektur marktf\u00e4hig ist. CONVERGE bildet heute die Grundlage nationaler und internationaler Projekte, Architekturen und Produkte.<\/p>\n\n\n\n<p>Im Projekt <em>iKoPA<\/em> wird die Architektur aus CONVERGE in verschiedenen Dimensionen erweitert. Hier werden einerseits neue Kommunikationstechnologien integriert, um besser f\u00fcr die Herausforderungen der Elektromobilit\u00e4t und des automatisierten Fahrens ger\u00fcstet zu sein. Andererseits werden die Aspekte des Datenschutzes vertieft betrachtet, um eine Architektur zu entwickeln, die nicht nur den h\u00f6chsten Datenschutzanforderungen entspricht, sondern die Privatsph\u00e4re der Bev\u00f6lkerung noch dar\u00fcber hinaus sch\u00fctzt.<\/p>\n\n\n\n<p>Aktuell sind bei der FGVT 13 wissenschaftliche Mitarbeiter und 5 studentische Hilfskr\u00e4fte besch\u00e4ftigt. Insgesamt forschten bereits \u00fcber 20 wissenschaftliche Mitarbeiter und \u00fcber 30 Studierende bei der FGVT.<\/p>\n\n\n\n<p>Die FGVT bietet interessierten Studierenden die M\u00f6glichkeit, in einem innovativen Forschungsbereich industrienah und doch wissenschaftlich zu arbeiten. In diesem Rahmen k\u00f6nnen Praktika absolviert und Abschlussarbeiten erstellt werden. F\u00fcr die Abschlussarbeiten stehen Studierenden verschiedener Fachbereiche eine Vielzahl von Themen zur Auswahl.<\/p>\n\n\n\n<p><strong>Forschungsprojekte:<\/strong><\/p>\n\n\n\n<ul class=\"wp-block-list\"><li>2021 <a href=\"https:\/\/fgvt.htwsaar.de\/site\/kit2rad-2021-2\">kit2rad<\/a><\/li><li>2020-2023 <a href=\"https:\/\/fgvt.htwsaar.de\/site\/flowpro-2020-2023\/\">FlowPro<\/a> (gef\u00f6rdert durch das BMVI)<\/li><li>2020-2021 <a href=\"https:\/\/fgvt.htwsaar.de\/site\/mosaikd\/\">MOSAik:D<\/a> (gef\u00f6rdert durch das BMVI)<\/li><li>2019-2021 <a href=\"https:\/\/fgvt.htwsaar.de\/site\/saarmos-its-2019-2021\/\">SaarMoS-ITS<\/a> (gef\u00f6rdert durch die Staatskanzlei des Saarlandes)<\/li><li>2019-2021 <a rel=\"noreferrer noopener\" aria-label=\" (\u00f6ffnet in neuem Tab)\" href=\"https:\/\/fgvt.htwsaar.de\/site\/terminal-2019-2021\/\" target=\"_blank\">TERMINAL<\/a> (gef\u00f6rdert durch die EU)<\/li><li>2018-2021 <a rel=\"noreferrer noopener\" aria-label=\" (\u00f6ffnet in neuem Tab)\" href=\"https:\/\/fgvt.htwsaar.de\/site\/5gcroco-2018-2021\/\" target=\"_blank\">5GCroCo<\/a> (gef\u00f6rdert durch die EU)<\/li><li>2018-2020 <a rel=\"noreferrer noopener\" aria-label=\" (\u00f6ffnet in neuem Tab)\" href=\"https:\/\/fgvt.htwsaar.de\/site\/kantsaar-2018-2020\/\" target=\"_blank\">kantSaar<\/a> (gef\u00f6rdert durch das BMVI)<\/li><li>2017-2020 <a rel=\"noreferrer noopener\" aria-label=\" (\u00f6ffnet in neuem Tab)\" href=\"https:\/\/fgvt.htwsaar.de\/site\/kosmos-2017-2020\/\" target=\"_blank\">KoSMoS<\/a> (gef\u00f6rdert durch die EU\u00a0und die Staatskanzlei des Saarlandes)<\/li><li>2017-2020 <a rel=\"noreferrer noopener\" aria-label=\" (\u00f6ffnet in neuem Tab)\" href=\"https:\/\/fgvt.htwsaar.de\/site\/c-mobile-2017-2020\/\" target=\"_blank\">C-MobiLE<\/a> (gef\u00f6rdert durch die EU)<\/li><li>2017-2020 <a rel=\"noreferrer noopener\" aria-label=\" (\u00f6ffnet in neuem Tab)\" href=\"https:\/\/fgvt.htwsaar.de\/site\/5g-netmobil-2017-2020\/\" target=\"_blank\">5G NetMobil <\/a>(gef\u00f6rdert durch das BMBF)<\/li><li>2015-2018 <a rel=\"noreferrer noopener\" aria-label=\" (\u00f6ffnet in neuem Tab)\" href=\"https:\/\/fgvt.htwsaar.de\/site\/ikopa-2015-2018\/\" target=\"_blank\">iKoPA<\/a> (gef\u00f6rdert durch das BMBF)<\/li><li>2015-2017 <a rel=\"noreferrer noopener\" aria-label=\" (\u00f6ffnet in neuem Tab)\" href=\"https:\/\/fgvt.htwsaar.de\/site\/nolimits\/\" target=\"_blank\">No LimITS<\/a> (gef\u00f6rdert durch das BMVI)<\/li><li>2012-2018 <a rel=\"noreferrer noopener\" href=\"https:\/\/fgvt.htwsaar.de\/public\/index.php\/frames\/\" target=\"_blank\">FRAMES<\/a> (gef\u00f6rdert durch die DGUV)<\/li><li>2012-2015 <a rel=\"noreferrer noopener\" href=\"https:\/\/fgvt.htwsaar.de\/public\/index.php\/2012-2015-converge\/\" target=\"_blank\">CONVERGE<\/a> (gef\u00f6rdert durch das BMWi und das BMBF)<\/li><li>2012-2015 <a rel=\"noreferrer noopener\" href=\"https:\/\/fgvt.htwsaar.de\/public\/index.php\/2012-2015-urban\/\" target=\"_blank\">UR:BAN<\/a> (gef\u00f6rdert durch das BMWi)<\/li><li>2008-2012\u00a0<a rel=\"noreferrer noopener\" href=\"https:\/\/fgvt.htwsaar.de\/public\/index.php\/2008-2012-simtd\/\" target=\"_blank\">sim<sup>TD<\/sup><\/a> (gef\u00f6rdert durch das BMWi und das BMBF)<\/li><li>2006-2010 <a rel=\"noreferrer noopener\" href=\"https:\/\/fgvt.htwsaar.de\/public\/index.php\/2006-2010-aktiv-vm\/\" target=\"_blank\">AKTIV-VM<\/a> (gef\u00f6rdert durch das BMWi)<\/li><li>2006-2010 <a rel=\"noreferrer noopener\" href=\"https:\/\/fgvt.htwsaar.de\/public\/index.php\/2006-2010-cvis\/\" target=\"_blank\">CVIS<\/a> (gef\u00f6rdert durch die EU)<\/li><li>2004-2007 <a rel=\"noreferrer noopener\" href=\"https:\/\/fgvt.htwsaar.de\/public\/index.php\/2004-2007-prevent-willwarn\/\" target=\"_blank\">PReVENT-WILLWARN<\/a> (gef\u00f6rdert durch die EU)<\/li><\/ul>\n\n\n\n<p><strong> Mitarbeiter der FGVT: <\/strong><a href=\"https:\/\/fgvt.htwsaar.de\/site\/mitarbeiter\/\">weitere Informationen<\/a><\/p>\n\n\n\n<p><strong>Historie der FGVT:<\/strong> <a href=\"https:\/\/fgvt.htwsaar.de\/site\/historie\/\">weitere Informationen<\/a><\/p>\n\n\n\n<p><strong>Standort der FGVT:<\/strong> <a href=\"https:\/\/fgvt.htwsaar.de\/site\/standort\/\">weitere Informationen<\/a><\/p>\n","protected":false},"excerpt":{"rendered":"<p>&#8222;Telematik ist ein Kunstwort aus den Begriffen Telekommunikation und Informatik. Im Verkehrssektor dient Telematik (Verkehrstelematik, englisch ITS: Intelligent Transportation Systems) dazu, Verkehrsabl\u00e4ufe effizienter zu gestalten, die Verkehrssicherheit zu erh\u00f6hen, verkehrsbedingte Umweltbelastungen zu verringern sowie den Komfort zu erh\u00f6hen oder betriebliche Abl\u00e4ufe zu optimieren.&#8220; (BMVI) Kurzbeschreibung: Interdisziplinarit\u00e4t \u2013 Dieses Stichwort beschreibt [&hellip;]<\/p>\n","protected":false},"author":1,"featured_media":0,"parent":0,"menu_order":0,"comment_status":"closed","ping_status":"closed","template":"","meta":{"footnotes":""},"class_list":["post-13","page","type-page","status-publish","hentry"],"_links":{"self":[{"href":"https:\/\/fgvt.htwsaar.de\/site\/wp-json\/wp\/v2\/pages\/13","targetHints":{"allow":["GET"]}}],"collection":[{"href":"https:\/\/fgvt.htwsaar.de\/site\/wp-json\/wp\/v2\/pages"}],"about":[{"href":"https:\/\/fgvt.htwsaar.de\/site\/wp-json\/wp\/v2\/types\/page"}],"author":[{"embeddable":true,"href":"https:\/\/fgvt.htwsaar.de\/site\/wp-json\/wp\/v2\/users\/1"}],"replies":[{"embeddable":true,"href":"https:\/\/fgvt.htwsaar.de\/site\/wp-json\/wp\/v2\/comments?post=13"}],"version-history":[{"count":8,"href":"https:\/\/fgvt.htwsaar.de\/site\/wp-json\/wp\/v2\/pages\/13\/revisions"}],"predecessor-version":[{"id":2093,"href":"https:\/\/fgvt.htwsaar.de\/site\/wp-json\/wp\/v2\/pages\/13\/revisions\/2093"}],"wp:attachment":[{"href":"https:\/\/fgvt.htwsaar.de\/site\/wp-json\/wp\/v2\/media?parent=13"}],"curies":[{"name":"wp","href":"https:\/\/api.w.org\/{rel}","templated":true}]}}