{"id":1229,"date":"2020-03-02T13:35:25","date_gmt":"2020-03-02T12:35:25","guid":{"rendered":"https:\/\/fgvt.htwsaar.de\/site\/?page_id=1229"},"modified":"2020-03-06T11:51:15","modified_gmt":"2020-03-06T10:51:15","slug":"stellenangebot-studentische-wissenschaftliche-hilfskraft","status":"publish","type":"page","link":"https:\/\/fgvt.htwsaar.de\/site\/stellenangebot-studentische-wissenschaftliche-hilfskraft\/","title":{"rendered":"Stellenangebot studentische\/wissenschaftliche Hilfskraft"},"content":{"rendered":"\n<div class=\"wp-block-themeisle-blocks-advanced-columns has-1-columns has-desktop-equal-layout has-tablet-equal-layout has-mobile-equal-layout has-default-gap has-vertical-unset\" id=\"wp-block-themeisle-blocks-advanced-columns-91a08dd2\" style=\"border-width:0px;border-style:solid;border-color:#000000;border-radius:0px;justify-content:unset\"><div class=\"wp-themeisle-block-overlay\" style=\"opacity:0.5;mix-blend-mode:normal\"><\/div><div class=\"innerblocks-wrap\">\n<div class=\"wp-block-themeisle-blocks-advanced-column\" id=\"wp-block-themeisle-blocks-advanced-column-ec4e30dd\" style=\"border-width:0px;border-style:solid;border-color:#000000;border-radius:0px\">\n<p>Die Forschungsgruppe Verkehrstelematik (FGVT) unter Leitung von Prof. Dr.-Ing. Horst Wieker im Hochschultechnologiezentrum (HTZ) am InnovationsCampus Saar sucht zum n\u00e4chstm\u00f6glichen Zeitpunkt<\/p>\n\n\n\n<p><strong>eine wissenschaftliche Hilfskraft (13 h\/Woche)<\/strong><\/p>\n\n\n\n<p>zur Mitarbeit an den Forschungsprojekten KoSMoS (2017-2020) und EM:POWER (2019-2021).&nbsp;<\/p>\n\n\n\n<p><a href=\"https:\/\/fgvt.htwsaar.de\/site\/empower-2019-2021\/\">EM:POWER<\/a>\u00a0ist das Nachfolgeprojekt von\u00a0<a href=\"https:\/\/fgvt.htwsaar.de\/site\/kosmos-2017-2020\/\">KoSMoS\u00a0<\/a>und ist ein Pilotprojekt zur Erforschung der Alltagsnutzung eines wasserstoffbasierten E-Fahrzeugs im l\u00e4ndlichen Raum. Untersuchungsgegenst\u00e4nde eines Feldtests sind Fahrprofile, Mobilit\u00e4tsbed\u00fcrfnisse und Akzeptanzfaktoren von potentiellen, brennstoffzellenaffinen Nutzergruppen. Echtzeitfahrprofildaten der Fahrzeuge dienen der Datenfusion mit Nutzererfahrungen und der Visualisierung von CO<sub>2<\/sub>-Ersparnissen im Smart Mobility Atlas aus KoSMoS.<\/p>\n\n\n\n<p><strong>Das Aufgabengebiet umfasst:<\/strong><\/p>\n\n\n\n<ul class=\"wp-block-list\"><li>Web-, Literatur- und Datenbank-Recherche<\/li><li>Erstellen von Befragungen<\/li><li>Mitwirkung bei Analyseverfahren der Emissionsrechnung (CO<sub>2<\/sub>-Rechner)<\/li><li>Mitwirkung bei der Durchf\u00fchrung eines Feldversuches<\/li><li>ggf. Web-Integration und Anwendungsentwicklung<\/li><li>Organisatorische, kreative und inhaltliche Unterst\u00fctzung des Projektteams<\/li><\/ul>\n\n\n\n<p><strong>Was wir von Bewerbern oder Bewerberinnen erwarten:<\/strong><\/p>\n\n\n\n<ul class=\"wp-block-list\"><li>Bereits abgeschlossenes Bachelorstudium eines wirtschaftswissenschaftlichen Faches bzw. eines anderen Faches mit wirtschafts-, verkehrs- und\/oder sozialwissenschaftlichem Hintergrund<\/li><li>Sehr gute Kenntnisse MS Office (Word, Power Point und Excel)<\/li><li>Sehr gute Deutsch- und Englischkenntnisse<\/li><li>Erste Erfahrungen im empirischen und praktischen Arbeiten w\u00fcnschenswert<\/li><li>Die F\u00e4higkeit eigenverantwortlich, selbstst\u00e4ndig und gewissenhaft zu arbeiten<\/li><\/ul>\n\n\n\n<p><strong>Was wir bieten:<\/strong><\/p>\n\n\n\n<ul class=\"wp-block-list\"><li>Eigener Arbeitsplatz am attraktiven Standort InnovationsCampus Saar<\/li><li>Abwechslungsreiche T\u00e4tigkeiten und enge Zusammenarbeit im Forschungsteam<\/li><li>Ein hochmodernes Forschungsumfeld in einem gro\u00dfen Netzwerk renommierter Industrie- und Wissenschaftspartner<\/li><li>Mitarbeit an der Zukunft von der Digitalisierung bis hin zum hochautomatisierten Fahren<\/li><\/ul>\n\n\n\n<p>Die Forschungsgruppe Verkehrstelematik ist weiterhin bestrebt im Rahmen der Projekte auch Themen und Betreuung f\u00fcr studentische Abschlussarbeiten anzubieten.<\/p>\n\n\n\n<p>Wir freuen uns auf Ihre aussagef\u00e4hige Bewerbung.<\/p>\n\n\n\n<p>Bitte senden Sie Ihre Unterlagen (in Form einer\u00a0<strong>pdf-Datei<\/strong>) an<a href=\"silke.maringer@htwsaar.de\">\u00a0<strong>silke.maringer@htwsaar.de<\/strong><\/a>. F\u00fcr R\u00fcckfragen \/ Kontakt und weitere Informationen steht Ihnen Frau Maringer gerne zur Verf\u00fcgung<strong>.\u00a0<\/strong><\/p>\n<\/div>\n<\/div><\/div>\n","protected":false},"excerpt":{"rendered":"","protected":false},"author":5,"featured_media":0,"parent":0,"menu_order":0,"comment_status":"closed","ping_status":"closed","template":"","meta":{"footnotes":""},"class_list":["post-1229","page","type-page","status-publish","hentry"],"_links":{"self":[{"href":"https:\/\/fgvt.htwsaar.de\/site\/wp-json\/wp\/v2\/pages\/1229","targetHints":{"allow":["GET"]}}],"collection":[{"href":"https:\/\/fgvt.htwsaar.de\/site\/wp-json\/wp\/v2\/pages"}],"about":[{"href":"https:\/\/fgvt.htwsaar.de\/site\/wp-json\/wp\/v2\/types\/page"}],"author":[{"embeddable":true,"href":"https:\/\/fgvt.htwsaar.de\/site\/wp-json\/wp\/v2\/users\/5"}],"replies":[{"embeddable":true,"href":"https:\/\/fgvt.htwsaar.de\/site\/wp-json\/wp\/v2\/comments?post=1229"}],"version-history":[{"count":3,"href":"https:\/\/fgvt.htwsaar.de\/site\/wp-json\/wp\/v2\/pages\/1229\/revisions"}],"predecessor-version":[{"id":2102,"href":"https:\/\/fgvt.htwsaar.de\/site\/wp-json\/wp\/v2\/pages\/1229\/revisions\/2102"}],"wp:attachment":[{"href":"https:\/\/fgvt.htwsaar.de\/site\/wp-json\/wp\/v2\/media?parent=1229"}],"curies":[{"name":"wp","href":"https:\/\/api.w.org\/{rel}","templated":true}]}}